{"id":51142,"date":"2020-10-15T11:41:39","date_gmt":"2020-10-15T09:41:39","guid":{"rendered":"https:\/\/cndestetik.ch\/prodotto\/huile-corporelle-a-la-lavande\/"},"modified":"2022-11-15T17:03:15","modified_gmt":"2022-11-15T16:03:15","slug":"huile-de-carrosserie-lavande","status":"publish","type":"product","link":"https:\/\/cndestetik.ch\/fr\/prodotto\/huile-de-carrosserie-lavande\/","title":{"rendered":"Huile corporelle \u00e0 la lavande"},"content":{"rendered":"<p><span data-sheets-value=\"{\"1\":2,\"2\":\"Una coccola prima della buonanotte, rilassa il corpo e la mente grazie alla presenza della Lavanda che con le sue caratteristiche rilassanti aiuta e concilia il riposo.\\n\\nIdeale anche in caso di infiammazioni e-o arrossamenti cutanei.\\n\\nIngredienti 100% Organici e Naturali\\nVegan\\nCruelty Free\"}\" data-sheets-userformat=\"{\"2\":15297,\"3\":{\"1\":0},\"9\":0,\"10\":2,\"11\":0,\"12\":0,\"14\":{\"1\":2,\"2\":0},\"15\":\"Calibri\",\"16\":11}\">A c\u00e2liner avant de se coucher, il d\u00e9tend le corps et l&#8217;esprit gr\u00e2ce \u00e0 la pr\u00e9sence de la lavande, qui, par ses caract\u00e9ristiques relaxantes, aide et concilie le repos.<\/span><\/p>\n<p>Id\u00e9al \u00e9galement en cas d&#8217;inflammation et\/ou de rougeur de la peau.<\/p>\n<p><span data-sheets-value=\"{\"1\":2,\"2\":\"Una coccola prima della buonanotte, rilassa il corpo e la mente grazie alla presenza della Lavanda che con le sue caratteristiche rilassanti aiuta e concilia il riposo.\\n\\nIdeale anche in caso di infiammazioni e-o arrossamenti cutanei.\\n\\nIngredienti 100% Organici e Naturali\\nVegan\\nCruelty Free\"}\" data-sheets-userformat=\"{\"2\":15297,\"3\":{\"1\":0},\"9\":0,\"10\":2,\"11\":0,\"12\":0,\"14\":{\"1\":2,\"2\":0},\"15\":\"Calibri\",\"16\":11}\">Taille : 125ml<\/span><\/p>\n<p>Ingr\u00e9dients 100% biologiques et naturels<br \/>\nVegan<br \/>\nSans cruaut\u00e9<\/p>\n","protected":false},"excerpt":{"rendered":"<p>Huile corporelle adapt\u00e9e aux enfants, d\u00e9tend le corps et l&#8217;esprit.<\/p>\n","protected":false},"featured_media":37506,"template":"","meta":{"_acf_changed":false},"product_brand":[],"product_cat":[1897],"product_tag":[2341,8382,2184,521,8383,436],"class_list":{"0":"post-51142","1":"product","2":"type-product","3":"status-publish","4":"has-post-thumbnail","6":"product_cat-enfants","7":"product_tag-corps","8":"product_tag-enfants-fr","9":"product_tag-huile-fr","10":"product_tag-lavande","11":"product_tag-ligne-pour-enfants","12":"product_tag-spagyria","14":"first","15":"instock","16":"taxable","17":"shipping-taxable","18":"purchasable","19":"product-type-simple"},"acf":[],"jetpack_sharing_enabled":true,"_links":{"self":[{"href":"https:\/\/cndestetik.ch\/fr\/wp-json\/wp\/v2\/product\/51142","targetHints":{"allow":["GET"]}}],"collection":[{"href":"https:\/\/cndestetik.ch\/fr\/wp-json\/wp\/v2\/product"}],"about":[{"href":"https:\/\/cndestetik.ch\/fr\/wp-json\/wp\/v2\/types\/product"}],"wp:featuredmedia":[{"embeddable":true,"href":"https:\/\/cndestetik.ch\/fr\/wp-json\/wp\/v2\/media\/37506"}],"wp:attachment":[{"href":"https:\/\/cndestetik.ch\/fr\/wp-json\/wp\/v2\/media?parent=51142"}],"wp:term":[{"taxonomy":"product_brand","embeddable":true,"href":"https:\/\/cndestetik.ch\/fr\/wp-json\/wp\/v2\/product_brand?post=51142"},{"taxonomy":"product_cat","embeddable":true,"href":"https:\/\/cndestetik.ch\/fr\/wp-json\/wp\/v2\/product_cat?post=51142"},{"taxonomy":"product_tag","embeddable":true,"href":"https:\/\/cndestetik.ch\/fr\/wp-json\/wp\/v2\/product_tag?post=51142"}],"curies":[{"name":"wp","href":"https:\/\/api.w.org\/{rel}","templated":true}]}}