{"id":51119,"date":"2020-10-15T11:49:15","date_gmt":"2020-10-15T09:49:15","guid":{"rendered":"https:\/\/cndestetik.ch\/prodotto\/oleolite-spagyrique-regenerant-illuminant\/"},"modified":"2025-01-24T13:05:29","modified_gmt":"2025-01-24T12:05:29","slug":"oleolyte-spagyrique-regenerant-illuminant","status":"publish","type":"product","link":"https:\/\/cndestetik.ch\/fr\/prodotto\/oleolyte-spagyrique-regenerant-illuminant\/","title":{"rendered":"Ol\u00e9olite spagyrique r\u00e9g\u00e9n\u00e9rant (illuminant)"},"content":{"rendered":"<p><span data-sheets-value=\"{\"1\":2,\"2\":\"Con oleoliti spagirici di Rosa Canina e Calendula. Questa miscela \u00e8 stata messa a punto al fine di: -Mantenere in buono stato il microcircolo e permettere un ottimale apporto di nutrimento a livello cellulare.-Avere un'azione antinfiammatoria, lenitiva e antibatterica per preservare il benessere ed il buono stato della cute. - Svolgere una significativa azione antiradicalica per rallentare i processi di invecchiamento cutaneo.\\n\\nOgni Oleolito Spagirico Viso \u00e8 una preziosa miscela di Oleoliti Spagirici ed Oli Essenziali studiata con cura da esperti erboristi per offrire un prodotto specifico ed efficace per la pelle delicata del viso.\"}\" data-sheets-userformat=\"{\"2\":15297,\"3\":{\"1\":0},\"9\":0,\"10\":2,\"11\":0,\"12\":0,\"14\":{\"1\":2,\"2\":0},\"15\":\"Calibri\",\"16\":11}\">Avec des ol\u00e9olites spagyriques d&#8217;\u00e9glantier et de calendula. Ce m\u00e9lange a \u00e9t\u00e9 d\u00e9velopp\u00e9 afin de :  <\/span><\/p>\n<p><span data-sheets-value=\"{\"1\":2,\"2\":\"Con oleoliti spagirici di Rosa Canina e Calendula. Questa miscela \u00e8 stata messa a punto al fine di: -Mantenere in buono stato il microcircolo e permettere un ottimale apporto di nutrimento a livello cellulare.-Avere un'azione antinfiammatoria, lenitiva e antibatterica per preservare il benessere ed il buono stato della cute. - Svolgere una significativa azione antiradicalica per rallentare i processi di invecchiamento cutaneo.\\n\\nOgni Oleolito Spagirico Viso \u00e8 una preziosa miscela di Oleoliti Spagirici ed Oli Essenziali studiata con cura da esperti erboristi per offrire un prodotto specifico ed efficace per la pelle delicata del viso.\"}\" data-sheets-userformat=\"{\"2\":15297,\"3\":{\"1\":0},\"9\":0,\"10\":2,\"11\":0,\"12\":0,\"14\":{\"1\":2,\"2\":0},\"15\":\"Calibri\",\"16\":11}\">&#8211; Maintenir une bonne microcirculation et permettre un apport optimal de nutriments au niveau cellulaire.<\/span><\/p>\n<p><span data-sheets-value=\"{\"1\":2,\"2\":\"Con oleoliti spagirici di Rosa Canina e Calendula. Questa miscela \u00e8 stata messa a punto al fine di: -Mantenere in buono stato il microcircolo e permettere un ottimale apporto di nutrimento a livello cellulare.-Avere un'azione antinfiammatoria, lenitiva e antibatterica per preservare il benessere ed il buono stato della cute. - Svolgere una significativa azione antiradicalica per rallentare i processi di invecchiamento cutaneo.\\n\\nOgni Oleolito Spagirico Viso \u00e8 una preziosa miscela di Oleoliti Spagirici ed Oli Essenziali studiata con cura da esperti erboristi per offrire un prodotto specifico ed efficace per la pelle delicata del viso.\"}\" data-sheets-userformat=\"{\"2\":15297,\"3\":{\"1\":0},\"9\":0,\"10\":2,\"11\":0,\"12\":0,\"14\":{\"1\":2,\"2\":0},\"15\":\"Calibri\",\"16\":11}\">&#8211; Ont une action anti-inflammatoire, apaisante et antibact\u00e9rienne pour pr\u00e9server le bien-\u00eatre et le bon \u00e9tat de la peau.  <\/span><\/p>\n<p><span data-sheets-value=\"{\"1\":2,\"2\":\"Con oleoliti spagirici di Rosa Canina e Calendula. Questa miscela \u00e8 stata messa a punto al fine di: -Mantenere in buono stato il microcircolo e permettere un ottimale apporto di nutrimento a livello cellulare.-Avere un'azione antinfiammatoria, lenitiva e antibatterica per preservare il benessere ed il buono stato della cute. - Svolgere una significativa azione antiradicalica per rallentare i processi di invecchiamento cutaneo.\\n\\nOgni Oleolito Spagirico Viso \u00e8 una preziosa miscela di Oleoliti Spagirici ed Oli Essenziali studiata con cura da esperti erboristi per offrire un prodotto specifico ed efficace per la pelle delicata del viso.\"}\" data-sheets-userformat=\"{\"2\":15297,\"3\":{\"1\":0},\"9\":0,\"10\":2,\"11\":0,\"12\":0,\"14\":{\"1\":2,\"2\":0},\"15\":\"Calibri\",\"16\":11}\">&#8211; R\u00e9aliser une action anti-radicalaire significative pour ralentir les processus de vieillissement de la peau.<\/span><\/p>\n<p>Chaque ol\u00e9olithe spagyrique pour le visage est un pr\u00e9cieux m\u00e9lange d&#8217;ol\u00e9olites spagyriques et d&#8217;huiles essentielles soigneusement con\u00e7u par des herboristes experts pour offrir un produit sp\u00e9cifique et efficace pour la peau d\u00e9licate du visage.<\/p>\n<p>Taille : 30ml<\/p>\n","protected":false},"excerpt":{"rendered":"<p>Huile r\u00e9g\u00e9n\u00e9rante pour le visage 30ml<\/p>\n","protected":false},"featured_media":36920,"template":"","meta":{"_acf_changed":false},"product_brand":[],"product_cat":[1494,12982,12989],"product_tag":[8352,8354,8353,744,2111,460,549,449,436,4831,765],"class_list":{"0":"post-51119","1":"product","2":"type-product","3":"status-publish","4":"has-post-thumbnail","6":"product_cat-cosmetiques","7":"product_cat-microcosme","8":"product_cat-visage","9":"product_tag-canine-fr","10":"product_tag-cynorhodon","11":"product_tag-huile-pour-le-visage","12":"product_tag-illuminant","13":"product_tag-oleolite-fr","14":"product_tag-regenerant","15":"product_tag-rose-fr","16":"product_tag-rose-dinde","17":"product_tag-spagyria","18":"product_tag-spagyrique","19":"product_tag-visage","21":"first","22":"instock","23":"taxable","24":"shipping-taxable","25":"purchasable","26":"product-type-simple"},"acf":[],"jetpack_sharing_enabled":true,"_links":{"self":[{"href":"https:\/\/cndestetik.ch\/fr\/wp-json\/wp\/v2\/product\/51119","targetHints":{"allow":["GET"]}}],"collection":[{"href":"https:\/\/cndestetik.ch\/fr\/wp-json\/wp\/v2\/product"}],"about":[{"href":"https:\/\/cndestetik.ch\/fr\/wp-json\/wp\/v2\/types\/product"}],"wp:featuredmedia":[{"embeddable":true,"href":"https:\/\/cndestetik.ch\/fr\/wp-json\/wp\/v2\/media\/36920"}],"wp:attachment":[{"href":"https:\/\/cndestetik.ch\/fr\/wp-json\/wp\/v2\/media?parent=51119"}],"wp:term":[{"taxonomy":"product_brand","embeddable":true,"href":"https:\/\/cndestetik.ch\/fr\/wp-json\/wp\/v2\/product_brand?post=51119"},{"taxonomy":"product_cat","embeddable":true,"href":"https:\/\/cndestetik.ch\/fr\/wp-json\/wp\/v2\/product_cat?post=51119"},{"taxonomy":"product_tag","embeddable":true,"href":"https:\/\/cndestetik.ch\/fr\/wp-json\/wp\/v2\/product_tag?post=51119"}],"curies":[{"name":"wp","href":"https:\/\/api.w.org\/{rel}","templated":true}]}}