{"id":51080,"date":"2022-07-18T11:49:11","date_gmt":"2022-07-18T09:49:11","guid":{"rendered":"https:\/\/cndestetik.ch\/prodotto\/sacs-a-sous-vetements-jetables\/"},"modified":"2023-02-09T16:00:51","modified_gmt":"2023-02-09T15:00:51","slug":"sacs-jetables-pour-sous-vetements","status":"publish","type":"product","link":"https:\/\/cndestetik.ch\/fr\/prodotto\/sacs-jetables-pour-sous-vetements\/","title":{"rendered":"Sacs \u00e0 sous-v\u00eatements jetables"},"content":{"rendered":"<p>Sacs jetables pour les sous-v\u00eatements. Vous pouvez y mettre les sous-v\u00eatements de votre client pendant la dur\u00e9e du traitement. \u00c0 la fin, vous pouvez ins\u00e9rer le jetable usag\u00e9 et le jeter, pour une hygi\u00e8ne maximale dans votre centre.<\/p>\n","protected":false},"excerpt":{"rendered":"<p>Sacs jetables pour les sous-v\u00eatements.<\/p>\n","protected":false},"featured_media":57885,"template":"","meta":{"_acf_changed":false},"product_brand":[],"product_cat":[1208,906],"product_tag":[10972,10973,8794,2359,10974,10971,4953,969,1028],"class_list":{"0":"post-51080","1":"product","2":"type-product","3":"status-publish","4":"has-post-thumbnail","6":"product_cat-hygiene-et-securite","7":"product_cat-usage-unique","8":"product_tag-hygiene-fr-2","9":"product_tag-hygienique-fr","10":"product_tag-intime","11":"product_tag-jetable","12":"product_tag-lin-fr","13":"product_tag-sac","14":"product_tag-sacs","15":"product_tag-securite","16":"product_tag-traitement","18":"first","19":"instock","20":"taxable","21":"shipping-taxable","22":"purchasable","23":"product-type-simple"},"acf":[],"jetpack_sharing_enabled":true,"_links":{"self":[{"href":"https:\/\/cndestetik.ch\/fr\/wp-json\/wp\/v2\/product\/51080","targetHints":{"allow":["GET"]}}],"collection":[{"href":"https:\/\/cndestetik.ch\/fr\/wp-json\/wp\/v2\/product"}],"about":[{"href":"https:\/\/cndestetik.ch\/fr\/wp-json\/wp\/v2\/types\/product"}],"wp:featuredmedia":[{"embeddable":true,"href":"https:\/\/cndestetik.ch\/fr\/wp-json\/wp\/v2\/media\/57885"}],"wp:attachment":[{"href":"https:\/\/cndestetik.ch\/fr\/wp-json\/wp\/v2\/media?parent=51080"}],"wp:term":[{"taxonomy":"product_brand","embeddable":true,"href":"https:\/\/cndestetik.ch\/fr\/wp-json\/wp\/v2\/product_brand?post=51080"},{"taxonomy":"product_cat","embeddable":true,"href":"https:\/\/cndestetik.ch\/fr\/wp-json\/wp\/v2\/product_cat?post=51080"},{"taxonomy":"product_tag","embeddable":true,"href":"https:\/\/cndestetik.ch\/fr\/wp-json\/wp\/v2\/product_tag?post=51080"}],"curies":[{"name":"wp","href":"https:\/\/api.w.org\/{rel}","templated":true}]}}