{"id":50886,"date":"2022-07-08T16:01:09","date_gmt":"2022-07-08T14:01:09","guid":{"rendered":"https:\/\/cndestetik.ch\/prodotto\/lampe-a-led-mod-table-aura\/"},"modified":"2024-08-07T09:17:52","modified_gmt":"2024-08-07T07:17:52","slug":"lampe-led-mod-aura-table","status":"publish","type":"product","link":"https:\/\/cndestetik.ch\/fr\/prodotto\/lampe-led-mod-aura-table\/","title":{"rendered":"Lampe \u00e0 Led mod. Table Aura"},"content":{"rendered":"<p><span data-sheets-value=\"{\"1\":2,\"2\":\"Lampada con lente dotata di braccio articolato e morsetto per il fissaggio.\\nLente con coperchio superiore e vetro organico (alta resistenza).\\nDiametro vetro 11,5 cm\\nPeso: 5,6 Kg\\nPotenza 5,5 W\\nFrequenza 50\/60 Hz\\nVoltaggio 85-265 V\\n\\n\"}\" data-sheets-userformat=\"{\"2\":15297,\"3\":{\"1\":0},\"9\":0,\"10\":2,\"11\":0,\"12\":0,\"14\":{\"1\":2,\"2\":0},\"15\":\"Calibri\",\"16\":11}\">Lampe avec lentille \u00e9quip\u00e9e d&#8217;un bras articul\u00e9 et d&#8217;une pince de fixation. Objectif avec couvercle sup\u00e9rieur et verre organique (haute r\u00e9sistance). Diam\u00e8tre du verre 11,5 cm Poids : 5,6 kg Puissance 5,5 W Fr\u00e9quence 50\/60 Hz Tension 85-265 V<\/span><\/p>\n<p>&nbsp;<\/p>\n","protected":false},"excerpt":{"rendered":"<p>Lampe avec lentille \u00e9quip\u00e9e d&#8217;un bras articul\u00e9 et d&#8217;une pince de fixation.<\/p>\n","protected":false},"featured_media":50875,"template":"","meta":{"_acf_changed":false},"product_brand":[],"product_cat":[1296],"product_tag":[5518,6802,8268,8263],"class_list":{"0":"post-50886","1":"product","2":"type-product","3":"status-publish","4":"has-post-thumbnail","6":"product_cat-equipement","7":"product_tag-aura-fr","8":"product_tag-lampe-fr-2","9":"product_tag-objectif","10":"product_tag-tableau","12":"first","13":"instock","14":"taxable","15":"shipping-taxable","16":"purchasable","17":"product-type-simple"},"acf":[],"jetpack_sharing_enabled":true,"_links":{"self":[{"href":"https:\/\/cndestetik.ch\/fr\/wp-json\/wp\/v2\/product\/50886","targetHints":{"allow":["GET"]}}],"collection":[{"href":"https:\/\/cndestetik.ch\/fr\/wp-json\/wp\/v2\/product"}],"about":[{"href":"https:\/\/cndestetik.ch\/fr\/wp-json\/wp\/v2\/types\/product"}],"wp:featuredmedia":[{"embeddable":true,"href":"https:\/\/cndestetik.ch\/fr\/wp-json\/wp\/v2\/media\/50875"}],"wp:attachment":[{"href":"https:\/\/cndestetik.ch\/fr\/wp-json\/wp\/v2\/media?parent=50886"}],"wp:term":[{"taxonomy":"product_brand","embeddable":true,"href":"https:\/\/cndestetik.ch\/fr\/wp-json\/wp\/v2\/product_brand?post=50886"},{"taxonomy":"product_cat","embeddable":true,"href":"https:\/\/cndestetik.ch\/fr\/wp-json\/wp\/v2\/product_cat?post=50886"},{"taxonomy":"product_tag","embeddable":true,"href":"https:\/\/cndestetik.ch\/fr\/wp-json\/wp\/v2\/product_tag?post=50886"}],"curies":[{"name":"wp","href":"https:\/\/api.w.org\/{rel}","templated":true}]}}