{"id":50870,"date":"2022-07-08T15:25:20","date_gmt":"2022-07-08T13:25:20","guid":{"rendered":"https:\/\/cndestetik.ch\/prodotto\/resine-hypoallergenique-epoderm\/"},"modified":"2025-07-11T11:11:23","modified_gmt":"2025-07-11T09:11:23","slug":"epoderme-resine-ipoallergenique","status":"publish","type":"product","link":"https:\/\/cndestetik.ch\/fr\/prodotto\/epoderme-resine-ipoallergenique\/","title":{"rendered":"R\u00e9sine hypoallerg\u00e9nique &#8211; Cire br\u00e9silienne"},"content":{"rendered":"<p>Gouttes de r\u00e9sine hypoallerg\u00e9nique<\/p>\n<p>Taille : 500g<\/p>\n","protected":false},"excerpt":{"rendered":"<p>Gouttes de r\u00e9sine hypoallerg\u00e9nique<\/p>\n","protected":false},"featured_media":54478,"template":"","meta":{"_acf_changed":false},"product_brand":[],"product_cat":[1628,906],"product_tag":[9745,684,8253,8255,8258],"class_list":{"0":"post-50870","1":"product","2":"type-product","3":"status-publish","4":"has-post-thumbnail","6":"product_cat-12-epilation","7":"product_cat-usage-unique","8":"product_tag-bresilien","9":"product_tag-cire","10":"product_tag-epiderme","11":"product_tag-hypoallergenique","12":"product_tag-resine","14":"first","15":"instock","16":"taxable","17":"shipping-taxable","18":"purchasable","19":"product-type-simple"},"acf":[],"jetpack_sharing_enabled":true,"_links":{"self":[{"href":"https:\/\/cndestetik.ch\/fr\/wp-json\/wp\/v2\/product\/50870","targetHints":{"allow":["GET"]}}],"collection":[{"href":"https:\/\/cndestetik.ch\/fr\/wp-json\/wp\/v2\/product"}],"about":[{"href":"https:\/\/cndestetik.ch\/fr\/wp-json\/wp\/v2\/types\/product"}],"wp:featuredmedia":[{"embeddable":true,"href":"https:\/\/cndestetik.ch\/fr\/wp-json\/wp\/v2\/media\/54478"}],"wp:attachment":[{"href":"https:\/\/cndestetik.ch\/fr\/wp-json\/wp\/v2\/media?parent=50870"}],"wp:term":[{"taxonomy":"product_brand","embeddable":true,"href":"https:\/\/cndestetik.ch\/fr\/wp-json\/wp\/v2\/product_brand?post=50870"},{"taxonomy":"product_cat","embeddable":true,"href":"https:\/\/cndestetik.ch\/fr\/wp-json\/wp\/v2\/product_cat?post=50870"},{"taxonomy":"product_tag","embeddable":true,"href":"https:\/\/cndestetik.ch\/fr\/wp-json\/wp\/v2\/product_tag?post=50870"}],"curies":[{"name":"wp","href":"https:\/\/api.w.org\/{rel}","templated":true}]}}