{"id":50859,"date":"2022-07-08T14:19:08","date_gmt":"2022-07-08T12:19:08","guid":{"rendered":"https:\/\/cndestetik.ch\/prodotto\/chauffe-serviettes-electrique-pour-les-estheticiennes\/"},"modified":"2022-11-15T17:19:58","modified_gmt":"2022-11-15T16:19:58","slug":"chauffe-serviettes-electrique-pour-estheticienne","status":"publish","type":"product","link":"https:\/\/cndestetik.ch\/fr\/prodotto\/chauffe-serviettes-electrique-pour-estheticienne\/","title":{"rendered":"Chauffe-serviettes \u00e9lectrique pour les esth\u00e9ticiennes"},"content":{"rendered":"<p><span data-sheets-value=\"{\"1\":2,\"2\":\"Scaldasalviette elettrico per estetista con cestino per asciugamani caldi e vassoio di raccolta acqua.\\nIl volume interno del serbatoio \u00e8 di 16 litri.\\nTemperatura interna del serbatoio in alluminio: 80\u00b0 \u00b1 10\u00b0C\\nTensione: 220-240 V\\nFrequenza 50 Hz\\nPotenza 200 W\\nDimensioni: cm 45,5x34,5x30,5 h\\nPeso: 6 Kg\\n\\n\"}\" data-sheets-userformat=\"{\"2\":15299,\"3\":{\"1\":0},\"4\":{\"1\":2,\"2\":16777215},\"9\":0,\"10\":2,\"11\":0,\"12\":0,\"14\":{\"1\":2,\"2\":0},\"15\":\"Calibri\",\"16\":11}\">Chauffe-serviettes \u00e9lectrique pour esth\u00e9ticiennes avec panier pour serviettes chaudes et bac de r\u00e9cup\u00e9ration de l&#8217;eau.<br \/>\nLe volume interne du r\u00e9servoir est de 16 litres.<br \/>\nTemp\u00e9rature interne du r\u00e9servoir en aluminium : 80\u00b0 \u00b1 10\u00b0C<br \/>\nTension : 220-240 V<br \/>\nFr\u00e9quence 50 Hz<br \/>\nPuissance 200 W<br \/>\nDimensions : 45,5&#215;34,5&#215;30,5 h cm<br \/>\nPoids : 6 kg<\/span><\/p>\n<p>&nbsp;<\/p>\n","protected":false},"excerpt":{"rendered":"<p>Chauffe-serviettes \u00e9lectrique pour esth\u00e9ticiennes avec panier pour serviettes chaudes et bac de r\u00e9cup\u00e9ration de l&#8217;eau.<\/p>\n","protected":false},"featured_media":50856,"template":"","meta":{"_acf_changed":false},"product_brand":[],"product_cat":[1494],"product_tag":[8246,8244,2290,8245],"class_list":{"0":"post-50859","1":"product","2":"type-product","3":"status-publish","4":"has-post-thumbnail","6":"product_cat-cosmetiques","7":"product_tag-chauffe-serviettes","8":"product_tag-electrique-fr","9":"product_tag-lingettes","10":"product_tag-plus-chaud","12":"first","13":"instock","14":"taxable","15":"shipping-taxable","16":"purchasable","17":"product-type-simple"},"acf":[],"jetpack_sharing_enabled":true,"_links":{"self":[{"href":"https:\/\/cndestetik.ch\/fr\/wp-json\/wp\/v2\/product\/50859","targetHints":{"allow":["GET"]}}],"collection":[{"href":"https:\/\/cndestetik.ch\/fr\/wp-json\/wp\/v2\/product"}],"about":[{"href":"https:\/\/cndestetik.ch\/fr\/wp-json\/wp\/v2\/types\/product"}],"wp:featuredmedia":[{"embeddable":true,"href":"https:\/\/cndestetik.ch\/fr\/wp-json\/wp\/v2\/media\/50856"}],"wp:attachment":[{"href":"https:\/\/cndestetik.ch\/fr\/wp-json\/wp\/v2\/media?parent=50859"}],"wp:term":[{"taxonomy":"product_brand","embeddable":true,"href":"https:\/\/cndestetik.ch\/fr\/wp-json\/wp\/v2\/product_brand?post=50859"},{"taxonomy":"product_cat","embeddable":true,"href":"https:\/\/cndestetik.ch\/fr\/wp-json\/wp\/v2\/product_cat?post=50859"},{"taxonomy":"product_tag","embeddable":true,"href":"https:\/\/cndestetik.ch\/fr\/wp-json\/wp\/v2\/product_tag?post=50859"}],"curies":[{"name":"wp","href":"https:\/\/api.w.org\/{rel}","templated":true}]}}