{"id":50745,"date":"2022-07-07T13:34:16","date_gmt":"2022-07-07T11:34:16","guid":{"rendered":"https:\/\/cndestetik.ch\/prodotto\/creme-solaire-visage-et-decollete\/"},"modified":"2025-02-11T08:49:55","modified_gmt":"2025-02-11T07:49:55","slug":"creme-solaire-face-et-decolte","status":"publish","type":"product","link":"https:\/\/cndestetik.ch\/fr\/prodotto\/creme-solaire-face-et-decolte\/","title":{"rendered":"Cr\u00e8me solaire Visage et d\u00e9collet\u00e9"},"content":{"rendered":"<p>Cr\u00e8me hautement hydratante pour le visage et le d\u00e9collet\u00e9 avec indice de protection 25. Id\u00e9ale pour terminer vos soins en cabine tout au long de l&#8217;ann\u00e9e, surtout si vous utilisez des ingr\u00e9dients photosensibilisants. Nous vous recommandons d&#8217;utiliser la cr\u00e8me tous les jours de l&#8217;ann\u00e9e pour prot\u00e9ger votre peau des effets des rayons UV, pr\u00e9venir les imperfections et le vieillissement pr\u00e9matur\u00e9 de la peau. Notre conseil : pour une couverture compl\u00e8te tout au long de l&#8217;ann\u00e9e, nous recommandons de combiner la cr\u00e8me avec le fond de teint min\u00e9ral libre Inika Organic, \u00e9galement avec SPF25 !<\/p>\n","protected":false},"excerpt":{"rendered":"<p>Prot\u00e9ger la peau des effets du rayonnement UV<\/p>\n","protected":false},"featured_media":59435,"template":"","meta":{"_acf_changed":false},"product_brand":[],"product_cat":[1494,12982,3299,12989],"product_tag":[3834,8233,1890,4056,4087,4088,765],"class_list":{"0":"post-50745","1":"product","2":"type-product","3":"status-publish","4":"has-post-thumbnail","6":"product_cat-cosmetiques","7":"product_cat-microcosme","8":"product_cat-04-solari-fr","9":"product_cat-visage","10":"product_tag-creme","11":"product_tag-decolte-fr","12":"product_tag-emulsion-fr","13":"product_tag-protection","14":"product_tag-solaire","15":"product_tag-solari-fr","16":"product_tag-visage","18":"first","19":"instock","20":"taxable","21":"shipping-taxable","22":"purchasable","23":"product-type-simple"},"acf":[],"jetpack_sharing_enabled":true,"_links":{"self":[{"href":"https:\/\/cndestetik.ch\/fr\/wp-json\/wp\/v2\/product\/50745","targetHints":{"allow":["GET"]}}],"collection":[{"href":"https:\/\/cndestetik.ch\/fr\/wp-json\/wp\/v2\/product"}],"about":[{"href":"https:\/\/cndestetik.ch\/fr\/wp-json\/wp\/v2\/types\/product"}],"wp:featuredmedia":[{"embeddable":true,"href":"https:\/\/cndestetik.ch\/fr\/wp-json\/wp\/v2\/media\/59435"}],"wp:attachment":[{"href":"https:\/\/cndestetik.ch\/fr\/wp-json\/wp\/v2\/media?parent=50745"}],"wp:term":[{"taxonomy":"product_brand","embeddable":true,"href":"https:\/\/cndestetik.ch\/fr\/wp-json\/wp\/v2\/product_brand?post=50745"},{"taxonomy":"product_cat","embeddable":true,"href":"https:\/\/cndestetik.ch\/fr\/wp-json\/wp\/v2\/product_cat?post=50745"},{"taxonomy":"product_tag","embeddable":true,"href":"https:\/\/cndestetik.ch\/fr\/wp-json\/wp\/v2\/product_tag?post=50745"}],"curies":[{"name":"wp","href":"https:\/\/api.w.org\/{rel}","templated":true}]}}