{"id":50562,"date":"2022-07-06T14:37:30","date_gmt":"2022-07-06T12:37:30","guid":{"rendered":"https:\/\/cndestetik.ch\/prodotto\/additifs-cnd-forbidden-collection\/"},"modified":"2022-12-27T09:08:18","modified_gmt":"2022-12-27T08:08:18","slug":"cnd-additifs-forbidden-collection","status":"publish","type":"product","link":"https:\/\/cndestetik.ch\/fr\/prodotto\/cnd-additifs-forbidden-collection\/","title":{"rendered":"Additifs CND Forbidden Collection"},"content":{"rendered":"<p><span data-sheets-value=\"{\"1\":2,\"2\":\"Kit di additivi in un elegante case argento. Contiene 5 effects: Burning Ember, Plum Love, Blue Heaven, Steel Dreams, Violet Haze. Borchie e foil per nail art in omaggio\"}\" data-sheets-userformat=\"{\"2\":15297,\"3\":{\"1\":0},\"9\":0,\"10\":2,\"11\":0,\"12\":0,\"14\":{\"1\":2,\"2\":0},\"15\":\"Calibri\",\"16\":11}\">Kit d&#8217;additifs dans un \u00e9l\u00e9gant coffret argent\u00e9.  <\/span><\/p>\n<p><span data-sheets-value=\"{\"1\":2,\"2\":\"Kit di additivi in un elegante case argento. Contiene 5 effects: Burning Ember, Plum Love, Blue Heaven, Steel Dreams, Violet Haze. Borchie e foil per nail art in omaggio\"}\" data-sheets-userformat=\"{\"2\":15297,\"3\":{\"1\":0},\"9\":0,\"10\":2,\"11\":0,\"12\":0,\"14\":{\"1\":2,\"2\":0},\"15\":\"Calibri\",\"16\":11}\">Contient 5 couleurs :  <\/span><\/p>\n<p><span data-sheets-value=\"{\"1\":2,\"2\":\"Kit di additivi in un elegante case argento. Contiene 5 effects: Burning Ember, Plum Love, Blue Heaven, Steel Dreams, Violet Haze. Borchie e foil per nail art in omaggio\"}\" data-sheets-userformat=\"{\"2\":15297,\"3\":{\"1\":0},\"9\":0,\"10\":2,\"11\":0,\"12\":0,\"14\":{\"1\":2,\"2\":0},\"15\":\"Calibri\",\"16\":11}\">Braise ardente<\/span><\/p>\n<p><span data-sheets-value=\"{\"1\":2,\"2\":\"Kit di additivi in un elegante case argento. Contiene 5 effects: Burning Ember, Plum Love, Blue Heaven, Steel Dreams, Violet Haze. Borchie e foil per nail art in omaggio\"}\" data-sheets-userformat=\"{\"2\":15297,\"3\":{\"1\":0},\"9\":0,\"10\":2,\"11\":0,\"12\":0,\"14\":{\"1\":2,\"2\":0},\"15\":\"Calibri\",\"16\":11}\">Plum Love<\/span><\/p>\n<p><span data-sheets-value=\"{\"1\":2,\"2\":\"Kit di additivi in un elegante case argento. Contiene 5 effects: Burning Ember, Plum Love, Blue Heaven, Steel Dreams, Violet Haze. Borchie e foil per nail art in omaggio\"}\" data-sheets-userformat=\"{\"2\":15297,\"3\":{\"1\":0},\"9\":0,\"10\":2,\"11\":0,\"12\":0,\"14\":{\"1\":2,\"2\":0},\"15\":\"Calibri\",\"16\":11}\">Blue Heaven<\/span><\/p>\n<p><span data-sheets-value=\"{\"1\":2,\"2\":\"Kit di additivi in un elegante case argento. Contiene 5 effects: Burning Ember, Plum Love, Blue Heaven, Steel Dreams, Violet Haze. Borchie e foil per nail art in omaggio\"}\" data-sheets-userformat=\"{\"2\":15297,\"3\":{\"1\":0},\"9\":0,\"10\":2,\"11\":0,\"12\":0,\"14\":{\"1\":2,\"2\":0},\"15\":\"Calibri\",\"16\":11}\">R\u00eaves d&#8217;acier<\/span><\/p>\n<p><span data-sheets-value=\"{\"1\":2,\"2\":\"Kit di additivi in un elegante case argento. Contiene 5 effects: Burning Ember, Plum Love, Blue Heaven, Steel Dreams, Violet Haze. Borchie e foil per nail art in omaggio\"}\" data-sheets-userformat=\"{\"2\":15297,\"3\":{\"1\":0},\"9\":0,\"10\":2,\"11\":0,\"12\":0,\"14\":{\"1\":2,\"2\":0},\"15\":\"Calibri\",\"16\":11}\">Violet Haze<\/span><\/p>\n<p><span data-sheets-value=\"{\"1\":2,\"2\":\"Kit di additivi in un elegante case argento. Contiene 5 effects: Burning Ember, Plum Love, Blue Heaven, Steel Dreams, Violet Haze. Borchie e foil per nail art in omaggio\"}\" data-sheets-userformat=\"{\"2\":15297,\"3\":{\"1\":0},\"9\":0,\"10\":2,\"11\":0,\"12\":0,\"14\":{\"1\":2,\"2\":0},\"15\":\"Calibri\",\"16\":11}\">Clous et feuilles d&#8217;ongles gratuits<\/span><\/p>\n","protected":false},"excerpt":{"rendered":"<p><span data-sheets-value=\"{\"1\":2,\"2\":\"Kit di additivi in un elegante case argento. Contiene 5 effects: Burning Ember, Plum Love, Blue Heaven, Steel Dreams, Violet Haze. Borchie e foil per nail art in omaggio\"}\" data-sheets-userformat=\"{\"2\":15297,\"3\":{\"1\":0},\"9\":0,\"10\":2,\"11\":0,\"12\":0,\"14\":{\"1\":2,\"2\":0},\"15\":\"Calibri\",\"16\":11}\">Kit d&#8217;additifs dans un \u00e9l\u00e9gant coffret argent\u00e9.  <\/span><\/p>\n","protected":false},"featured_media":50559,"template":"","meta":{"_acf_changed":false},"product_brand":[],"product_cat":[8512,1501],"product_tag":[6892,8082,829,4464,8084,8083,6024,8085,5225,5602,5768],"class_list":{"0":"post-50562","1":"product","2":"type-product","3":"status-publish","4":"has-post-thumbnail","6":"product_cat-dernieres-pieces","7":"product_cat-nails-manucure-et-pedicure","8":"product_tag-acier-fr","9":"product_tag-additifs","10":"product_tag-amour-fr","11":"product_tag-bleu","12":"product_tag-braises","13":"product_tag-bruler","14":"product_tag-haze-fr","15":"product_tag-paradis","16":"product_tag-prune","17":"product_tag-reve","18":"product_tag-violet-fr","20":"first","21":"instock","22":"sale","23":"taxable","24":"shipping-taxable","25":"purchasable","26":"product-type-simple"},"acf":[],"jetpack_sharing_enabled":true,"_links":{"self":[{"href":"https:\/\/cndestetik.ch\/fr\/wp-json\/wp\/v2\/product\/50562","targetHints":{"allow":["GET"]}}],"collection":[{"href":"https:\/\/cndestetik.ch\/fr\/wp-json\/wp\/v2\/product"}],"about":[{"href":"https:\/\/cndestetik.ch\/fr\/wp-json\/wp\/v2\/types\/product"}],"wp:featuredmedia":[{"embeddable":true,"href":"https:\/\/cndestetik.ch\/fr\/wp-json\/wp\/v2\/media\/50559"}],"wp:attachment":[{"href":"https:\/\/cndestetik.ch\/fr\/wp-json\/wp\/v2\/media?parent=50562"}],"wp:term":[{"taxonomy":"product_brand","embeddable":true,"href":"https:\/\/cndestetik.ch\/fr\/wp-json\/wp\/v2\/product_brand?post=50562"},{"taxonomy":"product_cat","embeddable":true,"href":"https:\/\/cndestetik.ch\/fr\/wp-json\/wp\/v2\/product_cat?post=50562"},{"taxonomy":"product_tag","embeddable":true,"href":"https:\/\/cndestetik.ch\/fr\/wp-json\/wp\/v2\/product_tag?post=50562"}],"curies":[{"name":"wp","href":"https:\/\/api.w.org\/{rel}","templated":true}]}}