{"id":50544,"date":"2022-07-06T14:14:53","date_gmt":"2022-07-06T12:14:53","guid":{"rendered":"https:\/\/cndestetik.ch\/prodotto\/liquide-de-retention-et-de-sculpture\/"},"modified":"2022-11-15T17:17:35","modified_gmt":"2022-11-15T16:17:35","slug":"retention-sculpture-liquide","status":"publish","type":"product","link":"https:\/\/cndestetik.ch\/fr\/prodotto\/retention-sculpture-liquide\/","title":{"rendered":"Liquide de r\u00e9tention et de sculpture"},"content":{"rendered":"<p><span data-sheets-value=\"{\"1\":2,\"2\":\"Tenuta forte e sicura. Il liquido modellante RETENTION+\u00ae \u00e8 per clienti inclini al sollevamento. Crea miglioramenti con l'adesione.\\nCOS'\u00c8:\\nUn liquido modellante che lega e reticola alla cheratina per clienti inclini al sollevamento.\\nCOSA FA:\\nSi lega in modo covalente, creando miglioramenti con un'adesione superiore all'unghia naturale.\\nPERCHE' NE HAI BISOGNO:\\nUtilizzare su clienti con miglioramenti inclini al sollevamento. L'eccellente adesione rende l'uso del primer opzionale.\\n\"}\" data-sheets-userformat=\"{\"2\":15297,\"3\":{\"1\":0},\"9\":0,\"10\":2,\"11\":0,\"12\":0,\"14\":{\"1\":2,\"2\":0},\"15\":\"Calibri\",\"16\":11}\">Une prise solide et s\u00fbre. Le fluide de modelage RETENTION+\u00ae est destin\u00e9 aux clients sujets au levage. Il cr\u00e9e des am\u00e9liorations au niveau de l&#8217;adh\u00e9rence.<br \/>\nCE QUE C&#8217;EST :<br \/>\nUn liquide de modelage qui se lie et se r\u00e9ticule \u00e0 la k\u00e9ratine pour les clientes sujettes au lifting.<br \/>\nCE QU&#8217;IL FAIT :<br \/>\nIl s&#8217;agit d&#8217;une liaison covalente qui permet de cr\u00e9er des am\u00e9liorations avec une adh\u00e9rence sup\u00e9rieure \u00e0 l&#8217;ongle naturel.<br \/>\nPARCE QUE VOUS EN AVEZ BESOIN :<br \/>\nA utiliser sur les clients dont les am\u00e9liorations sont sujettes \u00e0 des soul\u00e8vements. L&#8217;excellente adh\u00e9rence rend l&#8217;utilisation d&#8217;un appr\u00eat facultative.<br \/>\n<\/span><\/p>\n","protected":false},"excerpt":{"rendered":"<p><span data-sheets-value=\"{\"1\":2,\"2\":\"Tenuta forte e sicura. Il liquido modellante RETENTION+\u00ae \u00e8 per clienti inclini al sollevamento. Crea miglioramenti con l'adesione.\\nCOS'\u00c8:\\nUn liquido modellante che lega e reticola alla cheratina per clienti inclini al sollevamento.\\nCOSA FA:\\nSi lega in modo covalente, creando miglioramenti con un'adesione superiore all'unghia naturale.\\nPERCHE' NE HAI BISOGNO:\\nUtilizzare su clienti con miglioramenti inclini al sollevamento. L'eccellente adesione rende l'uso del primer opzionale.\\n\"}\" data-sheets-userformat=\"{\"2\":15297,\"3\":{\"1\":0},\"9\":0,\"10\":2,\"11\":0,\"12\":0,\"14\":{\"1\":2,\"2\":0},\"15\":\"Calibri\",\"16\":11}\">Un liquide de modelage qui se lie et se r\u00e9ticule \u00e0 la k\u00e9ratine pour les clientes sujettes au lifting.<\/span><\/p>\n","protected":false},"featured_media":50541,"template":"","meta":{"_acf_changed":false},"product_brand":[],"product_cat":[1501],"product_tag":[9014,9013,9012,6917,9011,8068,7038],"class_list":{"0":"post-50544","1":"product","2":"type-product","3":"status-publish","4":"has-post-thumbnail","6":"product_cat-nails-manucure-et-pedicure","7":"product_tag-classeur","8":"product_tag-keratine","9":"product_tag-levage","10":"product_tag-liquide-fr","11":"product_tag-modelisateur","12":"product_tag-retention-fr","13":"product_tag-sculpture","15":"first","16":"instock","17":"taxable","18":"shipping-taxable","19":"purchasable","20":"product-type-simple"},"acf":[],"jetpack_sharing_enabled":true,"_links":{"self":[{"href":"https:\/\/cndestetik.ch\/fr\/wp-json\/wp\/v2\/product\/50544","targetHints":{"allow":["GET"]}}],"collection":[{"href":"https:\/\/cndestetik.ch\/fr\/wp-json\/wp\/v2\/product"}],"about":[{"href":"https:\/\/cndestetik.ch\/fr\/wp-json\/wp\/v2\/types\/product"}],"wp:featuredmedia":[{"embeddable":true,"href":"https:\/\/cndestetik.ch\/fr\/wp-json\/wp\/v2\/media\/50541"}],"wp:attachment":[{"href":"https:\/\/cndestetik.ch\/fr\/wp-json\/wp\/v2\/media?parent=50544"}],"wp:term":[{"taxonomy":"product_brand","embeddable":true,"href":"https:\/\/cndestetik.ch\/fr\/wp-json\/wp\/v2\/product_brand?post=50544"},{"taxonomy":"product_cat","embeddable":true,"href":"https:\/\/cndestetik.ch\/fr\/wp-json\/wp\/v2\/product_cat?post=50544"},{"taxonomy":"product_tag","embeddable":true,"href":"https:\/\/cndestetik.ch\/fr\/wp-json\/wp\/v2\/product_tag?post=50544"}],"curies":[{"name":"wp","href":"https:\/\/api.w.org\/{rel}","templated":true}]}}