{"id":50526,"date":"2022-07-06T13:58:00","date_gmt":"2022-07-06T11:58:00","guid":{"rendered":"https:\/\/cndestetik.ch\/prodotto\/ridgefx\/"},"modified":"2022-11-15T17:17:36","modified_gmt":"2022-11-15T16:17:36","slug":"ridgefx","status":"publish","type":"product","link":"https:\/\/cndestetik.ch\/fr\/prodotto\/ridgefx\/","title":{"rendered":"RidgeFx"},"content":{"rendered":"<p><span data-sheets-value=\"{\"1\":2,\"2\":\"RIDGEFX\u2122 \u00e8 un esaltatore di superficie dell'unghia e riempitivo di cresta che perfeziona l'aspetto dell'unghia naturale. Dotato di OPTIFIL TECHNOLOGY\u2122, RIDGEFX\u2122 leviga le creste e maschera le imperfezioni per una bella applicazione del colore e un'usura resistente alle scheggiature. CL.\"}\" data-sheets-userformat=\"{\"2\":15297,\"3\":{\"1\":0},\"9\":0,\"10\":2,\"11\":0,\"12\":0,\"14\":{\"1\":2,\"2\":0},\"15\":\"Calibri\",\"16\":11}\">RIDGEFX\u2122 est un rehausseur de surface de l&#8217;ongle et un remplisseur de cr\u00eates qui perfectionne l&#8217;apparence de l&#8217;ongle naturel. Dot\u00e9 de l&#8217;OPTIFIL TECHNOLOGY\u2122, RIDGEFX\u2122 lisse les cr\u00eates et masque les imperfections pour une belle application de la couleur et une tenue r\u00e9sistante aux \u00e9clats.<\/span><\/p>\n<p><span data-sheets-value=\"{\"1\":2,\"2\":\"RidgeFx 15 ml.\"}\" data-sheets-userformat=\"{\"2\":14785,\"3\":{\"1\":0,\"3\":1},\"9\":0,\"10\":2,\"11\":0,\"14\":{\"1\":2,\"2\":0},\"15\":\"Calibri\",\"16\":11}\">Taille : 15ml.<\/span><\/p>\n","protected":false},"excerpt":{"rendered":"<p>Am\u00e9lioration de la surface des ongles<\/p>\n","protected":false},"featured_media":50522,"template":"","meta":{"_acf_changed":false},"product_brand":[],"product_cat":[1501],"product_tag":[4052,8063,9755,1354,1355,9756,8065],"class_list":{"0":"post-50526","1":"product","2":"type-product","3":"status-publish","4":"has-post-thumbnail","6":"product_cat-nails-manucure-et-pedicure","7":"product_tag-cnd-fr","8":"product_tag-crete","9":"product_tag-exhausteur","10":"product_tag-ongles","11":"product_tag-ongles-fr","12":"product_tag-remplisseur","13":"product_tag-ridgefx-fr","15":"first","16":"instock","17":"taxable","18":"shipping-taxable","19":"purchasable","20":"product-type-simple"},"acf":[],"jetpack_sharing_enabled":true,"_links":{"self":[{"href":"https:\/\/cndestetik.ch\/fr\/wp-json\/wp\/v2\/product\/50526","targetHints":{"allow":["GET"]}}],"collection":[{"href":"https:\/\/cndestetik.ch\/fr\/wp-json\/wp\/v2\/product"}],"about":[{"href":"https:\/\/cndestetik.ch\/fr\/wp-json\/wp\/v2\/types\/product"}],"wp:featuredmedia":[{"embeddable":true,"href":"https:\/\/cndestetik.ch\/fr\/wp-json\/wp\/v2\/media\/50522"}],"wp:attachment":[{"href":"https:\/\/cndestetik.ch\/fr\/wp-json\/wp\/v2\/media?parent=50526"}],"wp:term":[{"taxonomy":"product_brand","embeddable":true,"href":"https:\/\/cndestetik.ch\/fr\/wp-json\/wp\/v2\/product_brand?post=50526"},{"taxonomy":"product_cat","embeddable":true,"href":"https:\/\/cndestetik.ch\/fr\/wp-json\/wp\/v2\/product_cat?post=50526"},{"taxonomy":"product_tag","embeddable":true,"href":"https:\/\/cndestetik.ch\/fr\/wp-json\/wp\/v2\/product_tag?post=50526"}],"curies":[{"name":"wp","href":"https:\/\/api.w.org\/{rel}","templated":true}]}}