{"id":50482,"date":"2022-07-05T16:44:03","date_gmt":"2022-07-05T14:44:03","guid":{"rendered":"https:\/\/cndestetik.ch\/prodotto\/bague-50-tip\/"},"modified":"2022-11-15T17:17:31","modified_gmt":"2022-11-15T16:17:31","slug":"anneau-50-tip","status":"publish","type":"product","link":"https:\/\/cndestetik.ch\/fr\/prodotto\/anneau-50-tip\/","title":{"rendered":"Bague 50-Tip"},"content":{"rendered":"<p><span data-sheets-value=\"{\"1\":2,\"2\":\"Caratterizzato da un anello in acciaio con 50 singoli tips per un facile utilizzo e conservazione.\\n\\nMateriale della punta: polietilene ad alto impatto\\nDimensione dell'anello: 2,5\\\" di diametro\\nTip Pop Size: 5\\\" di lunghezza\\n\\nOgni borsa contiene 50 punte individuali e un anello\"}\" data-sheets-userformat=\"{\"2\":15297,\"3\":{\"1\":0},\"9\":0,\"10\":2,\"11\":0,\"12\":0,\"14\":{\"1\":2,\"2\":0},\"15\":\"Calibri\",\"16\":11}\">Comprend un anneau en acier avec 50 embouts individuels pour une utilisation et un rangement faciles.<\/p>\n<p>Mat\u00e9riau de l&#8217;embout : poly\u00e9thyl\u00e8ne haute r\u00e9sistance<br \/>\nTaille de l&#8217;anneau : 2,5&#8243; de diam\u00e8tre<br \/>\nTaille de l&#8217;embout : 5&#8243; de long<\/p>\n<p>Chaque sac contient 50 embouts individuels et un anneau<\/span><\/p>\n","protected":false},"excerpt":{"rendered":"<p><span data-sheets-value=\"{\"1\":2,\"2\":\"Caratterizzato da un anello in acciaio con 50 singoli tips per un facile utilizzo e conservazione.\\n\\nMateriale della punta: polietilene ad alto impatto\\nDimensione dell'anello: 2,5\\\" di diametro\\nTip Pop Size: 5\\\" di lunghezza\\n\\nOgni borsa contiene 50 punte individuali e un anello\"}\" data-sheets-userformat=\"{\"2\":15297,\"3\":{\"1\":0},\"9\":0,\"10\":2,\"11\":0,\"12\":0,\"14\":{\"1\":2,\"2\":0},\"15\":\"Calibri\",\"16\":11}\">Comprend un anneau en acier avec 50 embouts individuels pour une utilisation et un rangement faciles.<\/span><\/p>\n","protected":false},"featured_media":50479,"template":"","meta":{"_acf_changed":false},"product_brand":[],"product_cat":[1501],"product_tag":[8042,8041,8040,4052,6624],"class_list":{"0":"post-50482","1":"product","2":"type-product","3":"status-publish","4":"has-post-thumbnail","6":"product_cat-nails-manucure-et-pedicure","7":"product_tag-anneau-fr","8":"product_tag-anneau","9":"product_tag-anneaux","10":"product_tag-cnd-fr","11":"product_tag-conseils","13":"first","14":"instock","15":"taxable","16":"shipping-taxable","17":"purchasable","18":"product-type-simple"},"acf":[],"jetpack_sharing_enabled":true,"_links":{"self":[{"href":"https:\/\/cndestetik.ch\/fr\/wp-json\/wp\/v2\/product\/50482","targetHints":{"allow":["GET"]}}],"collection":[{"href":"https:\/\/cndestetik.ch\/fr\/wp-json\/wp\/v2\/product"}],"about":[{"href":"https:\/\/cndestetik.ch\/fr\/wp-json\/wp\/v2\/types\/product"}],"wp:featuredmedia":[{"embeddable":true,"href":"https:\/\/cndestetik.ch\/fr\/wp-json\/wp\/v2\/media\/50479"}],"wp:attachment":[{"href":"https:\/\/cndestetik.ch\/fr\/wp-json\/wp\/v2\/media?parent=50482"}],"wp:term":[{"taxonomy":"product_brand","embeddable":true,"href":"https:\/\/cndestetik.ch\/fr\/wp-json\/wp\/v2\/product_brand?post=50482"},{"taxonomy":"product_cat","embeddable":true,"href":"https:\/\/cndestetik.ch\/fr\/wp-json\/wp\/v2\/product_cat?post=50482"},{"taxonomy":"product_tag","embeddable":true,"href":"https:\/\/cndestetik.ch\/fr\/wp-json\/wp\/v2\/product_tag?post=50482"}],"curies":[{"name":"wp","href":"https:\/\/api.w.org\/{rel}","templated":true}]}}