{"id":50409,"date":"2022-07-05T16:12:56","date_gmt":"2022-07-05T14:12:56","guid":{"rendered":"https:\/\/cndestetik.ch\/?post_type=product&#038;p=50409"},"modified":"2022-11-15T17:17:34","modified_gmt":"2022-11-15T16:17:34","slug":"cnd-solaroil","status":"publish","type":"product","link":"https:\/\/cndestetik.ch\/fr\/prodotto\/cnd-solaroil\/","title":{"rendered":"CND Solaroil"},"content":{"rendered":"<p><span data-sheets-value=\"{\"1\":2,\"2\":\"Solaroil \u00e8 il pluripremiato trattamento per le cuticole che garantisce massima idratazione a unghie e cuticole. Ricca miscela di olio di jojoba, olio di mandorle e Vitamine E. Penetra in profondit\u00e0, idrata e protegge unghie e cuticole. 15 ml\"}\" data-sheets-userformat=\"{\"2\":15297,\"3\":{\"1\":0},\"9\":0,\"10\":2,\"11\":0,\"12\":0,\"14\":{\"1\":2,\"2\":0},\"15\":\"Calibri\",\"16\":11}\">Solaroil est le traitement prim\u00e9 qui procure aux ongles et aux cuticules une hydratation maximale. Riche m\u00e9lange d&#8217;huile de jojoba, d&#8217;huile d&#8217;amande et de vitamine E.  <\/span><\/p>\n<p><span data-sheets-value=\"{\"1\":2,\"2\":\"Solaroil \u00e8 il pluripremiato trattamento per le cuticole che garantisce massima idratazione a unghie e cuticole. Ricca miscela di olio di jojoba, olio di mandorle e Vitamine E. Penetra in profondit\u00e0, idrata e protegge unghie e cuticole. 15 ml\"}\" data-sheets-userformat=\"{\"2\":15297,\"3\":{\"1\":0},\"9\":0,\"10\":2,\"11\":0,\"12\":0,\"14\":{\"1\":2,\"2\":0},\"15\":\"Calibri\",\"16\":11}\">Il p\u00e9n\u00e8tre en profondeur, hydrate et prot\u00e8ge les ongles et les cuticules.<\/span><\/p>\n","protected":false},"excerpt":{"rendered":"<p><span data-sheets-value=\"{\"1\":2,\"2\":\"Solaroil \u00e8 il pluripremiato trattamento per le cuticole che garantisce massima idratazione a unghie e cuticole. Ricca miscela di olio di jojoba, olio di mandorle e Vitamine E. Penetra in profondit\u00e0, idrata e protegge unghie e cuticole. 15 ml\"}\" data-sheets-userformat=\"{\"2\":15297,\"3\":{\"1\":0},\"9\":0,\"10\":2,\"11\":0,\"12\":0,\"14\":{\"1\":2,\"2\":0},\"15\":\"Calibri\",\"16\":11}\">Il p\u00e9n\u00e8tre en profondeur, hydrate et prot\u00e8ge les ongles et les cuticules.<\/span><\/p>\n","protected":false},"featured_media":50416,"template":"","meta":{"_acf_changed":false},"product_brand":[],"product_cat":[1501],"product_tag":[4052,1332,1275,2183,4098,1354,1355,7889,8015],"class_list":{"0":"post-50409","1":"product","2":"type-product","3":"status-publish","4":"has-post-thumbnail","6":"product_cat-nails-manucure-et-pedicure","7":"product_tag-cnd-fr","8":"product_tag-cuticules","9":"product_tag-gel-fr","10":"product_tag-huile","11":"product_tag-hydratation","12":"product_tag-ongles","13":"product_tag-ongles-fr","14":"product_tag-solaire-fr","15":"product_tag-solaroil-fr","16":"pa_quantita-10-morceaux","17":"pa_quantita-15ml-fr","18":"pa_quantita-20-pieces","19":"pa_quantita-40-pieces","21":"first","22":"instock","23":"taxable","24":"shipping-taxable","25":"purchasable","26":"product-type-variable"},"acf":[],"jetpack_sharing_enabled":true,"_links":{"self":[{"href":"https:\/\/cndestetik.ch\/fr\/wp-json\/wp\/v2\/product\/50409","targetHints":{"allow":["GET"]}}],"collection":[{"href":"https:\/\/cndestetik.ch\/fr\/wp-json\/wp\/v2\/product"}],"about":[{"href":"https:\/\/cndestetik.ch\/fr\/wp-json\/wp\/v2\/types\/product"}],"wp:featuredmedia":[{"embeddable":true,"href":"https:\/\/cndestetik.ch\/fr\/wp-json\/wp\/v2\/media\/50416"}],"wp:attachment":[{"href":"https:\/\/cndestetik.ch\/fr\/wp-json\/wp\/v2\/media?parent=50409"}],"wp:term":[{"taxonomy":"product_brand","embeddable":true,"href":"https:\/\/cndestetik.ch\/fr\/wp-json\/wp\/v2\/product_brand?post=50409"},{"taxonomy":"product_cat","embeddable":true,"href":"https:\/\/cndestetik.ch\/fr\/wp-json\/wp\/v2\/product_cat?post=50409"},{"taxonomy":"product_tag","embeddable":true,"href":"https:\/\/cndestetik.ch\/fr\/wp-json\/wp\/v2\/product_tag?post=50409"}],"curies":[{"name":"wp","href":"https:\/\/api.w.org\/{rel}","templated":true}]}}