{"id":50391,"date":"2022-07-05T16:10:07","date_gmt":"2022-07-05T14:10:07","guid":{"rendered":"https:\/\/cndestetik.ch\/prodotto\/cnd-stickey-base-coat\/"},"modified":"2023-02-09T15:04:54","modified_gmt":"2023-02-09T14:04:54","slug":"cnd-stickey-base-coat","status":"publish","type":"product","link":"https:\/\/cndestetik.ch\/fr\/prodotto\/cnd-stickey-base-coat\/","title":{"rendered":"CND-Stickey Base Coat"},"content":{"rendered":"<p><span data-sheets-value=\"{\"1\":2,\"2\":\"La base appiccicosa crea uno strato morbido e appiccicoso che fissa il colore dell'unghia all'unghia e migliora la vestibilit\u00e0.\\n\\nUna base morbida e appiccicosa per unghie sane\\nAncora lo smalto all'unghia per aiutare a prevenire la desquamazione e la scheggiatura\\nMigliora la vestibilit\u00e0 dello smalto\\nAiuta a prevenire la colorazione della superficie delle unghie naturali \"}\" data-sheets-userformat=\"{\"2\":15297,\"3\":{\"1\":0},\"9\":0,\"10\":2,\"11\":0,\"12\":0,\"14\":{\"1\":2,\"2\":0},\"15\":\"Calibri\",\"16\":11}\">La base collante cr\u00e9e une couche douce et collante qui fixe la couleur sur l&#8217;ongle et am\u00e9liore la tenue.<\/span><\/p>\n<p>Une base douce et collante pour des ongles sains.<br \/>\nDu vernis \u00e0 ongles \u00e0 nouveau pour \u00e9viter le d\u00e9collement et l&#8217;\u00e9caillage.<br \/>\nAm\u00e9liore la tenue de l&#8217;\u00e9mail<br \/>\nAide \u00e0 pr\u00e9venir la d\u00e9coloration de la surface des ongles naturels.<\/p>\n<p>Taille : 15ml<\/p>\n","protected":false},"excerpt":{"rendered":"<p><span data-sheets-value=\"{\"1\":2,\"2\":\"La base appiccicosa crea uno strato morbido e appiccicoso che fissa il colore dell'unghia all'unghia e migliora la vestibilit\u00e0.\\n\\nUna base morbida e appiccicosa per unghie sane\\nAncora lo smalto all'unghia per aiutare a prevenire la desquamazione e la scheggiatura\\nMigliora la vestibilit\u00e0 dello smalto\\nAiuta a prevenire la colorazione della superficie delle unghie naturali \"}\" data-sheets-userformat=\"{\"2\":15297,\"3\":{\"1\":0},\"9\":0,\"10\":2,\"11\":0,\"12\":0,\"14\":{\"1\":2,\"2\":0},\"15\":\"Calibri\",\"16\":11}\">Du vernis \u00e0 ongles \u00e0 nouveau pour \u00e9viter le d\u00e9collement et l&#8217;\u00e9caillage.<\/span><\/p>\n","protected":false},"featured_media":58589,"template":"","meta":{"_acf_changed":false},"product_brand":[],"product_cat":[1501],"product_tag":[6764,8009,9761,1959,1354,1355],"class_list":{"0":"post-50391","1":"product","2":"type-product","3":"status-publish","4":"has-post-thumbnail","6":"product_cat-nails-manucure-et-pedicure","7":"product_tag-base-fr","8":"product_tag-collant","9":"product_tag-collant-fr","10":"product_tag-manteau","11":"product_tag-ongles","12":"product_tag-ongles-fr","14":"first","15":"instock","16":"taxable","17":"shipping-taxable","18":"purchasable","19":"product-type-simple"},"acf":[],"jetpack_sharing_enabled":true,"_links":{"self":[{"href":"https:\/\/cndestetik.ch\/fr\/wp-json\/wp\/v2\/product\/50391","targetHints":{"allow":["GET"]}}],"collection":[{"href":"https:\/\/cndestetik.ch\/fr\/wp-json\/wp\/v2\/product"}],"about":[{"href":"https:\/\/cndestetik.ch\/fr\/wp-json\/wp\/v2\/types\/product"}],"wp:featuredmedia":[{"embeddable":true,"href":"https:\/\/cndestetik.ch\/fr\/wp-json\/wp\/v2\/media\/58589"}],"wp:attachment":[{"href":"https:\/\/cndestetik.ch\/fr\/wp-json\/wp\/v2\/media?parent=50391"}],"wp:term":[{"taxonomy":"product_brand","embeddable":true,"href":"https:\/\/cndestetik.ch\/fr\/wp-json\/wp\/v2\/product_brand?post=50391"},{"taxonomy":"product_cat","embeddable":true,"href":"https:\/\/cndestetik.ch\/fr\/wp-json\/wp\/v2\/product_cat?post=50391"},{"taxonomy":"product_tag","embeddable":true,"href":"https:\/\/cndestetik.ch\/fr\/wp-json\/wp\/v2\/product_tag?post=50391"}],"curies":[{"name":"wp","href":"https:\/\/api.w.org\/{rel}","templated":true}]}}