{"id":50380,"date":"2022-07-05T16:06:14","date_gmt":"2022-07-05T14:06:14","guid":{"rendered":"https:\/\/cndestetik.ch\/prodotto\/cnd-super-shiney\/"},"modified":"2023-05-02T09:22:13","modified_gmt":"2023-05-02T07:22:13","slug":"cnd-super-shiney","status":"publish","type":"product","link":"https:\/\/cndestetik.ch\/fr\/prodotto\/cnd-super-shiney\/","title":{"rendered":"CND &#8211; Super Shiney"},"content":{"rendered":"<p><span data-sheets-value=\"{\"1\":2,\"2\":\"Il nome dice tutto! Il top coat Super Shiny dona una finitura super dura e di lunga durata che resiste ai graffi e brilla di lucentezza.\\n\\nUn top coat super duro e brillante\\nOffre una lucentezza duratura mentre sigilla e protegge lo smalto\\nFornisce una lucentezza resistente ai graffi\\nSigilla e protegge lo smalto\\nGli assorbitori UV proteggono dallo sbiadimento e dallo scolorimento\"}\" data-sheets-userformat=\"{\"2\":15297,\"3\":{\"1\":0},\"9\":0,\"10\":2,\"11\":0,\"12\":0,\"14\":{\"1\":2,\"2\":0},\"15\":\"Calibri\",\"16\":11}\">Le nom dit tout ! La couche de finition Super Shiney donne une finition super dure et durable qui r\u00e9siste aux rayures et brille avec \u00e9clat.<\/span><\/p>\n<p>Une couche de finition super dure et brillante<br \/>\nProcure un \u00e9clat durable tout en scellant et en prot\u00e9geant l&#8217;\u00e9mail.<br \/>\nProcure une brillance r\u00e9sistante aux rayures<br \/>\nScelle et prot\u00e8ge l&#8217;\u00e9mail<br \/>\nLes absorbeurs d&#8217;UV prot\u00e8gent contre la d\u00e9coloration et la d\u00e9coloration.<\/p>\n","protected":false},"excerpt":{"rendered":"<p><span data-sheets-value=\"{\"1\":2,\"2\":\"Il nome dice tutto! Il top coat Super Shiny dona una finitura super dura e di lunga durata che resiste ai graffi e brilla di lucentezza.\\n\\nUn top coat super duro e brillante\\nOffre una lucentezza duratura mentre sigilla e protegge lo smalto\\nFornisce una lucentezza resistente ai graffi\\nSigilla e protegge lo smalto\\nGli assorbitori UV proteggono dallo sbiadimento e dallo scolorimento\"}\" data-sheets-userformat=\"{\"2\":15297,\"3\":{\"1\":0},\"9\":0,\"10\":2,\"11\":0,\"12\":0,\"14\":{\"1\":2,\"2\":0},\"15\":\"Calibri\",\"16\":11}\">Procure un \u00e9clat durable tout en scellant et en prot\u00e9geant l&#8217;\u00e9mail.<\/span><\/p>\n","protected":false},"featured_media":50368,"template":"","meta":{"_acf_changed":false},"product_brand":[],"product_cat":[1501],"product_tag":[9765,8000,9350,4052,1959,8001,1962],"class_list":{"0":"post-50380","1":"product","2":"type-product","3":"status-publish","4":"has-post-thumbnail","6":"product_cat-nails-manucure-et-pedicure","7":"product_tag-brillant-fr-3","8":"product_tag-brillant-fr","9":"product_tag-brillant-fr-2","10":"product_tag-cnd-fr","11":"product_tag-manteau","12":"product_tag-super-fr","13":"product_tag-top-fr","14":"pa_formato-15ml-fr","15":"pa_formato-2-pieces-de-68ml","16":"pa_formato-68ml-fr","18":"first","19":"instock","20":"taxable","21":"shipping-taxable","22":"purchasable","23":"product-type-variable"},"acf":[],"jetpack_sharing_enabled":true,"_links":{"self":[{"href":"https:\/\/cndestetik.ch\/fr\/wp-json\/wp\/v2\/product\/50380","targetHints":{"allow":["GET"]}}],"collection":[{"href":"https:\/\/cndestetik.ch\/fr\/wp-json\/wp\/v2\/product"}],"about":[{"href":"https:\/\/cndestetik.ch\/fr\/wp-json\/wp\/v2\/types\/product"}],"wp:featuredmedia":[{"embeddable":true,"href":"https:\/\/cndestetik.ch\/fr\/wp-json\/wp\/v2\/media\/50368"}],"wp:attachment":[{"href":"https:\/\/cndestetik.ch\/fr\/wp-json\/wp\/v2\/media?parent=50380"}],"wp:term":[{"taxonomy":"product_brand","embeddable":true,"href":"https:\/\/cndestetik.ch\/fr\/wp-json\/wp\/v2\/product_brand?post=50380"},{"taxonomy":"product_cat","embeddable":true,"href":"https:\/\/cndestetik.ch\/fr\/wp-json\/wp\/v2\/product_cat?post=50380"},{"taxonomy":"product_tag","embeddable":true,"href":"https:\/\/cndestetik.ch\/fr\/wp-json\/wp\/v2\/product_tag?post=50380"}],"curies":[{"name":"wp","href":"https:\/\/api.w.org\/{rel}","templated":true}]}}