{"id":50310,"date":"2022-07-05T15:09:47","date_gmt":"2022-07-05T13:09:47","guid":{"rendered":"https:\/\/cndestetik.ch\/prodotto\/cnd-nailfresh\/"},"modified":"2022-11-15T17:18:46","modified_gmt":"2022-11-15T16:18:46","slug":"cnd-nailfresh","status":"publish","type":"product","link":"https:\/\/cndestetik.ch\/fr\/prodotto\/cnd-nailfresh\/","title":{"rendered":"CND Nailfresh"},"content":{"rendered":"<p><span data-sheets-value=\"{\"1\":2,\"2\":\"Preparatore deidratante per unghie. Deidratante temporaneo per l'unghia naturale, permette alla ricostruzione di aderire al meglio 29 ml.\"}\" data-sheets-userformat=\"{\"2\":15297,\"3\":{\"1\":0},\"9\":0,\"10\":2,\"11\":0,\"12\":0,\"14\":{\"1\":2,\"2\":0},\"15\":\"Calibri\",\"16\":11}\">Pr\u00e9paration d\u00e9shydratante pour les ongles. D\u00e9shydrateur temporaire de l&#8217;ongle naturel, permet une meilleure adh\u00e9sion de la reconstruction.  <\/span><\/p>\n<p><span data-sheets-value=\"{\"1\":2,\"2\":\"Preparatore deidratante per unghie. Deidratante temporaneo per l'unghia naturale, permette alla ricostruzione di aderire al meglio 29 ml.\"}\" data-sheets-userformat=\"{\"2\":15297,\"3\":{\"1\":0},\"9\":0,\"10\":2,\"11\":0,\"12\":0,\"14\":{\"1\":2,\"2\":0},\"15\":\"Calibri\",\"16\":11}\">Taille : 29ml<\/span><\/p>\n","protected":false},"excerpt":{"rendered":"<p><span data-sheets-value=\"{\"1\":2,\"2\":\"Preparatore deidratante per unghie. Deidratante temporaneo per l'unghia naturale, permette alla ricostruzione di aderire al meglio 29 ml.\"}\" data-sheets-userformat=\"{\"2\":15297,\"3\":{\"1\":0},\"9\":0,\"10\":2,\"11\":0,\"12\":0,\"14\":{\"1\":2,\"2\":0},\"15\":\"Calibri\",\"16\":11}\">D\u00e9shydrateur temporaire pour l&#8217;ongle naturel<\/span><\/p>\n","protected":false},"featured_media":50307,"template":"","meta":{"_acf_changed":false},"product_brand":[],"product_cat":[1501],"product_tag":[2064,9082,1124,5220,1355,9083,7970,1522],"class_list":{"0":"post-50310","1":"product","2":"type-product","3":"status-publish","4":"has-post-thumbnail","6":"product_cat-nails-manucure-et-pedicure","7":"product_tag-frais-fr","8":"product_tag-nailfresh-fr","9":"product_tag-ongle","10":"product_tag-ongle-fr","11":"product_tag-ongles-fr","12":"product_tag-perparateur","13":"product_tag-preparatif","14":"product_tag-reconstruction","16":"first","17":"instock","18":"taxable","19":"shipping-taxable","20":"purchasable","21":"product-type-simple"},"acf":[],"jetpack_sharing_enabled":true,"_links":{"self":[{"href":"https:\/\/cndestetik.ch\/fr\/wp-json\/wp\/v2\/product\/50310","targetHints":{"allow":["GET"]}}],"collection":[{"href":"https:\/\/cndestetik.ch\/fr\/wp-json\/wp\/v2\/product"}],"about":[{"href":"https:\/\/cndestetik.ch\/fr\/wp-json\/wp\/v2\/types\/product"}],"wp:featuredmedia":[{"embeddable":true,"href":"https:\/\/cndestetik.ch\/fr\/wp-json\/wp\/v2\/media\/50307"}],"wp:attachment":[{"href":"https:\/\/cndestetik.ch\/fr\/wp-json\/wp\/v2\/media?parent=50310"}],"wp:term":[{"taxonomy":"product_brand","embeddable":true,"href":"https:\/\/cndestetik.ch\/fr\/wp-json\/wp\/v2\/product_brand?post=50310"},{"taxonomy":"product_cat","embeddable":true,"href":"https:\/\/cndestetik.ch\/fr\/wp-json\/wp\/v2\/product_cat?post=50310"},{"taxonomy":"product_tag","embeddable":true,"href":"https:\/\/cndestetik.ch\/fr\/wp-json\/wp\/v2\/product_tag?post=50310"}],"curies":[{"name":"wp","href":"https:\/\/api.w.org\/{rel}","templated":true}]}}