{"id":50283,"date":"2022-07-05T14:57:39","date_gmt":"2022-07-05T12:57:39","guid":{"rendered":"https:\/\/cndestetik.ch\/prodotto\/couche-superieure-hebdomadaire\/"},"modified":"2022-11-15T17:18:45","modified_gmt":"2022-11-15T16:18:45","slug":"weekly-top-coat","status":"publish","type":"product","link":"https:\/\/cndestetik.ch\/fr\/prodotto\/weekly-top-coat\/","title":{"rendered":"Couche sup\u00e9rieure hebdomadaire"},"content":{"rendered":"<p><span data-sheets-value=\"{\"1\":2,\"2\":\"Asciugatura rapida, massima brillantezza, grazie alla tecnologia brevettata ProLight, si rinforza ogni volta che entra in contatto con la luce naturale.\"}\" data-sheets-userformat=\"{\"2\":15297,\"3\":{\"1\":0},\"9\":0,\"10\":2,\"11\":0,\"12\":0,\"14\":{\"1\":2,\"2\":0},\"15\":\"Calibri\",\"16\":11}\">S\u00e9chage rapide, brillance maximale, gr\u00e2ce \u00e0 la technologie brevet\u00e9e ProLight, il se renforce chaque fois qu&#8217;il entre en contact avec la lumi\u00e8re naturelle.<\/span><\/p>\n<p>Taille : 15ml<\/p>\n","protected":false},"excerpt":{"rendered":"<p><span data-sheets-value=\"{\"1\":2,\"2\":\"Asciugatura rapida, massima brillantezza, grazie alla tecnologia brevettata ProLight, si rinforza ogni volta che entra in contatto con la luce naturale.\"}\" data-sheets-userformat=\"{\"2\":15297,\"3\":{\"1\":0},\"9\":0,\"10\":2,\"11\":0,\"12\":0,\"14\":{\"1\":2,\"2\":0},\"15\":\"Calibri\",\"16\":11}\">Brillance maximale pour l&#8217;ongle<\/span><\/p>\n","protected":false},"featured_media":50280,"template":"","meta":{"_acf_changed":false},"product_brand":[],"product_cat":[1501],"product_tag":[9124,7951,1959,1962],"class_list":{"0":"post-50283","1":"product","2":"type-product","3":"status-publish","4":"has-post-thumbnail","6":"product_cat-nails-manucure-et-pedicure","7":"product_tag-brillance","8":"product_tag-hebdomadaire","9":"product_tag-manteau","10":"product_tag-top-fr","12":"first","13":"instock","14":"taxable","15":"shipping-taxable","16":"purchasable","17":"product-type-simple"},"acf":[],"jetpack_sharing_enabled":true,"_links":{"self":[{"href":"https:\/\/cndestetik.ch\/fr\/wp-json\/wp\/v2\/product\/50283","targetHints":{"allow":["GET"]}}],"collection":[{"href":"https:\/\/cndestetik.ch\/fr\/wp-json\/wp\/v2\/product"}],"about":[{"href":"https:\/\/cndestetik.ch\/fr\/wp-json\/wp\/v2\/types\/product"}],"wp:featuredmedia":[{"embeddable":true,"href":"https:\/\/cndestetik.ch\/fr\/wp-json\/wp\/v2\/media\/50280"}],"wp:attachment":[{"href":"https:\/\/cndestetik.ch\/fr\/wp-json\/wp\/v2\/media?parent=50283"}],"wp:term":[{"taxonomy":"product_brand","embeddable":true,"href":"https:\/\/cndestetik.ch\/fr\/wp-json\/wp\/v2\/product_brand?post=50283"},{"taxonomy":"product_cat","embeddable":true,"href":"https:\/\/cndestetik.ch\/fr\/wp-json\/wp\/v2\/product_cat?post=50283"},{"taxonomy":"product_tag","embeddable":true,"href":"https:\/\/cndestetik.ch\/fr\/wp-json\/wp\/v2\/product_tag?post=50283"}],"curies":[{"name":"wp","href":"https:\/\/api.w.org\/{rel}","templated":true}]}}