{"id":50261,"date":"2022-07-05T14:50:13","date_gmt":"2022-07-05T12:50:13","guid":{"rendered":"https:\/\/cndestetik.ch\/prodotto\/cnd-rescue-rxx\/"},"modified":"2022-11-15T17:18:43","modified_gmt":"2022-11-15T16:18:43","slug":"cnd-rescue-rxx","status":"publish","type":"product","link":"https:\/\/cndestetik.ch\/fr\/prodotto\/cnd-rescue-rxx\/","title":{"rendered":"CND Rescue RXX"},"content":{"rendered":"<p><span data-sheets-value=\"{\"1\":2,\"2\":\"Rescue RXx \u00e8 il trattamento intensivo a base di proteine della keratina che ripara unghie debili e danneggiate. Unghie visibilmente pi\u00f9 sane in 1 sola settimana. Ripara le unghie deboli o danneggiate mentre idrata a fondo. Notevole diminuzione di sfaldature, sbeccature e macchie bianche in espositore da banco 40 pz. x 3,7 ml\"}\" data-sheets-userformat=\"{\"2\":15297,\"3\":{\"1\":0},\"9\":0,\"10\":2,\"11\":0,\"12\":0,\"14\":{\"1\":2,\"2\":0},\"15\":\"Calibri\",\"16\":11}\">Rescue RXX est le traitement intensif aux prot\u00e9ines de k\u00e9ratine qui r\u00e9pare les ongles fragiles et ab\u00eem\u00e9s. Des ongles visiblement plus sains en une semaine seulement. R\u00e9pare les ongles faibles ou endommag\u00e9s tout en les hydratant en profondeur.  <\/span><\/p>\n<p><span data-sheets-value=\"{\"1\":2,\"2\":\"Rescue RXx \u00e8 il trattamento intensivo a base di proteine della keratina che ripara unghie debili e danneggiate. Unghie visibilmente pi\u00f9 sane in 1 sola settimana. Ripara le unghie deboli o danneggiate mentre idrata a fondo. Notevole diminuzione di sfaldature, sbeccature e macchie bianche in espositore da banco 40 pz. x 3,7 ml\"}\" data-sheets-userformat=\"{\"2\":15297,\"3\":{\"1\":0},\"9\":0,\"10\":2,\"11\":0,\"12\":0,\"14\":{\"1\":2,\"2\":0},\"15\":\"Calibri\",\"16\":11}\">Diminution significative de l&#8217;\u00e9caillage, de l&#8217;effritement et des taches blanches.<\/span><\/p>\n","protected":false},"excerpt":{"rendered":"<p>Des ongles visiblement plus sains en une semaine seulement.<\/p>\n","protected":false},"featured_media":50259,"template":"","meta":{"_acf_changed":false},"product_brand":[],"product_cat":[1501],"product_tag":[4052,1275,5220,1355,1354,8957,9146,7934,1028],"class_list":{"0":"post-50261","1":"product","2":"type-product","3":"status-publish","4":"has-post-thumbnail","6":"product_cat-nails-manucure-et-pedicure","7":"product_tag-cnd-fr","8":"product_tag-gel-fr","9":"product_tag-ongle-fr","10":"product_tag-ongles-fr","11":"product_tag-ongles","12":"product_tag-reparateur","13":"product_tag-reparation-du-site","14":"product_tag-sauvetage","15":"product_tag-traitement","16":"pa_quantita-10-morceaux","17":"pa_quantita-15ml-fr","18":"pa_quantita-20-pieces","19":"pa_quantita-40-pieces","21":"first","22":"instock","23":"taxable","24":"shipping-taxable","25":"purchasable","26":"product-type-variable"},"acf":[],"jetpack_sharing_enabled":true,"_links":{"self":[{"href":"https:\/\/cndestetik.ch\/fr\/wp-json\/wp\/v2\/product\/50261","targetHints":{"allow":["GET"]}}],"collection":[{"href":"https:\/\/cndestetik.ch\/fr\/wp-json\/wp\/v2\/product"}],"about":[{"href":"https:\/\/cndestetik.ch\/fr\/wp-json\/wp\/v2\/types\/product"}],"wp:featuredmedia":[{"embeddable":true,"href":"https:\/\/cndestetik.ch\/fr\/wp-json\/wp\/v2\/media\/50259"}],"wp:attachment":[{"href":"https:\/\/cndestetik.ch\/fr\/wp-json\/wp\/v2\/media?parent=50261"}],"wp:term":[{"taxonomy":"product_brand","embeddable":true,"href":"https:\/\/cndestetik.ch\/fr\/wp-json\/wp\/v2\/product_brand?post=50261"},{"taxonomy":"product_cat","embeddable":true,"href":"https:\/\/cndestetik.ch\/fr\/wp-json\/wp\/v2\/product_cat?post=50261"},{"taxonomy":"product_tag","embeddable":true,"href":"https:\/\/cndestetik.ch\/fr\/wp-json\/wp\/v2\/product_tag?post=50261"}],"curies":[{"name":"wp","href":"https:\/\/api.w.org\/{rel}","templated":true}]}}