{"id":50237,"date":"2022-07-05T14:14:54","date_gmt":"2022-07-05T12:14:54","guid":{"rendered":"https:\/\/cndestetik.ch\/prodotto\/cnd-spa-traitement-des-talons-au-concombre-lissage-des-callosites\/"},"modified":"2022-07-05T14:14:54","modified_gmt":"2022-07-05T12:14:54","slug":"cnd-spa-concombre-peaux-therapie-callosites-apaisement","status":"publish","type":"product","link":"https:\/\/cndestetik.ch\/fr\/prodotto\/cnd-spa-concombre-peaux-therapie-callosites-apaisement\/","title":{"rendered":"CND Spa &#8211; Traitement des talons au concombre &#8211; Lissage des callosit\u00e9s"},"content":{"rendered":"<p><span data-sheets-value=\"{\"1\":2,\"2\":\"Potente siero professionale ad alta concentrazione di Alfa-idrossiacidi. Riduce ed elimina la callosit\u00e0. L'utilizzo regolare aiuta a prevenire la formazione di callosit\u00e0\"}\" data-sheets-userformat=\"{\"2\":15297,\"3\":{\"1\":0},\"9\":0,\"10\":2,\"11\":0,\"12\":0,\"14\":{\"1\":2,\"2\":0},\"15\":\"Calibri\",\"16\":11}\">S\u00e9rum professionnel puissant \u00e0 forte concentration d&#8217;acides alpha-hydroxyl\u00e9s. R\u00e9duit et \u00e9limine les callosit\u00e9s. Une utilisation r\u00e9guli\u00e8re permet de pr\u00e9venir la formation de callosit\u00e9s<\/span><\/p>\n<p>Taille : 236ml<\/p>\n","protected":false},"excerpt":{"rendered":"<p>R\u00e9duit et \u00e9limine les callosit\u00e9s.<\/p>\n","protected":false},"featured_media":50234,"template":"","meta":{"_acf_changed":false},"product_brand":[],"product_cat":[1501],"product_tag":[7915,7916,7918,7917,7919],"class_list":{"0":"post-50237","1":"product","2":"type-product","3":"status-publish","4":"has-post-thumbnail","6":"product_cat-nails-manucure-et-pedicure","7":"product_tag-callosite-fr","8":"product_tag-concombre","9":"product_tag-plus-lisse","10":"product_tag-talon","11":"product_tag-therapie","13":"first","14":"instock","15":"taxable","16":"shipping-taxable","17":"purchasable","18":"product-type-simple"},"acf":[],"jetpack_sharing_enabled":true,"_links":{"self":[{"href":"https:\/\/cndestetik.ch\/fr\/wp-json\/wp\/v2\/product\/50237","targetHints":{"allow":["GET"]}}],"collection":[{"href":"https:\/\/cndestetik.ch\/fr\/wp-json\/wp\/v2\/product"}],"about":[{"href":"https:\/\/cndestetik.ch\/fr\/wp-json\/wp\/v2\/types\/product"}],"wp:featuredmedia":[{"embeddable":true,"href":"https:\/\/cndestetik.ch\/fr\/wp-json\/wp\/v2\/media\/50234"}],"wp:attachment":[{"href":"https:\/\/cndestetik.ch\/fr\/wp-json\/wp\/v2\/media?parent=50237"}],"wp:term":[{"taxonomy":"product_brand","embeddable":true,"href":"https:\/\/cndestetik.ch\/fr\/wp-json\/wp\/v2\/product_brand?post=50237"},{"taxonomy":"product_cat","embeddable":true,"href":"https:\/\/cndestetik.ch\/fr\/wp-json\/wp\/v2\/product_cat?post=50237"},{"taxonomy":"product_tag","embeddable":true,"href":"https:\/\/cndestetik.ch\/fr\/wp-json\/wp\/v2\/product_tag?post=50237"}],"curies":[{"name":"wp","href":"https:\/\/api.w.org\/{rel}","templated":true}]}}