{"id":50198,"date":"2022-07-05T13:37:25","date_gmt":"2022-07-05T11:37:25","guid":{"rendered":"https:\/\/cndestetik.ch\/prodotto\/masque-illuminateur-cnd-citrus\/"},"modified":"2022-07-05T13:37:25","modified_gmt":"2022-07-05T11:37:25","slug":"cnd-citrus-illuminating-masque-2","status":"publish","type":"product","link":"https:\/\/cndestetik.ch\/fr\/prodotto\/cnd-citrus-illuminating-masque-2\/","title":{"rendered":"Masque illuminateur CND Citrus"},"content":{"rendered":"<p><span data-sheets-value=\"{\"1\":2,\"2\":\"Maschera mani illuminante con oli essenziali di agrumi e olio di vinacciolo. Aiuta a ridurre i segni visibili del tempo grazie al complesso rassodante di peptidi\"}\" data-sheets-userformat=\"{\"2\":15297,\"3\":{\"1\":0},\"9\":0,\"10\":2,\"11\":0,\"12\":0,\"14\":{\"1\":2,\"2\":0},\"15\":\"Calibri\",\"16\":11}\">Masque illuminateur pour les mains aux huiles essentielles d&#8217;agrumes et \u00e0 l&#8217;huile de p\u00e9pins de raisin. Aide \u00e0 r\u00e9duire les signes visibles du vieillissement gr\u00e2ce au complexe peptidique raffermissant.<\/span><\/p>\n<p>Taille : 765g<\/p>\n","protected":false},"excerpt":{"rendered":"<p><span data-sheets-value=\"{\"1\":2,\"2\":\"Maschera mani illuminante con oli essenziali di agrumi e olio di vinacciolo. Aiuta a ridurre i segni visibili del tempo grazie al complesso rassodante di peptidi\"}\" data-sheets-userformat=\"{\"2\":15297,\"3\":{\"1\":0},\"9\":0,\"10\":2,\"11\":0,\"12\":0,\"14\":{\"1\":2,\"2\":0},\"15\":\"Calibri\",\"16\":11}\">Masque illuminateur pour les mains aux huiles essentielles d&#8217;agrumes et \u00e0 l&#8217;huile de p\u00e9pins de raisin.<\/span><\/p>\n","protected":false},"featured_media":50195,"template":"","meta":{"_acf_changed":false},"product_brand":[],"product_cat":[1501],"product_tag":[7532,4052,3545,4726],"class_list":{"0":"post-50198","1":"product","2":"type-product","3":"status-publish","4":"has-post-thumbnail","6":"product_cat-nails-manucure-et-pedicure","7":"product_tag-agrumes-fr","8":"product_tag-cnd-fr","9":"product_tag-mains","10":"product_tag-masque-fr","12":"first","13":"instock","14":"taxable","15":"shipping-taxable","16":"purchasable","17":"product-type-simple"},"acf":[],"jetpack_sharing_enabled":true,"_links":{"self":[{"href":"https:\/\/cndestetik.ch\/fr\/wp-json\/wp\/v2\/product\/50198","targetHints":{"allow":["GET"]}}],"collection":[{"href":"https:\/\/cndestetik.ch\/fr\/wp-json\/wp\/v2\/product"}],"about":[{"href":"https:\/\/cndestetik.ch\/fr\/wp-json\/wp\/v2\/types\/product"}],"wp:featuredmedia":[{"embeddable":true,"href":"https:\/\/cndestetik.ch\/fr\/wp-json\/wp\/v2\/media\/50195"}],"wp:attachment":[{"href":"https:\/\/cndestetik.ch\/fr\/wp-json\/wp\/v2\/media?parent=50198"}],"wp:term":[{"taxonomy":"product_brand","embeddable":true,"href":"https:\/\/cndestetik.ch\/fr\/wp-json\/wp\/v2\/product_brand?post=50198"},{"taxonomy":"product_cat","embeddable":true,"href":"https:\/\/cndestetik.ch\/fr\/wp-json\/wp\/v2\/product_cat?post=50198"},{"taxonomy":"product_tag","embeddable":true,"href":"https:\/\/cndestetik.ch\/fr\/wp-json\/wp\/v2\/product_tag?post=50198"}],"curies":[{"name":"wp","href":"https:\/\/api.w.org\/{rel}","templated":true}]}}