{"id":50119,"date":"2025-07-30T11:04:30","date_gmt":"2025-07-30T09:04:30","guid":{"rendered":"https:\/\/cndestetik.ch\/prodotto\/couche-de-base-de-la-gomme-laque\/"},"modified":"2022-11-15T17:18:44","modified_gmt":"2022-11-15T16:18:44","slug":"couche-de-gomme-laque-base","status":"publish","type":"product","link":"https:\/\/cndestetik.ch\/fr\/prodotto\/couche-de-gomme-laque-base\/","title":{"rendered":"Couche de base de la gomme-laque"},"content":{"rendered":"<p><span data-sheets-value=\"{\"1\":2,\"2\":\"Il primo step del sistema Shellac. Garantisce adesione superiore a CND Shellac color coat. Uno strato sottile polimerizza in soli 10 secondi nella CND LED Lamp 7,3 ml.\"}\" data-sheets-userformat=\"{\"2\":15297,\"3\":{\"1\":0},\"9\":0,\"10\":2,\"11\":0,\"12\":0,\"14\":{\"1\":2,\"2\":0},\"15\":\"Calibri\",\"16\":11}\">La premi\u00e8re \u00e9tape du syst\u00e8me Shellac. Il offre une adh\u00e9rence sup\u00e9rieure \u00e0 la couche de couleur CND Shellac. Une fine couche durcit en seulement 10 secondes dans la lampe LED CND.<\/span><\/p>\n","protected":false},"excerpt":{"rendered":"<p><span data-sheets-value=\"{\"1\":2,\"2\":\"Il primo step del sistema Shellac. Garantisce adesione superiore a CND Shellac color coat. Uno strato sottile polimerizza in soli 10 secondi nella CND LED Lamp 7,3 ml.\"}\" data-sheets-userformat=\"{\"2\":15297,\"3\":{\"1\":0},\"9\":0,\"10\":2,\"11\":0,\"12\":0,\"14\":{\"1\":2,\"2\":0},\"15\":\"Calibri\",\"16\":11}\">La premi\u00e8re \u00e9tape du syst\u00e8me Shellac.<\/span><\/p>\n","protected":false},"featured_media":54562,"template":"","meta":{"_acf_changed":false},"product_brand":[],"product_cat":[1501],"product_tag":[9366,6764,4052,1959],"class_list":{"0":"post-50119","1":"product","2":"type-product","3":"status-publish","4":"has-post-thumbnail","6":"product_cat-nails-manucure-et-pedicure","7":"product_tag-adhesion","8":"product_tag-base-fr","9":"product_tag-cnd-fr","10":"product_tag-manteau","11":"pa_boccetta-12-5ml-fr","12":"pa_boccetta-7-3ml-fr","14":"first","15":"instock","16":"taxable","17":"shipping-taxable","18":"purchasable","19":"product-type-variable"},"acf":[],"jetpack_sharing_enabled":true,"_links":{"self":[{"href":"https:\/\/cndestetik.ch\/fr\/wp-json\/wp\/v2\/product\/50119","targetHints":{"allow":["GET"]}}],"collection":[{"href":"https:\/\/cndestetik.ch\/fr\/wp-json\/wp\/v2\/product"}],"about":[{"href":"https:\/\/cndestetik.ch\/fr\/wp-json\/wp\/v2\/types\/product"}],"wp:featuredmedia":[{"embeddable":true,"href":"https:\/\/cndestetik.ch\/fr\/wp-json\/wp\/v2\/media\/54562"}],"wp:attachment":[{"href":"https:\/\/cndestetik.ch\/fr\/wp-json\/wp\/v2\/media?parent=50119"}],"wp:term":[{"taxonomy":"product_brand","embeddable":true,"href":"https:\/\/cndestetik.ch\/fr\/wp-json\/wp\/v2\/product_brand?post=50119"},{"taxonomy":"product_cat","embeddable":true,"href":"https:\/\/cndestetik.ch\/fr\/wp-json\/wp\/v2\/product_cat?post=50119"},{"taxonomy":"product_tag","embeddable":true,"href":"https:\/\/cndestetik.ch\/fr\/wp-json\/wp\/v2\/product_tag?post=50119"}],"curies":[{"name":"wp","href":"https:\/\/api.w.org\/{rel}","templated":true}]}}