{"id":50097,"date":"2022-07-05T11:40:09","date_gmt":"2022-07-05T09:40:09","guid":{"rendered":"https:\/\/cndestetik.ch\/?post_type=product&#038;p=50097"},"modified":"2022-11-15T17:18:47","modified_gmt":"2022-11-15T16:18:47","slug":"gomme-laque-couche-glitter","status":"publish","type":"product","link":"https:\/\/cndestetik.ch\/fr\/prodotto\/gomme-laque-couche-glitter\/","title":{"rendered":"Shellac Top Coat Paillettes"},"content":{"rendered":"<p><span data-sheets-value=\"{\"1\":2,\"2\":\"Sigilla la manicure per una protezione a lunga tenuta. Finish scintillante ed elegante con un velo di micro glitter rossi, blu e verdi.. Si rimuove in pochi minuti senza nessun danno alle unghie naturali. Uno strato sottile polimerizza in soli 60 secondi nella NEW CND Lamp\"}\" data-sheets-userformat=\"{\"2\":15297,\"3\":{\"1\":0},\"9\":0,\"10\":2,\"11\":0,\"12\":0,\"14\":{\"1\":2,\"2\":0},\"15\":\"Calibri\",\"16\":11}\">Scelle la manucure pour une protection longue dur\u00e9e. Finition scintillante et \u00e9l\u00e9gante avec un voile de micro-paillettes rouges, bleues et vertes. Il s&#8217;enl\u00e8ve en quelques minutes sans endommager les ongles naturels. Une fine couche durcit en 60 secondes seulement avec la NOUVELLE lampe CND.<\/span><\/p>\n<p>Taille : 7.3ml<\/p>\n","protected":false},"excerpt":{"rendered":"<p><span data-sheets-value=\"{\"1\":2,\"2\":\"Sigilla la manicure per una protezione a lunga tenuta. Finish scintillante ed elegante con un velo di micro glitter rossi, blu e verdi.. Si rimuove in pochi minuti senza nessun danno alle unghie naturali. Uno strato sottile polimerizza in soli 60 secondi nella NEW CND Lamp\"}\" data-sheets-userformat=\"{\"2\":15297,\"3\":{\"1\":0},\"9\":0,\"10\":2,\"11\":0,\"12\":0,\"14\":{\"1\":2,\"2\":0},\"15\":\"Calibri\",\"16\":11}\">Finition p\u00e9tillante et \u00e9l\u00e9gante avec un voile de micro-paillettes rouges, bleues et vertes.<\/span><\/p>\n","protected":false},"featured_media":50101,"template":"","meta":{"_acf_changed":false},"product_brand":[],"product_cat":[1501],"product_tag":[4052,1960,1959,5255,4056,1962],"class_list":{"0":"post-50097","1":"product","2":"type-product","3":"status-publish","4":"has-post-thumbnail","6":"product_cat-nails-manucure-et-pedicure","7":"product_tag-cnd-fr","8":"product_tag-gomme-laque","9":"product_tag-manteau","10":"product_tag-paillettes","11":"product_tag-protection","12":"product_tag-top-fr","14":"first","15":"instock","16":"taxable","17":"shipping-taxable","18":"purchasable","19":"product-type-simple"},"acf":[],"jetpack_sharing_enabled":true,"_links":{"self":[{"href":"https:\/\/cndestetik.ch\/fr\/wp-json\/wp\/v2\/product\/50097","targetHints":{"allow":["GET"]}}],"collection":[{"href":"https:\/\/cndestetik.ch\/fr\/wp-json\/wp\/v2\/product"}],"about":[{"href":"https:\/\/cndestetik.ch\/fr\/wp-json\/wp\/v2\/types\/product"}],"wp:featuredmedia":[{"embeddable":true,"href":"https:\/\/cndestetik.ch\/fr\/wp-json\/wp\/v2\/media\/50101"}],"wp:attachment":[{"href":"https:\/\/cndestetik.ch\/fr\/wp-json\/wp\/v2\/media?parent=50097"}],"wp:term":[{"taxonomy":"product_brand","embeddable":true,"href":"https:\/\/cndestetik.ch\/fr\/wp-json\/wp\/v2\/product_brand?post=50097"},{"taxonomy":"product_cat","embeddable":true,"href":"https:\/\/cndestetik.ch\/fr\/wp-json\/wp\/v2\/product_cat?post=50097"},{"taxonomy":"product_tag","embeddable":true,"href":"https:\/\/cndestetik.ch\/fr\/wp-json\/wp\/v2\/product_tag?post=50097"}],"curies":[{"name":"wp","href":"https:\/\/api.w.org\/{rel}","templated":true}]}}