{"id":50071,"date":"2025-07-30T11:04:30","date_gmt":"2025-07-30T09:04:30","guid":{"rendered":"https:\/\/cndestetik.ch\/prodotto\/shellac-top-coat-duraforce\/"},"modified":"2022-11-15T17:19:56","modified_gmt":"2022-11-15T16:19:56","slug":"gomme-laque-top-couche-duraforce","status":"publish","type":"product","link":"https:\/\/cndestetik.ch\/fr\/prodotto\/gomme-laque-top-couche-duraforce\/","title":{"rendered":"Shellac Top Coat Duraforce"},"content":{"rendered":"<p><span data-sheets-value=\"{\"1\":2,\"2\":\"Ultra brillantezza e alta protezione. Sigilla la manicure per una protezione a lunga tenuta. Protezione extra da graffi e sbeccature anche per le unghie pi\u00f9 deboli. Si rimuove in pochi minuti senza nessun danno alle unghie naturali. Uno strato sottile polimerizza in soli 60 secondi nella New CND Lamp 15 ml.\"}\" data-sheets-userformat=\"{\"2\":15297,\"3\":{\"1\":0},\"9\":0,\"10\":2,\"11\":0,\"12\":0,\"14\":{\"1\":2,\"2\":0},\"15\":\"Calibri\",\"16\":11}\">Ultra-brillant et haute protection. Scelle la manucure pour une protection longue dur\u00e9e. Protection suppl\u00e9mentaire contre les rayures et l&#8217;\u00e9caillage, m\u00eame pour les ongles les plus fragiles. Il s&#8217;enl\u00e8ve en quelques minutes sans endommager les ongles naturels. La nouvelle lampe CND permet de durcir une fine couche en 60 secondes seulement.<\/span><span data-sheets-value=\"{\"1\":2,\"2\":\"Ultra brillantezza e alta protezione. Sigilla la manicure per una protezione a lunga tenuta. Protezione extra da graffi e sbeccature anche per le unghie pi\u00f9 deboli. Si rimuove in pochi minuti senza nessun danno alle unghie naturali. Uno strato sottile polimerizza in soli 60 secondi nella New CND Lamp 15 ml.\"}\" data-sheets-userformat=\"{\"2\":15297,\"3\":{\"1\":0},\"9\":0,\"10\":2,\"11\":0,\"12\":0,\"14\":{\"1\":2,\"2\":0},\"15\":\"Calibri\",\"16\":11}\">.<\/span><\/p>\n","protected":false},"excerpt":{"rendered":"<p><span data-sheets-value=\"{\"1\":2,\"2\":\"Ultra brillantezza e alta protezione. Sigilla la manicure per una protezione a lunga tenuta. Protezione extra da graffi e sbeccature anche per le unghie pi\u00f9 deboli. Si rimuove in pochi minuti senza nessun danno alle unghie naturali. Uno strato sottile polimerizza in soli 60 secondi nella New CND Lamp 15 ml.\"}\" data-sheets-userformat=\"{\"2\":15297,\"3\":{\"1\":0},\"9\":0,\"10\":2,\"11\":0,\"12\":0,\"14\":{\"1\":2,\"2\":0},\"15\":\"Calibri\",\"16\":11}\">Scelle la manucure pour une protection longue dur\u00e9e.<\/span><\/p>\n","protected":false},"featured_media":55230,"template":"","meta":{"_acf_changed":false},"product_brand":[],"product_cat":[1501],"product_tag":[4052,7818,1960,1959,4056,1962],"class_list":{"0":"post-50071","1":"product","2":"type-product","3":"status-publish","4":"has-post-thumbnail","6":"product_cat-nails-manucure-et-pedicure","7":"product_tag-cnd-fr","8":"product_tag-duraforce-fr","9":"product_tag-gomme-laque","10":"product_tag-manteau","11":"product_tag-protection","12":"product_tag-top-fr","13":"pa_boccetta-15ml-fr","14":"pa_boccetta-7-3ml-fr","16":"first","17":"instock","18":"taxable","19":"shipping-taxable","20":"purchasable","21":"product-type-variable"},"acf":[],"jetpack_sharing_enabled":true,"_links":{"self":[{"href":"https:\/\/cndestetik.ch\/fr\/wp-json\/wp\/v2\/product\/50071","targetHints":{"allow":["GET"]}}],"collection":[{"href":"https:\/\/cndestetik.ch\/fr\/wp-json\/wp\/v2\/product"}],"about":[{"href":"https:\/\/cndestetik.ch\/fr\/wp-json\/wp\/v2\/types\/product"}],"wp:featuredmedia":[{"embeddable":true,"href":"https:\/\/cndestetik.ch\/fr\/wp-json\/wp\/v2\/media\/55230"}],"wp:attachment":[{"href":"https:\/\/cndestetik.ch\/fr\/wp-json\/wp\/v2\/media?parent=50071"}],"wp:term":[{"taxonomy":"product_brand","embeddable":true,"href":"https:\/\/cndestetik.ch\/fr\/wp-json\/wp\/v2\/product_brand?post=50071"},{"taxonomy":"product_cat","embeddable":true,"href":"https:\/\/cndestetik.ch\/fr\/wp-json\/wp\/v2\/product_cat?post=50071"},{"taxonomy":"product_tag","embeddable":true,"href":"https:\/\/cndestetik.ch\/fr\/wp-json\/wp\/v2\/product_tag?post=50071"}],"curies":[{"name":"wp","href":"https:\/\/api.w.org\/{rel}","templated":true}]}}