{"id":50042,"date":"2022-07-05T09:34:38","date_gmt":"2022-07-05T07:34:38","guid":{"rendered":"https:\/\/cndestetik.ch\/prodotto\/vaporisateur-mod-dante-avec-fonction-ozone\/"},"modified":"2022-11-15T17:19:56","modified_gmt":"2022-11-15T16:19:56","slug":"vaporisateur-mod-dante-avec-fonction-ozone","status":"publish","type":"product","link":"https:\/\/cndestetik.ch\/fr\/prodotto\/vaporisateur-mod-dante-avec-fonction-ozone\/","title":{"rendered":"Vaporisateur Mod. Dante Avec fonction ozone"},"content":{"rendered":"<p><span data-sheets-value=\"{\"1\":2,\"2\":\"Vaporizzatore viso professionale per l'estetica con funzione ozono dal design semplice e funzionale.\\nIl vaporizzatore per pulizia viso Pure \u00e8 dotato di beccuccio girevole con porta essenze. \\nVaporizzatore con stativo molto stabile, regolabile in altezza e dotato di 5 ruote per facilitarne lo spostamento.\\nCapacit\u00e0 0,7\"}\" data-sheets-userformat=\"{\"2\":15297,\"3\":{\"1\":0},\"9\":0,\"10\":2,\"11\":0,\"12\":0,\"14\":{\"1\":2,\"2\":0},\"15\":\"Calibri\",\"16\":11}\">Appareil \u00e0 vapeur professionnel pour l&#8217;esth\u00e9tique du visage avec fonction ozone dans un design simple et fonctionnel.<br \/>\nLe nettoyeur vapeur pour le visage Pure est dot\u00e9 d&#8217;un embout rotatif avec un porte-essence.<br \/>\nVaporisateur avec support tr\u00e8s stable, r\u00e9glable en hauteur et \u00e9quip\u00e9 de 5 roues pour un d\u00e9placement facile.<br \/>\nCapacit\u00e9 0,7<\/span><\/p>\n","protected":false},"excerpt":{"rendered":"<p><span data-sheets-value=\"{\"1\":2,\"2\":\"Vaporizzatore viso professionale per l'estetica con funzione ozono dal design semplice e funzionale.\\nIl vaporizzatore per pulizia viso Pure \u00e8 dotato di beccuccio girevole con porta essenze. \\nVaporizzatore con stativo molto stabile, regolabile in altezza e dotato di 5 ruote per facilitarne lo spostamento.\\nCapacit\u00e0 0,7\"}\" data-sheets-userformat=\"{\"2\":15297,\"3\":{\"1\":0},\"9\":0,\"10\":2,\"11\":0,\"12\":0,\"14\":{\"1\":2,\"2\":0},\"15\":\"Calibri\",\"16\":11}\">Appareil \u00e0 vapeur professionnel pour l&#8217;esth\u00e9tique du visage avec fonction ozone dans un design simple et fonctionnel.<\/span><\/p>\n","protected":false},"featured_media":50039,"template":"","meta":{"_acf_changed":false},"product_brand":[],"product_cat":[1296],"product_tag":[9802,7809,9803,7810,765],"class_list":{"0":"post-50042","1":"product","2":"type-product","3":"status-publish","4":"has-post-thumbnail","6":"product_cat-equipement","7":"product_tag-dante-fr","8":"product_tag-ozone-fr","9":"product_tag-professionnel","10":"product_tag-vaporisateur","11":"product_tag-visage","13":"first","14":"instock","15":"taxable","16":"shipping-taxable","17":"purchasable","18":"product-type-simple"},"acf":[],"jetpack_sharing_enabled":true,"_links":{"self":[{"href":"https:\/\/cndestetik.ch\/fr\/wp-json\/wp\/v2\/product\/50042","targetHints":{"allow":["GET"]}}],"collection":[{"href":"https:\/\/cndestetik.ch\/fr\/wp-json\/wp\/v2\/product"}],"about":[{"href":"https:\/\/cndestetik.ch\/fr\/wp-json\/wp\/v2\/types\/product"}],"wp:featuredmedia":[{"embeddable":true,"href":"https:\/\/cndestetik.ch\/fr\/wp-json\/wp\/v2\/media\/50039"}],"wp:attachment":[{"href":"https:\/\/cndestetik.ch\/fr\/wp-json\/wp\/v2\/media?parent=50042"}],"wp:term":[{"taxonomy":"product_brand","embeddable":true,"href":"https:\/\/cndestetik.ch\/fr\/wp-json\/wp\/v2\/product_brand?post=50042"},{"taxonomy":"product_cat","embeddable":true,"href":"https:\/\/cndestetik.ch\/fr\/wp-json\/wp\/v2\/product_cat?post=50042"},{"taxonomy":"product_tag","embeddable":true,"href":"https:\/\/cndestetik.ch\/fr\/wp-json\/wp\/v2\/product_tag?post=50042"}],"curies":[{"name":"wp","href":"https:\/\/api.w.org\/{rel}","templated":true}]}}