{"id":49984,"date":"2022-07-04T15:55:15","date_gmt":"2022-07-04T13:55:15","guid":{"rendered":"https:\/\/cndestetik.ch\/prodotto\/inika-edition-limitee-quad-dombres-a-paupieres-desert\/"},"modified":"2023-01-12T13:47:35","modified_gmt":"2023-01-12T12:47:35","slug":"inika-limited-edition-eyeshadow-quad-desert","status":"publish","type":"product","link":"https:\/\/cndestetik.ch\/fr\/prodotto\/inika-limited-edition-eyeshadow-quad-desert\/","title":{"rendered":"INIKA \u00c9dition limit\u00e9e &#8211; Quad d&#8217;ombres \u00e0 paupi\u00e8res Desert"},"content":{"rendered":"<p>Ombre \u00e0 paupi\u00e8res douce et pigment\u00e9e avec une formule min\u00e9rale 100% naturelle, totalement exempte de pressants chimiques. La palette d&#8217;ombres \u00e0 paupi\u00e8res en \u00e9dition limit\u00e9e contient une teinte mate fonc\u00e9e, deux couleurs de transition avec une finition satin\u00e9e et une teinte illuminatrice brillante, le tout dans un compact champagne m\u00e9tallique avec un fermoir magn\u00e9tique et un miroir. Disponible en deux collections de couleurs polyvalentes pour cr\u00e9er n&#8217;importe quel look, du naturel de jour au smokey et au glamour.<\/p>\n<ul>\n<li>Formule min\u00e9rale naturelle avec cire de carnauba et beurre de cacao<\/li>\n<li>Doux, pigment\u00e9 et facile \u00e0 estomper<\/li>\n<li>Poudrier magn\u00e9tique avec miroir<\/li>\n<\/ul>\n<p>Tous les produits INIKA Organic sont 100% d&#8217;origine naturelle, certifi\u00e9s v\u00e9g\u00e9taliens et sans cruaut\u00e9.<\/p>\n","protected":false},"excerpt":{"rendered":"<p>Palette de quatre ombres \u00e0 paupi\u00e8res. Prix de d\u00e9tail recommand\u00e9 : 22 CHF<\/p>\n","protected":false},"featured_media":49981,"template":"","meta":{"_acf_changed":false},"product_brand":[],"product_cat":[8512],"product_tag":[6180,7784,7785,7341,7358,7786],"class_list":{"0":"post-49984","1":"product","2":"type-product","3":"status-publish","4":"has-post-thumbnail","6":"product_cat-dernieres-pieces","7":"product_tag-desert-fr","8":"product_tag-edition-fr","9":"product_tag-limitee","10":"product_tag-ombre-a-paupieres-fr","11":"product_tag-palettes-fr","12":"product_tag-quadruple","14":"first","15":"instock","16":"sale","17":"taxable","18":"shipping-taxable","19":"purchasable","20":"product-type-simple"},"acf":[],"jetpack_sharing_enabled":true,"_links":{"self":[{"href":"https:\/\/cndestetik.ch\/fr\/wp-json\/wp\/v2\/product\/49984","targetHints":{"allow":["GET"]}}],"collection":[{"href":"https:\/\/cndestetik.ch\/fr\/wp-json\/wp\/v2\/product"}],"about":[{"href":"https:\/\/cndestetik.ch\/fr\/wp-json\/wp\/v2\/types\/product"}],"wp:featuredmedia":[{"embeddable":true,"href":"https:\/\/cndestetik.ch\/fr\/wp-json\/wp\/v2\/media\/49981"}],"wp:attachment":[{"href":"https:\/\/cndestetik.ch\/fr\/wp-json\/wp\/v2\/media?parent=49984"}],"wp:term":[{"taxonomy":"product_brand","embeddable":true,"href":"https:\/\/cndestetik.ch\/fr\/wp-json\/wp\/v2\/product_brand?post=49984"},{"taxonomy":"product_cat","embeddable":true,"href":"https:\/\/cndestetik.ch\/fr\/wp-json\/wp\/v2\/product_cat?post=49984"},{"taxonomy":"product_tag","embeddable":true,"href":"https:\/\/cndestetik.ch\/fr\/wp-json\/wp\/v2\/product_tag?post=49984"}],"curies":[{"name":"wp","href":"https:\/\/api.w.org\/{rel}","templated":true}]}}