{"id":49696,"date":"2022-07-04T09:30:06","date_gmt":"2022-07-04T07:30:06","guid":{"rendered":"https:\/\/cndestetik.ch\/prodotto\/meilleures-ventes-dinika-beauty\/"},"modified":"2022-11-29T09:34:07","modified_gmt":"2022-11-29T08:34:07","slug":"inika-beauty-best-sellers","status":"publish","type":"product","link":"https:\/\/cndestetik.ch\/fr\/prodotto\/inika-beauty-best-sellers\/","title":{"rendered":"Meilleures ventes d&#8217;INIKA Beauty"},"content":{"rendered":"<p><span style=\"vertical-align: inherit\"><span style=\"vertical-align: inherit\"><span style=\"vertical-align: inherit\"><span style=\"vertical-align: inherit\">Ce set comprend 2 des favoris d&#8217;INIKA dans un ensemble pratique :<\/span><\/span><\/span><\/span><\/p>\n<ul>\n<li><span style=\"vertical-align: inherit\"><br \/>\n  <span style=\"vertical-align: inherit\"><br \/>\n    <span style=\"vertical-align: inherit\"><br \/>\n      <span style=\"vertical-align: inherit\">Mascara Long Lash<\/span><br \/>\n    <\/span><br \/>\n  <\/span><br \/>\n<\/span><span style=\"vertical-align: inherit\"><br \/>\n  <span style=\"vertical-align: inherit\"><br \/>\n    <span style=\"vertical-align: inherit\"><br \/>\n      <span style=\"vertical-align: inherit\">infus\u00e9 d&#8217;ingr\u00e9dients naturels qui allonge et \u00e9paissit visiblement les cils.<\/span><br \/>\n    <\/span><br \/>\n  <\/span><br \/>\n<\/span><\/li>\n<li><span style=\"vertical-align: inherit\"><br \/>\n  <span style=\"vertical-align: inherit\"><br \/>\n    <span style=\"vertical-align: inherit\"><br \/>\n      <span style=\"vertical-align: inherit\">Cr\u00e8me pour les l\u00e8vres et les joues<\/span><br \/>\n    <\/span><br \/>\n  <\/span><br \/>\n<\/span><span style=\"vertical-align: inherit\"><br \/>\n  <span style=\"vertical-align: inherit\"><br \/>\n    <span style=\"vertical-align: inherit\"><br \/>\n      <span style=\"vertical-align: inherit\">donne au visage un aspect frais.<\/span><br \/>\n    <\/span><br \/>\n  <\/span><br \/>\n<\/span><\/li>\n<\/ul>\n","protected":false},"excerpt":{"rendered":"<p><span style=\"vertical-align: inherit\"><span style=\"vertical-align: inherit\">Ce coffret comprend deux produits phares d&#8217;INIKA dans un seul coffret pratique : le mascara Long Lash et la cr\u00e8me pour les l\u00e8vres et les joues.<\/span><\/span><\/p>\n","protected":false},"featured_media":49646,"template":"","meta":{"_acf_changed":false},"product_brand":[],"product_cat":[8512],"product_tag":[7770,2238,816,7441,4385,6707,728,7771,7772],"class_list":{"0":"post-49696","1":"product","2":"type-product","3":"status-publish","4":"has-post-thumbnail","6":"product_cat-dernieres-pieces","7":"product_tag-beaute","8":"product_tag-cils-fr-2","9":"product_tag-inika-fr","10":"product_tag-joue","11":"product_tag-levre","12":"product_tag-long-fr","13":"product_tag-mascara-fr","14":"product_tag-meilleur","15":"product_tag-vendeur","17":"first","18":"outofstock","19":"taxable","20":"shipping-taxable","21":"purchasable","22":"product-type-simple"},"acf":[],"jetpack_sharing_enabled":true,"_links":{"self":[{"href":"https:\/\/cndestetik.ch\/fr\/wp-json\/wp\/v2\/product\/49696","targetHints":{"allow":["GET"]}}],"collection":[{"href":"https:\/\/cndestetik.ch\/fr\/wp-json\/wp\/v2\/product"}],"about":[{"href":"https:\/\/cndestetik.ch\/fr\/wp-json\/wp\/v2\/types\/product"}],"wp:featuredmedia":[{"embeddable":true,"href":"https:\/\/cndestetik.ch\/fr\/wp-json\/wp\/v2\/media\/49646"}],"wp:attachment":[{"href":"https:\/\/cndestetik.ch\/fr\/wp-json\/wp\/v2\/media?parent=49696"}],"wp:term":[{"taxonomy":"product_brand","embeddable":true,"href":"https:\/\/cndestetik.ch\/fr\/wp-json\/wp\/v2\/product_brand?post=49696"},{"taxonomy":"product_cat","embeddable":true,"href":"https:\/\/cndestetik.ch\/fr\/wp-json\/wp\/v2\/product_cat?post=49696"},{"taxonomy":"product_tag","embeddable":true,"href":"https:\/\/cndestetik.ch\/fr\/wp-json\/wp\/v2\/product_tag?post=49696"}],"curies":[{"name":"wp","href":"https:\/\/api.w.org\/{rel}","templated":true}]}}