{"id":49624,"date":"2022-07-01T10:05:22","date_gmt":"2022-07-01T08:05:22","guid":{"rendered":"https:\/\/cndestetik.ch\/prodotto\/inika-coffret-rosy-glow-edition-limitee\/"},"modified":"2023-01-30T11:27:00","modified_gmt":"2023-01-30T10:27:00","slug":"inika-limited-edition-rosy-glow-set","status":"publish","type":"product","link":"https:\/\/cndestetik.ch\/fr\/prodotto\/inika-limited-edition-rosy-glow-set\/","title":{"rendered":"INIKA Coffret Rosy Glow Edition Limit\u00e9e"},"content":{"rendered":"<p>Le set Rosy Glow donne un \u00e9clat irr\u00e9sistible \u00e0 votre visage ! Il contient le Radiant Glow Primer qui hydrate la peau, la pr\u00e9pare au maquillage et rend le teint \u00e9clatant en un seul geste. Son effet est compl\u00e9t\u00e9 par le blush, qui apporte un \u00e9clat de fra\u00eecheur gr\u00e2ce \u00e0 des pigments min\u00e9raux et une texture douce.<\/p>\n","protected":false},"excerpt":{"rendered":"<p>Il contient le Radiant Glow Primer qui hydrate la peau, la pr\u00e9pare au maquillage et rend le teint \u00e9clatant en un seul geste.<\/p>\n","protected":false},"featured_media":49670,"template":"","meta":{"_acf_changed":false},"product_brand":[],"product_cat":[8512],"product_tag":[865,5108,814,6917,818,7765,7751,759],"class_list":{"0":"post-49624","1":"product","2":"type-product","3":"status-publish","4":"has-post-thumbnail","6":"product_cat-dernieres-pieces","7":"product_tag-appret","8":"product_tag-fard-a-joues","9":"product_tag-leclat","10":"product_tag-liquide-fr","11":"product_tag-rayonnant","12":"product_tag-rose-fr-3","13":"product_tag-set-fr","14":"product_tag-vegan-fr","16":"first","17":"instock","18":"sale","19":"taxable","20":"shipping-taxable","21":"purchasable","22":"product-type-simple"},"acf":[],"jetpack_sharing_enabled":true,"_links":{"self":[{"href":"https:\/\/cndestetik.ch\/fr\/wp-json\/wp\/v2\/product\/49624","targetHints":{"allow":["GET"]}}],"collection":[{"href":"https:\/\/cndestetik.ch\/fr\/wp-json\/wp\/v2\/product"}],"about":[{"href":"https:\/\/cndestetik.ch\/fr\/wp-json\/wp\/v2\/types\/product"}],"wp:featuredmedia":[{"embeddable":true,"href":"https:\/\/cndestetik.ch\/fr\/wp-json\/wp\/v2\/media\/49670"}],"wp:attachment":[{"href":"https:\/\/cndestetik.ch\/fr\/wp-json\/wp\/v2\/media?parent=49624"}],"wp:term":[{"taxonomy":"product_brand","embeddable":true,"href":"https:\/\/cndestetik.ch\/fr\/wp-json\/wp\/v2\/product_brand?post=49624"},{"taxonomy":"product_cat","embeddable":true,"href":"https:\/\/cndestetik.ch\/fr\/wp-json\/wp\/v2\/product_cat?post=49624"},{"taxonomy":"product_tag","embeddable":true,"href":"https:\/\/cndestetik.ch\/fr\/wp-json\/wp\/v2\/product_tag?post=49624"}],"curies":[{"name":"wp","href":"https:\/\/api.w.org\/{rel}","templated":true}]}}