{"id":49619,"date":"2022-07-01T09:58:47","date_gmt":"2022-07-01T07:58:47","guid":{"rendered":"https:\/\/cndestetik.ch\/prodotto\/inika-edition-limitee-12-jours-de-beaute-botanique\/"},"modified":"2022-12-27T09:37:46","modified_gmt":"2022-12-27T08:37:46","slug":"inika-edition-limitee-12-jours-de-beaute-botanique","status":"publish","type":"product","link":"https:\/\/cndestetik.ch\/fr\/prodotto\/inika-edition-limitee-12-jours-de-beaute-botanique\/","title":{"rendered":"INIKA Edition limit\u00e9e 12 jours de beaut\u00e9 botanique"},"content":{"rendered":"<p>Le calendrier de l&#8217;Avent d&#8217;INIKA est de retour et plus beau que jamais ! Il est temps de vous offrir des surprises quotidiennes de beaut\u00e9 botanique que vous et votre peau allez adorer. Emball\u00e9 dans la bo\u00eete-cadeau Secret Garden moonlight en \u00e9dition limit\u00e9e, con\u00e7ue pour \u00eatre r\u00e9utilis\u00e9e et reconvertie.<\/p>\n<p>Contenu :<\/p>\n<ul>\n<li>Cr\u00e8me r\u00e9flectrice l\u00e9g\u00e8re 8ml<\/li>\n<li>Crayon Eve certifi\u00e9 biologique (Caviar noir) 1,2g<\/li>\n<li>Rouge \u00e0 l\u00e8vres Crayon certifi\u00e9 biologique (Tan Nude) 3g<\/li>\n<li>Ombre \u00e0 paupi\u00e8res min\u00e9rale libre (Lmt Ed Bronze) 1.2g<\/li>\n<li>Mini Appr\u00eat Pure Perfection &#8211; 10ml<\/li>\n<li>Cr\u00e8me pour les l\u00e8vres et les joues certifi\u00e9e biologique (P\u00e9tales) 3,5g<\/li>\n<li>Glace \u00e0 l\u00e8vres certifi\u00e9e biologique (bois de rose) 5ml<\/li>\n<li>Mini poudre min\u00e9rale matifiante 0,7g<\/li>\n<li>Pinceau m\u00e9langeur<\/li>\n<li>Huile botanique pour le visage &#8211; 15ml<\/li>\n<li>S\u00e9rum de Resv\u00e9ratrol 15ml<\/li>\n<li>Cr\u00e8me pour les mains \u00e0 l&#8217;avocat &#8211; 30ml<\/li>\n<\/ul>\n","protected":false},"excerpt":{"rendered":"<p>Kit de maquillage complet dans une bo\u00eete \u00e9l\u00e9gante.<\/p>\n","protected":false},"featured_media":49666,"template":"","meta":{"_acf_changed":false},"product_brand":[],"product_cat":[8512],"product_tag":[9315,865,7770,7485,9318,391,9319,7591,9321,9317,7564,2183,9316,4385,7206,5844,9058,9320,7600,5726,6166,9235,864,4861],"class_list":{"0":"post-49619","1":"product","2":"type-product","3":"status-publish","4":"has-post-thumbnail","6":"product_cat-dernieres-pieces","7":"product_tag-12-fr","8":"product_tag-appret","9":"product_tag-beaute","10":"product_tag-botanique","11":"product_tag-botanique-fr","12":"product_tag-brosse","13":"product_tag-ceam-fr","14":"product_tag-crayon-fr-2","15":"product_tag-cremea","16":"product_tag-douze","17":"product_tag-glacage","18":"product_tag-huile","19":"product_tag-jours","20":"product_tag-levre","21":"product_tag-lumiere-fr","22":"product_tag-main","23":"product_tag-matifiant","24":"product_tag-melanger","25":"product_tag-oeil","26":"product_tag-ombre-a-paupieres","27":"product_tag-poudre","28":"product_tag-refleter","29":"product_tag-rouge-a-levres","30":"product_tag-serum-fr","32":"first","33":"instock","34":"sale","35":"taxable","36":"shipping-taxable","37":"purchasable","38":"product-type-simple"},"acf":[],"jetpack_sharing_enabled":true,"_links":{"self":[{"href":"https:\/\/cndestetik.ch\/fr\/wp-json\/wp\/v2\/product\/49619","targetHints":{"allow":["GET"]}}],"collection":[{"href":"https:\/\/cndestetik.ch\/fr\/wp-json\/wp\/v2\/product"}],"about":[{"href":"https:\/\/cndestetik.ch\/fr\/wp-json\/wp\/v2\/types\/product"}],"wp:featuredmedia":[{"embeddable":true,"href":"https:\/\/cndestetik.ch\/fr\/wp-json\/wp\/v2\/media\/49666"}],"wp:attachment":[{"href":"https:\/\/cndestetik.ch\/fr\/wp-json\/wp\/v2\/media?parent=49619"}],"wp:term":[{"taxonomy":"product_brand","embeddable":true,"href":"https:\/\/cndestetik.ch\/fr\/wp-json\/wp\/v2\/product_brand?post=49619"},{"taxonomy":"product_cat","embeddable":true,"href":"https:\/\/cndestetik.ch\/fr\/wp-json\/wp\/v2\/product_cat?post=49619"},{"taxonomy":"product_tag","embeddable":true,"href":"https:\/\/cndestetik.ch\/fr\/wp-json\/wp\/v2\/product_tag?post=49619"}],"curies":[{"name":"wp","href":"https:\/\/api.w.org\/{rel}","templated":true}]}}