{"id":49614,"date":"2022-07-01T09:55:17","date_gmt":"2022-07-01T07:55:17","guid":{"rendered":"https:\/\/cndestetik.ch\/prodotto\/creme-pour-les-mains-a-lavocat-edition-limitee-inika\/"},"modified":"2022-12-27T09:37:44","modified_gmt":"2022-12-27T08:37:44","slug":"inika-limited-edition-avocado-hand-cream","status":"publish","type":"product","link":"https:\/\/cndestetik.ch\/fr\/prodotto\/inika-limited-edition-avocado-hand-cream\/","title":{"rendered":"Cr\u00e8me pour les mains \u00e0 l&#8217;avocat, \u00e9dition limit\u00e9e INIKA"},"content":{"rendered":"<p>Enrichie d&#8217;huiles et de beurres botaniques luxueux, cette cr\u00e8me pour les mains naturelle et biologique p\u00e9n\u00e8tre rapidement pour r\u00e9parer la peau s\u00e8che, en aidant \u00e0 retenir l&#8217;humidit\u00e9 et \u00e0 restaurer la barri\u00e8re cutan\u00e9e. La formule non grasse aide \u00e0 r\u00e9duire les signes du vieillissement pr\u00e9matur\u00e9 de la peau et laisse un fini ultra-doux.<\/p>\n<p>Un m\u00e9lange hydratant d&#8217;huiles d&#8217;avocat et de noix de coco, riches en acides gras essentiels apaisants et cicatrisants, s&#8217;associe au beurre de cacao hydratant, antioxydant et \u00e9mollient pour r\u00e9parer et nourrir la peau d\u00e9shydrat\u00e9e des mains et lui redonner son \u00e9lasticit\u00e9.<\/p>\n<p>Contenue dans un tube en bior\u00e9sine recyclable d\u00e9riv\u00e9 de la canne \u00e0 sucre, la cr\u00e8me pour les mains INIKA Organic Phytofuse Renew\u2122 fait partie de la premi\u00e8re gamme de soins botaniques 100% naturels, v\u00e9g\u00e9taliens et biologiques enrichie en Phytofuse Renew\u2122. L&#8217;extrait provient de la rose de J\u00e9richo, une plante de r\u00e9surrection du d\u00e9sert r\u00e9hydratante, cliniquement connue pour ses propri\u00e9t\u00e9s protectrices et curatives. Il aide \u00e0 cr\u00e9er une barri\u00e8re contre la d\u00e9shydratation, la pollution et les agressions environnementales quotidiennes.<\/p>\n","protected":false},"excerpt":{"rendered":"<p>Un m\u00e9lange hydratant d&#8217;huiles d&#8217;avocat et de noix de coco, riche en acides gras essentiels apaisants et cicatrisants.<\/p>\n","protected":false},"featured_media":49662,"template":"","meta":{"_acf_changed":false},"product_brand":[],"product_cat":[8512],"product_tag":[7561,627,5513,7784,7785,5844,3545,821],"class_list":{"0":"post-49614","1":"product","2":"type-product","3":"status-publish","4":"has-post-thumbnail","6":"product_cat-dernieres-pieces","7":"product_tag-avocat","8":"product_tag-cacao-fr","9":"product_tag-creme-fr","10":"product_tag-edition-fr","11":"product_tag-limitee","12":"product_tag-main","13":"product_tag-mains","14":"product_tag-soin-de-la-peau","16":"first","17":"instock","18":"sale","19":"taxable","20":"shipping-taxable","21":"purchasable","22":"product-type-simple"},"acf":[],"jetpack_sharing_enabled":true,"_links":{"self":[{"href":"https:\/\/cndestetik.ch\/fr\/wp-json\/wp\/v2\/product\/49614","targetHints":{"allow":["GET"]}}],"collection":[{"href":"https:\/\/cndestetik.ch\/fr\/wp-json\/wp\/v2\/product"}],"about":[{"href":"https:\/\/cndestetik.ch\/fr\/wp-json\/wp\/v2\/types\/product"}],"wp:featuredmedia":[{"embeddable":true,"href":"https:\/\/cndestetik.ch\/fr\/wp-json\/wp\/v2\/media\/49662"}],"wp:attachment":[{"href":"https:\/\/cndestetik.ch\/fr\/wp-json\/wp\/v2\/media?parent=49614"}],"wp:term":[{"taxonomy":"product_brand","embeddable":true,"href":"https:\/\/cndestetik.ch\/fr\/wp-json\/wp\/v2\/product_brand?post=49614"},{"taxonomy":"product_cat","embeddable":true,"href":"https:\/\/cndestetik.ch\/fr\/wp-json\/wp\/v2\/product_cat?post=49614"},{"taxonomy":"product_tag","embeddable":true,"href":"https:\/\/cndestetik.ch\/fr\/wp-json\/wp\/v2\/product_tag?post=49614"}],"curies":[{"name":"wp","href":"https:\/\/api.w.org\/{rel}","templated":true}]}}