{"id":49609,"date":"2022-07-01T09:49:36","date_gmt":"2022-07-01T07:49:36","guid":{"rendered":"https:\/\/cndestetik.ch\/prodotto\/inika-limited-edition-precision-brows-noyer-brunette\/"},"modified":"2022-12-27T10:34:30","modified_gmt":"2022-12-27T09:34:30","slug":"inika-limited-edition-precision-brows-walnut-brunette","status":"publish","type":"product","link":"https:\/\/cndestetik.ch\/fr\/prodotto\/inika-limited-edition-precision-brows-walnut-brunette\/","title":{"rendered":"INIKA Limited Edition Precision Brows : Noyer, Brunette"},"content":{"rendered":"<p>INIKA Limited Edition Precision Brows Walnut &amp; Brunette, que vous soyez \u00e0 la recherche de sourcils naturellement fournis, de sourcils \u00e0 modeler et\/ou \u00e0 d\u00e9finir ou de toute autre chose entre les deux, cette collection en \u00e9dition limit\u00e9e a tout ce dont vous avez besoin pour des sourcils enviables.<\/p>\n","protected":false},"excerpt":{"rendered":"<p>Petit kit pour parfaire vos cils, dans une bo\u00eete id\u00e9ale comme cadeau.<\/p>\n","protected":false},"featured_media":49658,"template":"","meta":{"_acf_changed":false},"product_brand":[],"product_cat":[8512],"product_tag":[7596,726,816,7760,877,8453,7759],"class_list":{"0":"post-49609","1":"product","2":"type-product","3":"status-publish","4":"has-post-thumbnail","6":"product_cat-dernieres-pieces","7":"product_tag-brune","8":"product_tag-front","9":"product_tag-inika-fr","10":"product_tag-noix-fr","11":"product_tag-perfection-fr","12":"product_tag-precision-fr","13":"product_tag-sourcils-fr","15":"first","16":"instock","17":"sale","18":"taxable","19":"shipping-taxable","20":"purchasable","21":"product-type-simple"},"acf":[],"jetpack_sharing_enabled":true,"_links":{"self":[{"href":"https:\/\/cndestetik.ch\/fr\/wp-json\/wp\/v2\/product\/49609","targetHints":{"allow":["GET"]}}],"collection":[{"href":"https:\/\/cndestetik.ch\/fr\/wp-json\/wp\/v2\/product"}],"about":[{"href":"https:\/\/cndestetik.ch\/fr\/wp-json\/wp\/v2\/types\/product"}],"wp:featuredmedia":[{"embeddable":true,"href":"https:\/\/cndestetik.ch\/fr\/wp-json\/wp\/v2\/media\/49658"}],"wp:attachment":[{"href":"https:\/\/cndestetik.ch\/fr\/wp-json\/wp\/v2\/media?parent=49609"}],"wp:term":[{"taxonomy":"product_brand","embeddable":true,"href":"https:\/\/cndestetik.ch\/fr\/wp-json\/wp\/v2\/product_brand?post=49609"},{"taxonomy":"product_cat","embeddable":true,"href":"https:\/\/cndestetik.ch\/fr\/wp-json\/wp\/v2\/product_cat?post=49609"},{"taxonomy":"product_tag","embeddable":true,"href":"https:\/\/cndestetik.ch\/fr\/wp-json\/wp\/v2\/product_tag?post=49609"}],"curies":[{"name":"wp","href":"https:\/\/api.w.org\/{rel}","templated":true}]}}