{"id":49604,"date":"2022-07-01T09:42:42","date_gmt":"2022-07-01T07:42:42","guid":{"rendered":"https:\/\/cndestetik.ch\/prodotto\/inika-edition-limitee-blooming-rose\/"},"modified":"2022-12-27T10:37:04","modified_gmt":"2022-12-27T09:37:04","slug":"inika-limited-edition-blooming-rose","status":"publish","type":"product","link":"https:\/\/cndestetik.ch\/fr\/prodotto\/inika-limited-edition-blooming-rose\/","title":{"rendered":"INIKA Edition limit\u00e9e Blooming Rose"},"content":{"rendered":"<p>\u00c9dition limit\u00e9e dans un emballage unique. Il contient de l&#8217;eau de rose micellaire hydratante pour d\u00e9maquiller en douceur et sans alcool, sans laisser de traces. L&#8217;emballage unique en fait un cadeau id\u00e9al !<\/p>\n","protected":false},"excerpt":{"rendered":"<p>Eau de rose micellaire dans une bo\u00eete cadeau<\/p>\n","protected":false},"featured_media":49654,"template":"","meta":{"_acf_changed":false},"product_brand":[],"product_cat":[8512],"product_tag":[7700,7784,7684,816,7785,7698,5394],"class_list":{"0":"post-49604","1":"product","2":"type-product","3":"status-publish","4":"has-post-thumbnail","6":"product_cat-dernieres-pieces","7":"product_tag-eau-de-rose","8":"product_tag-edition-fr","9":"product_tag-fleuri","10":"product_tag-inika-fr","11":"product_tag-limitee","12":"product_tag-micellaire","13":"product_tag-roses-fr","15":"first","16":"instock","17":"taxable","18":"shipping-taxable","19":"purchasable","20":"product-type-simple"},"acf":[],"jetpack_sharing_enabled":true,"_links":{"self":[{"href":"https:\/\/cndestetik.ch\/fr\/wp-json\/wp\/v2\/product\/49604","targetHints":{"allow":["GET"]}}],"collection":[{"href":"https:\/\/cndestetik.ch\/fr\/wp-json\/wp\/v2\/product"}],"about":[{"href":"https:\/\/cndestetik.ch\/fr\/wp-json\/wp\/v2\/types\/product"}],"wp:featuredmedia":[{"embeddable":true,"href":"https:\/\/cndestetik.ch\/fr\/wp-json\/wp\/v2\/media\/49654"}],"wp:attachment":[{"href":"https:\/\/cndestetik.ch\/fr\/wp-json\/wp\/v2\/media?parent=49604"}],"wp:term":[{"taxonomy":"product_brand","embeddable":true,"href":"https:\/\/cndestetik.ch\/fr\/wp-json\/wp\/v2\/product_brand?post=49604"},{"taxonomy":"product_cat","embeddable":true,"href":"https:\/\/cndestetik.ch\/fr\/wp-json\/wp\/v2\/product_cat?post=49604"},{"taxonomy":"product_tag","embeddable":true,"href":"https:\/\/cndestetik.ch\/fr\/wp-json\/wp\/v2\/product_tag?post=49604"}],"curies":[{"name":"wp","href":"https:\/\/api.w.org\/{rel}","templated":true}]}}