{"id":49599,"date":"2022-07-01T09:38:02","date_gmt":"2022-07-01T07:38:02","guid":{"rendered":"https:\/\/cndestetik.ch\/prodotto\/ensemble-fantaisie-florale-inika-edition-limitee\/"},"modified":"2022-12-27T10:40:48","modified_gmt":"2022-12-27T09:40:48","slug":"inika-limited-edition-floral-fantasy-set","status":"publish","type":"product","link":"https:\/\/cndestetik.ch\/fr\/prodotto\/inika-limited-edition-floral-fantasy-set\/","title":{"rendered":"Ensemble fantaisie florale INIKA \u00e9dition limit\u00e9e"},"content":{"rendered":"<p>Le Floral Fantasy Set vous offre tout ce dont vous avez besoin pour le maquillage des yeux : une ombre \u00e0 paupi\u00e8res, un crayon et un mascara, ainsi qu&#8217;un pinceau \u00e0 maquillage ultra-doux.<\/p>\n<p>Une id\u00e9e de cadeau simple, pratique et tr\u00e8s appr\u00e9ci\u00e9e.<\/p>\n","protected":false},"excerpt":{"rendered":"<p>Le Floral Fantasy Set vous offre tout ce dont vous avez besoin pour le maquillage des yeux : une ombre \u00e0 paupi\u00e8res, un crayon et un mascara, ainsi qu&#8217;un pinceau \u00e0 maquillage ultra-doux.<\/p>\n","protected":false},"featured_media":49650,"template":"","meta":{"_acf_changed":false},"product_brand":[],"product_cat":[8512],"product_tag":[391,6631,7559,7591,7749,7750,5726,7341,7751,759],"class_list":{"0":"post-49599","1":"product","2":"type-product","3":"status-publish","4":"has-post-thumbnail","6":"product_cat-dernieres-pieces","7":"product_tag-brosse","8":"product_tag-brosse-fr","9":"product_tag-crayon-fr","10":"product_tag-crayon-fr-2","11":"product_tag-fantaisie","12":"product_tag-floral-fr-2","13":"product_tag-ombre-a-paupieres","14":"product_tag-ombre-a-paupieres-fr","15":"product_tag-set-fr","16":"product_tag-vegan-fr","18":"first","19":"instock","20":"sale","21":"taxable","22":"shipping-taxable","23":"purchasable","24":"product-type-simple"},"acf":[],"jetpack_sharing_enabled":true,"_links":{"self":[{"href":"https:\/\/cndestetik.ch\/fr\/wp-json\/wp\/v2\/product\/49599","targetHints":{"allow":["GET"]}}],"collection":[{"href":"https:\/\/cndestetik.ch\/fr\/wp-json\/wp\/v2\/product"}],"about":[{"href":"https:\/\/cndestetik.ch\/fr\/wp-json\/wp\/v2\/types\/product"}],"wp:featuredmedia":[{"embeddable":true,"href":"https:\/\/cndestetik.ch\/fr\/wp-json\/wp\/v2\/media\/49650"}],"wp:attachment":[{"href":"https:\/\/cndestetik.ch\/fr\/wp-json\/wp\/v2\/media?parent=49599"}],"wp:term":[{"taxonomy":"product_brand","embeddable":true,"href":"https:\/\/cndestetik.ch\/fr\/wp-json\/wp\/v2\/product_brand?post=49599"},{"taxonomy":"product_cat","embeddable":true,"href":"https:\/\/cndestetik.ch\/fr\/wp-json\/wp\/v2\/product_cat?post=49599"},{"taxonomy":"product_tag","embeddable":true,"href":"https:\/\/cndestetik.ch\/fr\/wp-json\/wp\/v2\/product_tag?post=49599"}],"curies":[{"name":"wp","href":"https:\/\/api.w.org\/{rel}","templated":true}]}}