{"id":49592,"date":"2022-07-01T09:17:41","date_gmt":"2022-07-01T07:17:41","guid":{"rendered":"https:\/\/cndestetik.ch\/?post_type=product&#038;p=49592"},"modified":"2022-12-27T09:41:55","modified_gmt":"2022-12-27T08:41:55","slug":"inika-limited-editon-sunlight-duo","status":"publish","type":"product","link":"https:\/\/cndestetik.ch\/fr\/prodotto\/inika-limited-editon-sunlight-duo\/","title":{"rendered":"INIKA Limited Editon Sunlight Duo"},"content":{"rendered":"<p>Quoi de mieux qu&#8217;un produit de beaut\u00e9 exclusif ? Deux produits, bien s\u00fbr ! Le set de soins du visage Sunlight d&#8217;INIKA propose deux produits luxueux : une cr\u00e8me pour le visage et un s\u00e9rum, qui assurent un teint frais, radieux et irr\u00e9sistiblement velout\u00e9.<\/p>\n","protected":false},"excerpt":{"rendered":"<p>Le set de soins du visage Sunlight d&#8217;INIKA propose deux produits luxueux : une cr\u00e8me pour le visage et un s\u00e9rum, qui assurent un teint frais, radieux et irr\u00e9sistiblement velout\u00e9.<\/p>\n","protected":false},"featured_media":49638,"template":"","meta":{"_acf_changed":false},"product_brand":[],"product_cat":[8512],"product_tag":[5474,3834,5513,7649,816,7568,4861,4849,765],"class_list":{"0":"post-49592","1":"product","2":"type-product","3":"status-publish","4":"has-post-thumbnail","6":"product_cat-dernieres-pieces","7":"product_tag-clair-de-lune","8":"product_tag-creme","9":"product_tag-creme-fr","10":"product_tag-duo-fr","11":"product_tag-inika-fr","12":"product_tag-serum-fr-2","13":"product_tag-serum-fr","14":"product_tag-visage-fr","15":"product_tag-visage","17":"first","18":"instock","19":"sale","20":"taxable","21":"shipping-taxable","22":"purchasable","23":"product-type-simple"},"acf":[],"jetpack_sharing_enabled":true,"_links":{"self":[{"href":"https:\/\/cndestetik.ch\/fr\/wp-json\/wp\/v2\/product\/49592","targetHints":{"allow":["GET"]}}],"collection":[{"href":"https:\/\/cndestetik.ch\/fr\/wp-json\/wp\/v2\/product"}],"about":[{"href":"https:\/\/cndestetik.ch\/fr\/wp-json\/wp\/v2\/types\/product"}],"wp:featuredmedia":[{"embeddable":true,"href":"https:\/\/cndestetik.ch\/fr\/wp-json\/wp\/v2\/media\/49638"}],"wp:attachment":[{"href":"https:\/\/cndestetik.ch\/fr\/wp-json\/wp\/v2\/media?parent=49592"}],"wp:term":[{"taxonomy":"product_brand","embeddable":true,"href":"https:\/\/cndestetik.ch\/fr\/wp-json\/wp\/v2\/product_brand?post=49592"},{"taxonomy":"product_cat","embeddable":true,"href":"https:\/\/cndestetik.ch\/fr\/wp-json\/wp\/v2\/product_cat?post=49592"},{"taxonomy":"product_tag","embeddable":true,"href":"https:\/\/cndestetik.ch\/fr\/wp-json\/wp\/v2\/product_tag?post=49592"}],"curies":[{"name":"wp","href":"https:\/\/api.w.org\/{rel}","templated":true}]}}