{"id":49580,"date":"2020-11-03T15:45:18","date_gmt":"2020-11-03T14:45:18","guid":{"rendered":"https:\/\/cndestetik.ch\/prodotto\/collection-calendrier-de-lavent\/"},"modified":"2022-11-17T09:10:53","modified_gmt":"2022-11-17T08:10:53","slug":"collection-de-calendriers-de-lavent","status":"publish","type":"product","link":"https:\/\/cndestetik.ch\/fr\/prodotto\/collection-de-calendriers-de-lavent\/","title":{"rendered":"Collection Calendrier de l&#8217;Avent"},"content":{"rendered":"<p>Le cadeau le plus riche de la collection Inika !<\/p>\n<p>La pr\u00e9sentation et la composition sont luxueuses.<\/p>\n<p>Avec des produits de maquillage et de soins de la peau, le cadeau id\u00e9al pour une personne tr\u00e8s sp\u00e9ciale !<\/p>\n","protected":false},"excerpt":{"rendered":"<p>Le cadeau le plus riche de la collection Inika<\/p>\n","protected":false},"featured_media":36785,"template":"","meta":{"_acf_changed":false},"product_brand":[],"product_cat":[8512],"product_tag":[7729,7730,7731,7732,7733,7734],"class_list":{"0":"post-49580","1":"product","2":"type-product","3":"status-publish","4":"has-post-thumbnail","6":"product_cat-dernieres-pieces","7":"product_tag-avent","8":"product_tag-calendrier","9":"product_tag-noel-fr","10":"product_tag-noel-fr-2","11":"product_tag-noel-fr-3","12":"product_tag-weihnachten-fr","14":"first","15":"instock","16":"sale","17":"taxable","18":"shipping-taxable","19":"purchasable","20":"product-type-simple"},"acf":[],"jetpack_sharing_enabled":true,"_links":{"self":[{"href":"https:\/\/cndestetik.ch\/fr\/wp-json\/wp\/v2\/product\/49580","targetHints":{"allow":["GET"]}}],"collection":[{"href":"https:\/\/cndestetik.ch\/fr\/wp-json\/wp\/v2\/product"}],"about":[{"href":"https:\/\/cndestetik.ch\/fr\/wp-json\/wp\/v2\/types\/product"}],"wp:featuredmedia":[{"embeddable":true,"href":"https:\/\/cndestetik.ch\/fr\/wp-json\/wp\/v2\/media\/36785"}],"wp:attachment":[{"href":"https:\/\/cndestetik.ch\/fr\/wp-json\/wp\/v2\/media?parent=49580"}],"wp:term":[{"taxonomy":"product_brand","embeddable":true,"href":"https:\/\/cndestetik.ch\/fr\/wp-json\/wp\/v2\/product_brand?post=49580"},{"taxonomy":"product_cat","embeddable":true,"href":"https:\/\/cndestetik.ch\/fr\/wp-json\/wp\/v2\/product_cat?post=49580"},{"taxonomy":"product_tag","embeddable":true,"href":"https:\/\/cndestetik.ch\/fr\/wp-json\/wp\/v2\/product_tag?post=49580"}],"curies":[{"name":"wp","href":"https:\/\/api.w.org\/{rel}","templated":true}]}}