{"id":49463,"date":"2022-06-30T13:30:58","date_gmt":"2022-06-30T11:30:58","guid":{"rendered":"https:\/\/cndestetik.ch\/prodotto\/eau-de-rose-micellaire-nettoyante-inika\/"},"modified":"2022-07-04T09:19:53","modified_gmt":"2022-07-04T07:19:53","slug":"inika-micellar-cleaning-rosewater","status":"publish","type":"product","link":"https:\/\/cndestetik.ch\/fr\/prodotto\/inika-micellar-cleaning-rosewater\/","title":{"rendered":"Eau de rose micellaire nettoyante INIKA"},"content":{"rendered":"<p><span data-sheets-value=\"{\"1\":2,\"2\":\"Questa delicata acqua detergente per il viso utilizza particelle per rimuovere efficacemente tutte le tracce di trucco e impurit\u00e0 senza seccare la pelle.\\nDetergente - senza alcool, le particelle rimuovono efficacemente il trucco dal viso e dagli occhi.\\nDelicato e lenitivo - non secca, grazie all'uso della tecnologia micellare.\\nIdratante - con zuccheri vegetali naturali + succo di aloe vera, questo detergente supporta una carnagione equilibrata.\\nContiene la pi\u00f9 alta percentuale al mondo di ingredienti botanici attivi clinicamente testati.\\nFragranza 100% naturale da oli essenziali biologici certificati.\\nBarattoli di vetro sostenibili e coperchi riciclabili.\\n\\nIPOALLERGENICA E DERMATOLOGICAMENTE TESTATA\\nBagna un batuffolo di cotone con acqua micellare.\\nStendere delicatamente occhi e viso per rimuovere trucco e impurit\u00e0.\\nRipeti se lo desideri.\\nNon c'\u00e8 bisogno di risciacquare.\\nConservare a temperatura inferiore a 30 \u00b0 C.\\nEvitare la luce solare diretta.\\n\"}\" data-sheets-userformat=\"{\"2\":15297,\"3\":{\"1\":0},\"9\":0,\"10\":2,\"11\":0,\"12\":0,\"14\":{\"1\":2,\"2\":0},\"15\":\"Calibri\",\"16\":11}\">Cette eau nettoyante douce pour le visage utilise des particules pour \u00e9liminer efficacement toute trace de maquillage et d&#8217;impuret\u00e9s sans dess\u00e9cher la peau.<br \/>\nNettoyage &#8211; sans alcool, les particules \u00e9liminent efficacement le maquillage du visage et des yeux.<br \/>\nDoux et apaisant &#8211; non dess\u00e9chant, gr\u00e2ce \u00e0 l&#8217;utilisation de la technologie micellaire.<br \/>\nHydratant &#8211; gr\u00e2ce aux sucres v\u00e9g\u00e9taux naturels et au jus d&#8217;aloe vera, ce nettoyant favorise l&#8217;\u00e9quilibre du teint.<br \/>\nIl contient le pourcentage le plus \u00e9lev\u00e9 au monde d&#8217;ingr\u00e9dients botaniques actifs cliniquement prouv\u00e9s.<br \/>\nParfum 100% naturel issu d&#8217;huiles essentielles certifi\u00e9es biologiques.<br \/>\nBocaux en verre durable et couvercles recyclables.<\/span><\/p>\n<p>HYPOALLERG\u00c9NIQUE ET TEST\u00c9 DERMATOLOGIQUEMENT<br \/>\nMouillez une boule de coton avec de l&#8217;eau micellaire.<br \/>\n\u00c9taler d\u00e9licatement sur les yeux et le visage pour enlever le maquillage et les impuret\u00e9s.<br \/>\nR\u00e9p\u00e9tez l&#8217;op\u00e9ration si vous le souhaitez.<br \/>\nIl n&#8217;est pas n\u00e9cessaire de rincer.<br \/>\nConserver en dessous de 30\u00b0C.<br \/>\n\u00c9vitez la lumi\u00e8re directe du soleil.<\/p>\n<p>Taille : 100ml<\/p>\n","protected":false},"excerpt":{"rendered":"<p><span data-sheets-value=\"{\"1\":2,\"2\":\"Questa delicata acqua detergente per il viso utilizza particelle per rimuovere efficacemente tutte le tracce di trucco e impurit\u00e0 senza seccare la pelle.\\nDetergente - senza alcool, le particelle rimuovono efficacemente il trucco dal viso e dagli occhi.\\nDelicato e lenitivo - non secca, grazie all'uso della tecnologia micellare.\\nIdratante - con zuccheri vegetali naturali + succo di aloe vera, questo detergente supporta una carnagione equilibrata.\\nContiene la pi\u00f9 alta percentuale al mondo di ingredienti botanici attivi clinicamente testati.\\nFragranza 100% naturale da oli essenziali biologici certificati.\\nBarattoli di vetro sostenibili e coperchi riciclabili.\\n\\nIPOALLERGENICA E DERMATOLOGICAMENTE TESTATA\\nBagna un batuffolo di cotone con acqua micellare.\\nStendere delicatamente occhi e viso per rimuovere trucco e impurit\u00e0.\\nRipeti se lo desideri.\\nNon c'\u00e8 bisogno di risciacquare.\\nConservare a temperatura inferiore a 30 \u00b0 C.\\nEvitare la luce solare diretta.\\n\"}\" data-sheets-userformat=\"{\"2\":15297,\"3\":{\"1\":0},\"9\":0,\"10\":2,\"11\":0,\"12\":0,\"14\":{\"1\":2,\"2\":0},\"15\":\"Calibri\",\"16\":11}\">Doux et apaisant &#8211; non dess\u00e9chant, gr\u00e2ce \u00e0 l&#8217;utilisation de la technologie micellaire.<\/span><\/p>\n","protected":false},"featured_media":0,"template":"","meta":{"_acf_changed":false},"product_brand":[],"product_cat":[1867],"product_tag":[7700,7698,7696],"class_list":{"0":"post-49463","1":"product","2":"type-product","3":"status-publish","5":"product_cat-offres","6":"product_tag-eau-de-rose","7":"product_tag-micellaire","8":"product_tag-nettoyage-fr","10":"first","11":"outofstock","12":"sale","13":"taxable","14":"shipping-taxable","15":"purchasable","16":"product-type-simple"},"acf":[],"jetpack_sharing_enabled":true,"_links":{"self":[{"href":"https:\/\/cndestetik.ch\/fr\/wp-json\/wp\/v2\/product\/49463","targetHints":{"allow":["GET"]}}],"collection":[{"href":"https:\/\/cndestetik.ch\/fr\/wp-json\/wp\/v2\/product"}],"about":[{"href":"https:\/\/cndestetik.ch\/fr\/wp-json\/wp\/v2\/types\/product"}],"wp:attachment":[{"href":"https:\/\/cndestetik.ch\/fr\/wp-json\/wp\/v2\/media?parent=49463"}],"wp:term":[{"taxonomy":"product_brand","embeddable":true,"href":"https:\/\/cndestetik.ch\/fr\/wp-json\/wp\/v2\/product_brand?post=49463"},{"taxonomy":"product_cat","embeddable":true,"href":"https:\/\/cndestetik.ch\/fr\/wp-json\/wp\/v2\/product_cat?post=49463"},{"taxonomy":"product_tag","embeddable":true,"href":"https:\/\/cndestetik.ch\/fr\/wp-json\/wp\/v2\/product_tag?post=49463"}],"curies":[{"name":"wp","href":"https:\/\/api.w.org\/{rel}","templated":true}]}}