{"id":48998,"date":"2022-06-27T11:39:46","date_gmt":"2022-06-27T09:39:46","guid":{"rendered":"https:\/\/cndestetik.ch\/prodotto\/pinceau-kabuki-plat-inika\/"},"modified":"2023-01-11T16:26:09","modified_gmt":"2023-01-11T15:26:09","slug":"inika-flat-top-kabuki-brush","status":"publish","type":"product","link":"https:\/\/cndestetik.ch\/fr\/prodotto\/inika-flat-top-kabuki-brush\/","title":{"rendered":"Pinceau Kabuki plat INIKA"},"content":{"rendered":"<p><span data-sheets-value=\"{\"1\":2,\"2\":\"Un pennello Kabuki vegano e piatto con setole a media densit\u00e0 per una finitura naturale e uniforme, ideale per pressare o lucidare la polvere sulla pelle.\\n1. Inizia premendo leggermente la parte superiore del pennello nella polvere desiderata o, se stai utilizzando un prodotto liquido, immergi una quantit\u00e0 di dimensioni di un pisello sul dorso della mano e poi procedi a raccogliere il prodotto premendo leggermente il pennello. nel prodotto.\\n2. Una volta che la parte superiore del pennello \u00e8 leggermente rivestita, inizia a girare e lucidare la fresa in un cerchio sul viso o su un'area desiderata, facendo attenzione a non applicare troppa pressione sulle setole.\\n\"}\" data-sheets-userformat=\"{\"2\":15299,\"3\":{\"1\":0},\"4\":{\"1\":2,\"2\":16770457},\"9\":0,\"10\":2,\"11\":0,\"12\":0,\"14\":{\"1\":2,\"2\":0},\"15\":\"Calibri\",\"16\":11}\">Un pinceau Kabuki plat et v\u00e9g\u00e9talien avec des poils de densit\u00e9 moyenne pour un fini naturel et uniforme, id\u00e9al pour appliquer ou lisser la poudre sur la peau.<br \/>\n1. Commencez par presser l\u00e9g\u00e8rement le haut du pinceau dans la poudre d\u00e9sir\u00e9e ou, si vous utilisez un produit liquide, trempez une quantit\u00e9 de la taille d&#8217;un pois sur le dos de votre main, puis prenez le produit en pressant l\u00e9g\u00e8rement le pinceau. dans le produit.<br \/>\n2. Une fois que la partie sup\u00e9rieure de la brosse est l\u00e9g\u00e8rement enduite, commencez \u00e0 tourner et \u00e0 polir la fraise en cercle sur le visage ou la zone souhait\u00e9e, en veillant \u00e0 ne pas exercer trop de pression sur les poils.<br \/>\n<\/span><\/p>\n","protected":false},"excerpt":{"rendered":"<p><span data-sheets-value=\"{\"1\":2,\"2\":\"Un pennello Kabuki vegano e piatto con setole a media densit\u00e0 per una finitura naturale e uniforme, ideale per pressare o lucidare la polvere sulla pelle.\\n1. Inizia premendo leggermente la parte superiore del pennello nella polvere desiderata o, se stai utilizzando un prodotto liquido, immergi una quantit\u00e0 di dimensioni di un pisello sul dorso della mano e poi procedi a raccogliere il prodotto premendo leggermente il pennello. nel prodotto.\\n2. Una volta che la parte superiore del pennello \u00e8 leggermente rivestita, inizia a girare e lucidare la fresa in un cerchio sul viso o su un'area desiderata, facendo attenzione a non applicare troppa pressione sulle setole.\\n\"}\" data-sheets-userformat=\"{\"2\":15299,\"3\":{\"1\":0},\"4\":{\"1\":2,\"2\":16770457},\"9\":0,\"10\":2,\"11\":0,\"12\":0,\"14\":{\"1\":2,\"2\":0},\"15\":\"Calibri\",\"16\":11}\">Un pinceau plat avec des poils de densit\u00e9 moyenne pour une finition uniforme. Prix de d\u00e9tail recommand\u00e9 : 31,30 CHF<\/span><\/p>\n","protected":false},"featured_media":48990,"template":"","meta":{"_acf_changed":false},"product_brand":[],"product_cat":[8512],"product_tag":[391,6631,7542,6647,6640,1962],"class_list":{"0":"post-48998","1":"product","2":"type-product","3":"status-publish","4":"has-post-thumbnail","6":"product_cat-dernieres-pieces","7":"product_tag-brosse","8":"product_tag-brosse-fr","9":"product_tag-kabuki-fr","10":"product_tag-plaque","11":"product_tag-plat","12":"product_tag-top-fr","14":"first","15":"instock","16":"sale","17":"taxable","18":"shipping-taxable","19":"purchasable","20":"product-type-simple"},"acf":[],"jetpack_sharing_enabled":true,"_links":{"self":[{"href":"https:\/\/cndestetik.ch\/fr\/wp-json\/wp\/v2\/product\/48998","targetHints":{"allow":["GET"]}}],"collection":[{"href":"https:\/\/cndestetik.ch\/fr\/wp-json\/wp\/v2\/product"}],"about":[{"href":"https:\/\/cndestetik.ch\/fr\/wp-json\/wp\/v2\/types\/product"}],"wp:featuredmedia":[{"embeddable":true,"href":"https:\/\/cndestetik.ch\/fr\/wp-json\/wp\/v2\/media\/48990"}],"wp:attachment":[{"href":"https:\/\/cndestetik.ch\/fr\/wp-json\/wp\/v2\/media?parent=48998"}],"wp:term":[{"taxonomy":"product_brand","embeddable":true,"href":"https:\/\/cndestetik.ch\/fr\/wp-json\/wp\/v2\/product_brand?post=48998"},{"taxonomy":"product_cat","embeddable":true,"href":"https:\/\/cndestetik.ch\/fr\/wp-json\/wp\/v2\/product_cat?post=48998"},{"taxonomy":"product_tag","embeddable":true,"href":"https:\/\/cndestetik.ch\/fr\/wp-json\/wp\/v2\/product_tag?post=48998"}],"curies":[{"name":"wp","href":"https:\/\/api.w.org\/{rel}","templated":true}]}}