{"id":48914,"date":"2022-06-23T16:40:48","date_gmt":"2022-06-23T14:40:48","guid":{"rendered":"https:\/\/cndestetik.ch\/prodotto\/inika-pr-p-active-botanical-face-oil-110ml\/"},"modified":"2022-07-18T13:43:59","modified_gmt":"2022-07-18T11:43:59","slug":"inika-pr-p-active-botanical-face-oil-110ml","status":"publish","type":"product","link":"https:\/\/cndestetik.ch\/fr\/prodotto\/inika-pr-p-active-botanical-face-oil-110ml\/","title":{"rendered":"INIKA PR P-Active Botanical Face Oil 110ml"},"content":{"rendered":"<p><span data-sheets-value=\"{\"1\":2,\"2\":\"Questa miscela pura di 18 oli botanici di fascia alta rinforza la barriera naturale della pelle e fornisce un rinnovamento ottimale per una pelle immediatamente fresca e luminosa. Questo olio si assorbe istantaneamente per lasciare una lussuosa finitura asciutta, senza una sensazione di unto.\\nRicco di antiossidanti : una combinazione di oli vegetali antiossidanti di lusso aiuta a proteggere dai fattori ambientali.\\nNutriente - ricco di vitamine A, E, K e acidi grassi Omega-3, 6, 9 per un nutrimento ottimale della pelle e il rinforzo della barriera naturale della pelle.\\nRiparatore - alte concentrazioni di oli di semi di cartamo e melograno noti per le loro propriet\u00e0 lenitive e riparatrici.\\nContiene la pi\u00f9 alta percentuale al mondo di ingredienti botanici attivi clinicamente testati.\\nFragranza 100% naturale da oli essenziali biologici certificati.\\nBarattoli di vetro sostenibili e coperchi riciclabili.\\n\\nADATTO A TUTTI I TIPI DI PELLE\\nIPOALLERGENICO E DERMATOLOGICAMENTE TESTATO\\nStrofinare delicatamente 1-3 gocce di olio su viso, collo e d\u00e9collet\u00e9 dopo la pulizia e l'applicazione del siero.\\nSeguire con la crema giorno o notte per ottenere i migliori risultati.\\nUsa mattina e sera.\\n \\nConservare a temperatura inferiore a 30 \u00b0 C.\\nEvitare la luce solare diretta.\\n\"}\" data-sheets-userformat=\"{\"2\":15299,\"3\":{\"1\":0},\"4\":{\"1\":2,\"2\":65280},\"9\":0,\"10\":2,\"11\":0,\"12\":0,\"14\":{\"1\":2,\"2\":0},\"15\":\"Calibri\",\"16\":11}\">Ce m\u00e9lange pur de 18 huiles botaniques haut de gamme renforce la barri\u00e8re naturelle de la peau et assure un renouvellement optimal pour une peau instantan\u00e9ment fra\u00eeche et radieuse. Cette huile est absorb\u00e9e instantan\u00e9ment pour laisser un fini sec et luxueux sans sensation de gras.<br \/>\nRiche en antioxydants : une combinaison d&#8217;huiles v\u00e9g\u00e9tales antioxydantes de luxe aide \u00e0 prot\u00e9ger contre les facteurs environnementaux.<br \/>\nNourrissant &#8211; riche en vitamines A, E, K et en acides gras om\u00e9ga-3, 6, 9 pour une alimentation optimale de la peau et un renforcement de la barri\u00e8re naturelle de la peau.<br \/>\nR\u00e9parateur &#8211; fortes concentrations d&#8217;huiles de graines de carthame et de grenade connues pour leurs propri\u00e9t\u00e9s apaisantes et r\u00e9paratrices.<br \/>\nIl contient le pourcentage le plus \u00e9lev\u00e9 au monde d&#8217;ingr\u00e9dients botaniques actifs cliniquement prouv\u00e9s.<br \/>\nParfum 100% naturel issu d&#8217;huiles essentielles certifi\u00e9es biologiques.<br \/>\nBocaux en verre durable et couvercles recyclables.<\/span><\/p>\n<p>CONVIENT \u00c0 TOUS LES TYPES DE PEAU<br \/>\nHYPOALLERG\u00c9NIQUE ET TEST\u00c9 DERMATOLOGIQUEMENT<br \/>\nFrottez doucement 1 \u00e0 3 gouttes d&#8217;huile sur le visage, le cou et le d\u00e9collet\u00e9 apr\u00e8s avoir nettoy\u00e9 et appliqu\u00e9 le s\u00e9rum.<br \/>\nPour un r\u00e9sultat optimal, appliquez ensuite une cr\u00e8me de jour ou de nuit.<br \/>\nUtiliser matin et soir.<\/p>\n<p>Conserver en dessous de 30\u00b0C.<br \/>\n\u00c9vitez la lumi\u00e8re directe du soleil.<\/p>\n","protected":false},"excerpt":{"rendered":"<p>M\u00e9lange d&#8217;huiles botaniques qui renouvellent et \u00e9claircissent la peau.<\/p>\n","protected":false},"featured_media":46866,"template":"","meta":{"_acf_changed":false},"product_brand":[],"product_cat":[1494,1867],"product_tag":[7485,7459,2183,816,891,821,4849],"class_list":{"0":"post-48914","1":"product","2":"type-product","3":"status-publish","4":"has-post-thumbnail","6":"product_cat-cosmetiques","7":"product_cat-offres","8":"product_tag-botanique","9":"product_tag-cher","10":"product_tag-huile","11":"product_tag-inika-fr","12":"product_tag-peau","13":"product_tag-soin-de-la-peau","14":"product_tag-visage-fr","16":"first","17":"instock","18":"sale","19":"taxable","20":"shipping-taxable","21":"purchasable","22":"product-type-simple"},"acf":[],"jetpack_sharing_enabled":true,"_links":{"self":[{"href":"https:\/\/cndestetik.ch\/fr\/wp-json\/wp\/v2\/product\/48914","targetHints":{"allow":["GET"]}}],"collection":[{"href":"https:\/\/cndestetik.ch\/fr\/wp-json\/wp\/v2\/product"}],"about":[{"href":"https:\/\/cndestetik.ch\/fr\/wp-json\/wp\/v2\/types\/product"}],"wp:featuredmedia":[{"embeddable":true,"href":"https:\/\/cndestetik.ch\/fr\/wp-json\/wp\/v2\/media\/46866"}],"wp:attachment":[{"href":"https:\/\/cndestetik.ch\/fr\/wp-json\/wp\/v2\/media?parent=48914"}],"wp:term":[{"taxonomy":"product_brand","embeddable":true,"href":"https:\/\/cndestetik.ch\/fr\/wp-json\/wp\/v2\/product_brand?post=48914"},{"taxonomy":"product_cat","embeddable":true,"href":"https:\/\/cndestetik.ch\/fr\/wp-json\/wp\/v2\/product_cat?post=48914"},{"taxonomy":"product_tag","embeddable":true,"href":"https:\/\/cndestetik.ch\/fr\/wp-json\/wp\/v2\/product_tag?post=48914"}],"curies":[{"name":"wp","href":"https:\/\/api.w.org\/{rel}","templated":true}]}}