{"id":48906,"date":"2022-06-23T14:47:21","date_gmt":"2022-06-23T12:47:21","guid":{"rendered":"https:\/\/cndestetik.ch\/prodotto\/creme-pour-les-levres-et-les-joues-certifiee-biologique\/"},"modified":"2022-11-15T16:58:38","modified_gmt":"2022-11-15T15:58:38","slug":"creme-pour-les-levres-et-les-joues-certifiee-biologique","status":"publish","type":"product","link":"https:\/\/cndestetik.ch\/fr\/prodotto\/creme-pour-les-levres-et-les-joues-certifiee-biologique\/","title":{"rendered":"Cr\u00e8me pour les l\u00e8vres et les joues certifi\u00e9e biologique"},"content":{"rendered":"<p><span data-sheets-value=\"{\"1\":2,\"2\":\"Ottieni un tocco naturale di colore modulabile con la crema per labbra e guance arricchita di nutrienti. La formula setosa e morbida si fonde perfettamente su labbra e guance, conferendo un sottile tocco con colori unici. Infuso con olio di mandorle dolci e vitamina E, idrata e protegge la pelle in modo meraviglioso, assicurando un colore duraturo e una finitura trasparente e ricca di pigmenti.\\nLa tinta a doppio scopo idrata e protegge mentre conferisce un colore splendido.\\nLa formula altamente pigmentata e a lunga tenuta crea una finitura trasparente meravigliosamente naturale.\\nScivola senza sforzo per un comfort totale della pelle.\\n72% di ingredienti biologici\\nTutti i prodotti INIKA sono di derivazione naturale al 100%, certificati vegani e cruelty free.\\n1. Usando la punta delle dita per riscaldare gli oli naturali nella Crema per labbra e guance, tamponare delicatamente sulle labbra e sulle mele delle guance. \\n2. Si fondono delicatamente sulla pelle, creando il colore secondo necessit\u00e0\"}\" data-sheets-userformat=\"{\"2\":15297,\"3\":{\"1\":0},\"9\":0,\"10\":2,\"11\":0,\"12\":0,\"14\":{\"1\":2,\"2\":0},\"15\":\"Calibri\",\"16\":11}\">Obtenez une touche naturelle de couleur modulable avec la cr\u00e8me pour les l\u00e8vres et les joues enrichie en nutriments. La formule douce et soyeuse se fond parfaitement sur les l\u00e8vres et les joues, apportant une touche subtile avec des couleurs uniques. Infus\u00e9 d&#8217;huile d&#8217;amande douce et de vitamine E, il hydrate et prot\u00e8ge merveilleusement la peau, assurant une couleur longue dur\u00e9e et un fini transparent et riche en pigments.<br \/>\nCe colorant \u00e0 double usage hydrate et prot\u00e8ge tout en donnant une couleur splendide.<br \/>\nLa formule hautement pigment\u00e9e et longue dur\u00e9e cr\u00e9e un fini transparent merveilleusement naturel.<br \/>\nIl glisse sans effort pour un confort total de la peau.<br \/>\n72% d&#8217;ingr\u00e9dients biologiques<br \/>\nTous les produits INIKA sont 100% d&#8217;origine naturelle, certifi\u00e9s v\u00e9g\u00e9taliens et sans cruaut\u00e9.<br \/>\n1. En utilisant le bout de vos doigts pour r\u00e9chauffer les huiles naturelles de la cr\u00e8me pour les l\u00e8vres et les joues, tamponnez doucement sur les l\u00e8vres et les pommettes.<br \/>\n2. Se fond d\u00e9licatement dans la peau, en cr\u00e9ant de la couleur selon les besoins.<\/span><\/p>\n","protected":false},"excerpt":{"rendered":"<p>Cr\u00e8me pour les joues et les l\u00e8vres INIKA.<\/p>\n","protected":false},"featured_media":46733,"template":"","meta":{"_acf_changed":false},"product_brand":[],"product_cat":[8512],"product_tag":[3834,5513,816,7441,9396,4385,745],"class_list":{"0":"post-48906","1":"product","2":"type-product","3":"status-publish","4":"has-post-thumbnail","6":"product_cat-dernieres-pieces","7":"product_tag-creme","8":"product_tag-creme-fr","9":"product_tag-inika-fr","10":"product_tag-joue","11":"product_tag-joues","12":"product_tag-levre","13":"product_tag-levres","15":"first","16":"outofstock","17":"sale","18":"taxable","19":"shipping-taxable","20":"purchasable","21":"product-type-simple"},"acf":[],"jetpack_sharing_enabled":true,"_links":{"self":[{"href":"https:\/\/cndestetik.ch\/fr\/wp-json\/wp\/v2\/product\/48906","targetHints":{"allow":["GET"]}}],"collection":[{"href":"https:\/\/cndestetik.ch\/fr\/wp-json\/wp\/v2\/product"}],"about":[{"href":"https:\/\/cndestetik.ch\/fr\/wp-json\/wp\/v2\/types\/product"}],"wp:featuredmedia":[{"embeddable":true,"href":"https:\/\/cndestetik.ch\/fr\/wp-json\/wp\/v2\/media\/46733"}],"wp:attachment":[{"href":"https:\/\/cndestetik.ch\/fr\/wp-json\/wp\/v2\/media?parent=48906"}],"wp:term":[{"taxonomy":"product_brand","embeddable":true,"href":"https:\/\/cndestetik.ch\/fr\/wp-json\/wp\/v2\/product_brand?post=48906"},{"taxonomy":"product_cat","embeddable":true,"href":"https:\/\/cndestetik.ch\/fr\/wp-json\/wp\/v2\/product_cat?post=48906"},{"taxonomy":"product_tag","embeddable":true,"href":"https:\/\/cndestetik.ch\/fr\/wp-json\/wp\/v2\/product_tag?post=48906"}],"curies":[{"name":"wp","href":"https:\/\/api.w.org\/{rel}","templated":true}]}}