{"id":48834,"date":"2022-06-22T14:39:35","date_gmt":"2022-06-22T12:39:35","guid":{"rendered":"https:\/\/cndestetik.ch\/prodotto\/creme-de-base-massage\/"},"modified":"2025-01-23T09:35:03","modified_gmt":"2025-01-23T08:35:03","slug":"creme-base-massage","status":"publish","type":"product","link":"https:\/\/cndestetik.ch\/fr\/prodotto\/creme-base-massage\/","title":{"rendered":"Cr\u00e8me de base &#8211; Massage"},"content":{"rendered":"<p>Id\u00e9ale comme cr\u00e8me de massage, elle peut \u00eatre personnalis\u00e9e pour rendre votre traitement plus sp\u00e9cifique.<\/p>\n<p><span data-sheets-value=\"{\"1\":2,\"2\":\"Nutre la pelle rendendola morbida e setosa, ideale per le pelli secche e disidratate.\\nFavorendo la circolazione periferica, sostiene la naturale regolazione dell\u2019umidit\u00e0 cutanea. Combatte la desquamazione eccessiva della pelle e la protegge dall\u2019aggressione di agenti esterni.\"}\" data-sheets-userformat=\"{\"2\":15297,\"3\":{\"1\":0},\"9\":0,\"10\":2,\"11\":0,\"12\":0,\"14\":{\"1\":2,\"2\":0},\"15\":\"Calibri\",\"16\":11}\"><span style=\"vertical-align: inherit\"><span style=\"vertical-align: inherit\">Il nourrit la peau en la rendant douce et soyeuse, id\u00e9ale pour les peaux s\u00e8ches et d\u00e9shydrat\u00e9es.  <\/span><\/span><br \/>\n<span style=\"vertical-align: inherit\"><span style=\"vertical-align: inherit\">En favorisant la circulation p\u00e9riph\u00e9rique, il soutient la r\u00e9gulation naturelle de l&#8217;hydratation de la peau.  <\/span><span style=\"vertical-align: inherit\">Combattre la desquamation excessive de la peau et la prot\u00e9ger des agressions des agents ext\u00e9rieurs.<\/span><\/span><\/span><\/p>\n<p><span style=\"vertical-align: inherit\"><span style=\"vertical-align: inherit\">Taille : 500ml<\/span><\/span><\/p>\n","protected":false},"excerpt":{"rendered":"<p><span style=\"vertical-align: inherit\"><span style=\"vertical-align: inherit\">Une cr\u00e8me qui prot\u00e8ge la peau de l&#8217;agression des agents ext\u00e9rieurs, nourrit la peau et la rend douce.<\/span><\/span><\/p>\n","protected":false},"featured_media":49706,"template":"","meta":{"_acf_changed":false},"product_brand":[],"product_cat":[12987,1494,12982,9906,11233],"product_tag":[6764,3834,7353,7356,473,7214,7361,7367,7371],"class_list":{"0":"post-48834","1":"product","2":"type-product","3":"status-publish","4":"has-post-thumbnail","6":"product_cat-corps","7":"product_cat-cosmetiques","8":"product_cat-microcosme","9":"product_cat-oiseau-rose","10":"product_cat-physiotherapie","11":"product_tag-base-fr","12":"product_tag-creme","13":"product_tag-deshydrate","14":"product_tag-massage","15":"product_tag-nourrissant","16":"product_tag-peaux","17":"product_tag-peaux-deshydratees","18":"product_tag-peaux-seches","19":"product_tag-sec-fr-2","21":"first","22":"instock","23":"taxable","24":"shipping-taxable","25":"purchasable","26":"product-type-simple"},"acf":[],"jetpack_sharing_enabled":true,"_links":{"self":[{"href":"https:\/\/cndestetik.ch\/fr\/wp-json\/wp\/v2\/product\/48834","targetHints":{"allow":["GET"]}}],"collection":[{"href":"https:\/\/cndestetik.ch\/fr\/wp-json\/wp\/v2\/product"}],"about":[{"href":"https:\/\/cndestetik.ch\/fr\/wp-json\/wp\/v2\/types\/product"}],"wp:featuredmedia":[{"embeddable":true,"href":"https:\/\/cndestetik.ch\/fr\/wp-json\/wp\/v2\/media\/49706"}],"wp:attachment":[{"href":"https:\/\/cndestetik.ch\/fr\/wp-json\/wp\/v2\/media?parent=48834"}],"wp:term":[{"taxonomy":"product_brand","embeddable":true,"href":"https:\/\/cndestetik.ch\/fr\/wp-json\/wp\/v2\/product_brand?post=48834"},{"taxonomy":"product_cat","embeddable":true,"href":"https:\/\/cndestetik.ch\/fr\/wp-json\/wp\/v2\/product_cat?post=48834"},{"taxonomy":"product_tag","embeddable":true,"href":"https:\/\/cndestetik.ch\/fr\/wp-json\/wp\/v2\/product_tag?post=48834"}],"curies":[{"name":"wp","href":"https:\/\/api.w.org\/{rel}","templated":true}]}}