{"id":48823,"date":"2022-06-20T16:38:13","date_gmt":"2022-06-20T14:38:13","guid":{"rendered":"https:\/\/cndestetik.ch\/prodotto\/pommade-balsamique\/"},"modified":"2025-02-07T08:51:35","modified_gmt":"2025-02-07T07:51:35","slug":"pommade-balsamique","status":"publish","type":"product","link":"https:\/\/cndestetik.ch\/fr\/prodotto\/pommade-balsamique\/","title":{"rendered":"Pommade balsamique"},"content":{"rendered":"<p><span data-sheets-value=\"{\"1\":2,\"2\":\"Oleoliti Spagirici di: Timo Rosso e Elicriso - Oli Essenziali di Eucalipto, Menta , Pino Silvestre, Timo. Le propriet\u00e0 espettoranti e antibatteriche dell'oleolito di Timo e di Elicriso e degli oli essenziali rendono questo unguento particolarmente adatto in caso di problematiche respiratorie. Si consiglia di applicarlo sul petto e sulla parte alta della schiena a livello dei polmoni massaggiando per favorirne l'assorbimento. Purifica e libera le vie respiratorie dando benessere e sollievo.\\n\\nL'unguento ha origini molto antiche, \u00e8 una preparazione per uso esterno in fase grassa. Gli unguenti Microcosmo contengono come base il burro di Karit\u00e8, la cera d'api e gli oli vegetali. La sostanza funzionale \u00e8 rappresentata dagli oleoliti spagirici e dagli oli essenziali. Gli oleoliti spagirici, estratti con olio di ricino secondo le tecniche della spagiria, hanno ottime propriet\u00e0 chimiche ed energetiche. Esse sono valorizzate ed amplificate dagli oli essenziali che caratterizzano anche il profumo degli unguenti.\"}\" data-sheets-userformat=\"{\"2\":15297,\"3\":{\"1\":0},\"9\":0,\"10\":2,\"11\":0,\"12\":0,\"14\":{\"1\":2,\"2\":0},\"15\":\"Calibri\",\"16\":11}\">Ol\u00e9olites spagyriques de : Thym rouge et H\u00e9licryse &#8211; Huiles essentielles d&#8217;Eucalyptus, Menthe, Pin sylvestre, Thym.  <\/span><\/p>\n<p><span data-sheets-value=\"{\"1\":2,\"2\":\"Oleoliti Spagirici di: Timo Rosso e Elicriso - Oli Essenziali di Eucalipto, Menta , Pino Silvestre, Timo. Le propriet\u00e0 espettoranti e antibatteriche dell'oleolito di Timo e di Elicriso e degli oli essenziali rendono questo unguento particolarmente adatto in caso di problematiche respiratorie. Si consiglia di applicarlo sul petto e sulla parte alta della schiena a livello dei polmoni massaggiando per favorirne l'assorbimento. Purifica e libera le vie respiratorie dando benessere e sollievo.\\n\\nL'unguento ha origini molto antiche, \u00e8 una preparazione per uso esterno in fase grassa. Gli unguenti Microcosmo contengono come base il burro di Karit\u00e8, la cera d'api e gli oli vegetali. La sostanza funzionale \u00e8 rappresentata dagli oleoliti spagirici e dagli oli essenziali. Gli oleoliti spagirici, estratti con olio di ricino secondo le tecniche della spagiria, hanno ottime propriet\u00e0 chimiche ed energetiche. Esse sono valorizzate ed amplificate dagli oli essenziali che caratterizzano anche il profumo degli unguenti.\"}\" data-sheets-userformat=\"{\"2\":15297,\"3\":{\"1\":0},\"9\":0,\"10\":2,\"11\":0,\"12\":0,\"14\":{\"1\":2,\"2\":0},\"15\":\"Calibri\",\"16\":11}\">Les propri\u00e9t\u00e9s expectorantes et antibact\u00e9riennes de l&#8217;ol\u00e9olite et des huiles essentielles de thym et d&#8217;h\u00e9lichryse rendent cette pommade particuli\u00e8rement adapt\u00e9e aux probl\u00e8mes respiratoires. Il est recommand\u00e9 de l&#8217;appliquer sur la poitrine et le haut du dos au niveau des poumons, en massant pour favoriser l&#8217;absorption. Il purifie et d\u00e9gage les voies respiratoires, procurant bien-\u00eatre et soulagement.<\/span><\/p>\n<p>La pommade a des origines tr\u00e8s anciennes ; il s&#8217;agit d&#8217;une pr\u00e9paration \u00e0 usage externe en phase huileuse. Les pommades Microcosmo contiennent du beurre de karit\u00e9, de la cire d&#8217;abeille et des huiles v\u00e9g\u00e9tales comme base. La substance fonctionnelle est repr\u00e9sent\u00e9e par des ol\u00e9olites spagyriques et des huiles essentielles. Les ol\u00e9olites spagyriques, extraites de l&#8217;huile de ricin selon les techniques spagyriques, pr\u00e9sentent d&#8217;excellentes propri\u00e9t\u00e9s chimiques et \u00e9nerg\u00e9tiques. Ils sont mis en valeur et amplifi\u00e9s par les huiles essentielles qui caract\u00e9risent \u00e9galement le parfum des pommades.<\/p>\n<p>Convient aux adultes et aux enfants<\/p>\n<p>Taille : 50ml<\/p>\n","protected":false},"excerpt":{"rendered":"<p>Pommade appliqu\u00e9e sur le dos et la poitrine pour favoriser la respiration.<\/p>\n","protected":false},"featured_media":49150,"template":"","meta":{"_acf_changed":false},"product_brand":[],"product_cat":[12987,1494,12982,11233],"product_tag":[7333,4635,524,506,9832,7173,7334,545],"class_list":{"0":"post-48823","1":"product","2":"type-product","3":"status-publish","4":"has-post-thumbnail","6":"product_cat-corps","7":"product_cat-cosmetiques","8":"product_cat-microcosme","9":"product_cat-physiotherapie","10":"product_tag-balsamique","11":"product_tag-baume-fr","12":"product_tag-eucalyptus-fr","13":"product_tag-menthe","14":"product_tag-pino-silvestre-fr","15":"product_tag-pommade","16":"product_tag-respiration","17":"product_tag-thym","19":"first","20":"instock","21":"taxable","22":"shipping-taxable","23":"purchasable","24":"product-type-simple"},"acf":[],"jetpack_sharing_enabled":true,"_links":{"self":[{"href":"https:\/\/cndestetik.ch\/fr\/wp-json\/wp\/v2\/product\/48823","targetHints":{"allow":["GET"]}}],"collection":[{"href":"https:\/\/cndestetik.ch\/fr\/wp-json\/wp\/v2\/product"}],"about":[{"href":"https:\/\/cndestetik.ch\/fr\/wp-json\/wp\/v2\/types\/product"}],"wp:featuredmedia":[{"embeddable":true,"href":"https:\/\/cndestetik.ch\/fr\/wp-json\/wp\/v2\/media\/49150"}],"wp:attachment":[{"href":"https:\/\/cndestetik.ch\/fr\/wp-json\/wp\/v2\/media?parent=48823"}],"wp:term":[{"taxonomy":"product_brand","embeddable":true,"href":"https:\/\/cndestetik.ch\/fr\/wp-json\/wp\/v2\/product_brand?post=48823"},{"taxonomy":"product_cat","embeddable":true,"href":"https:\/\/cndestetik.ch\/fr\/wp-json\/wp\/v2\/product_cat?post=48823"},{"taxonomy":"product_tag","embeddable":true,"href":"https:\/\/cndestetik.ch\/fr\/wp-json\/wp\/v2\/product_tag?post=48823"}],"curies":[{"name":"wp","href":"https:\/\/api.w.org\/{rel}","templated":true}]}}