{"id":48815,"date":"2022-06-21T14:57:45","date_gmt":"2022-06-21T12:57:45","guid":{"rendered":"https:\/\/cndestetik.ch\/prodotto\/traitement-des-ongles-incarnes-en-gel\/"},"modified":"2025-01-23T09:35:06","modified_gmt":"2025-01-23T08:35:06","slug":"gel-traitement-des-ongles-incarne","status":"publish","type":"product","link":"https:\/\/cndestetik.ch\/fr\/prodotto\/gel-traitement-des-ongles-incarne\/","title":{"rendered":"Traitement des ongles incarn\u00e9s en gel"},"content":{"rendered":"<p><span data-sheets-value=\"{\"1\":2,\"2\":\"Con Argilla Verde Ventilata e il nuovo Gel Microcosmo: un trattamento completo che dona benessere a tutto il piede e prepara alla pedicure specifica della unghie incarnite.\\n\\nIl Gel Microcosmo per il trattamento Unghia Incarnita aiuta a rinfrescare e purificare la zona attorno all\u2019unghia incarnta attenuando i rossori e l\u2019infiammazione grazie all\u2019Aloe dalle note propriet\u00e0 rinfrescanti, emollienti e antinfiammatorie, utilissimo nel trattare l\u2019unghia incarnita in quanto elimina dolori e rossori dati dall\u2019infiammazione cutanea circostante.\\n\\nScopri anche il Nuovo Composto Spagirico per il Trattamento delle Micosi: con Argento colloidale, Oleoliti Spagirici e Oli essenziali.\\n\\n\"}\" data-sheets-userformat=\"{\"2\":15297,\"3\":{\"1\":0},\"9\":0,\"10\":2,\"11\":0,\"12\":0,\"14\":{\"1\":2,\"2\":0},\"15\":\"Calibri\",\"16\":11}\">Avec l&#8217;Argile Verte Ventil\u00e9e et le nouveau Gel Microcosmo : un traitement complet qui apporte du bien-\u00eatre \u00e0 tout le pied et pr\u00e9pare \u00e0 la p\u00e9dicure sp\u00e9cifique pour les ongles incarn\u00e9s.<\/span><\/p>\n<p>Le Gel Microcosmo pour le traitement des ongles incarn\u00e9s aide \u00e0 rafra\u00eechir et \u00e0 purifier la zone autour de l&#8217;ongle incarn\u00e9, en soulageant les rougeurs et les inflammations gr\u00e2ce \u00e0 l&#8217;Alo\u00e8s aux propri\u00e9t\u00e9s rafra\u00eechissantes, \u00e9mollientes et anti-inflammatoires bien connues. Il est extr\u00eamement utile dans le traitement des ongles incarn\u00e9s car il \u00e9limine la douleur et les rougeurs caus\u00e9es par l&#8217;inflammation de la peau environnante.<\/p>\n<p>D\u00e9couvrez \u00e9galement le nouveau compos\u00e9 spagyrique pour le traitement des mycoses : avec de l&#8217;argent collo\u00efdal, des ol\u00e9olites spagyriques et des huiles essentielles.<span data-sheets-value=\"{\"1\":2,\"2\":\"Con Argilla Verde Ventilata e il nuovo Gel Microcosmo: un trattamento completo che dona benessere a tutto il piede e prepara alla pedicure specifica della unghie incarnite.\\n\\nIl Gel Microcosmo per il trattamento Unghia Incarnita aiuta a rinfrescare e purificare la zona attorno all\u2019unghia incarnta attenuando i rossori e l\u2019infiammazione grazie all\u2019Aloe dalle note propriet\u00e0 rinfrescanti, emollienti e antinfiammatorie, utilissimo nel trattare l\u2019unghia incarnita in quanto elimina dolori e rossori dati dall\u2019infiammazione cutanea circostante.\\n\\nScopri anche il Nuovo Composto Spagirico per il Trattamento delle Micosi: con Argento colloidale, Oleoliti Spagirici e Oli essenziali.\\n\\n\"}\" data-sheets-userformat=\"{\"2\":15297,\"3\":{\"1\":0},\"9\":0,\"10\":2,\"11\":0,\"12\":0,\"14\":{\"1\":2,\"2\":0},\"15\":\"Calibri\",\"16\":11}\">Format : 30ml<\/span><\/p>\n","protected":false},"excerpt":{"rendered":"<p>Gel adapt\u00e9 aux ongles incarn\u00e9s, soulage les rougeurs et calme les inflammations.<\/p>\n","protected":false},"featured_media":46912,"template":"","meta":{"_acf_changed":false},"product_brand":[],"product_cat":[12987,1494,12982,11231],"product_tag":[9129,4576,1275,7316,7320,5220,1355,7272],"class_list":{"0":"post-48815","1":"product","2":"type-product","3":"status-publish","4":"has-post-thumbnail","6":"product_cat-corps","7":"product_cat-cosmetiques","8":"product_cat-microcosme","9":"product_cat-tatuateurs","10":"product_tag-anti-inflammatoire","11":"product_tag-argile-fr","12":"product_tag-gel-fr","13":"product_tag-incarne","14":"product_tag-incarne-fr","15":"product_tag-ongle-fr","16":"product_tag-ongles-fr","17":"product_tag-ventile","19":"first","20":"instock","21":"taxable","22":"shipping-taxable","23":"purchasable","24":"product-type-simple"},"acf":[],"jetpack_sharing_enabled":true,"_links":{"self":[{"href":"https:\/\/cndestetik.ch\/fr\/wp-json\/wp\/v2\/product\/48815","targetHints":{"allow":["GET"]}}],"collection":[{"href":"https:\/\/cndestetik.ch\/fr\/wp-json\/wp\/v2\/product"}],"about":[{"href":"https:\/\/cndestetik.ch\/fr\/wp-json\/wp\/v2\/types\/product"}],"wp:featuredmedia":[{"embeddable":true,"href":"https:\/\/cndestetik.ch\/fr\/wp-json\/wp\/v2\/media\/46912"}],"wp:attachment":[{"href":"https:\/\/cndestetik.ch\/fr\/wp-json\/wp\/v2\/media?parent=48815"}],"wp:term":[{"taxonomy":"product_brand","embeddable":true,"href":"https:\/\/cndestetik.ch\/fr\/wp-json\/wp\/v2\/product_brand?post=48815"},{"taxonomy":"product_cat","embeddable":true,"href":"https:\/\/cndestetik.ch\/fr\/wp-json\/wp\/v2\/product_cat?post=48815"},{"taxonomy":"product_tag","embeddable":true,"href":"https:\/\/cndestetik.ch\/fr\/wp-json\/wp\/v2\/product_tag?post=48815"}],"curies":[{"name":"wp","href":"https:\/\/api.w.org\/{rel}","templated":true}]}}