{"id":48814,"date":"2022-06-21T10:44:05","date_gmt":"2022-06-21T08:44:05","guid":{"rendered":"https:\/\/cndestetik.ch\/prodotto\/huile-seche-post-pilation\/"},"modified":"2025-01-23T09:33:43","modified_gmt":"2025-01-23T08:33:43","slug":"huile-seche-post-epilation","status":"publish","type":"product","link":"https:\/\/cndestetik.ch\/fr\/prodotto\/huile-seche-post-epilation\/","title":{"rendered":"Huile s\u00e8che post-pilation"},"content":{"rendered":"<p><span style=\"vertical-align: inherit\"><span style=\"vertical-align: inherit\">Huile s\u00e8che nourrissante et apaisante \u00e0 utiliser juste apr\u00e8s l&#8217;\u00e9pilation.<\/span><\/span><\/p>\n<p><span style=\"vertical-align: inherit\"><span style=\"vertical-align: inherit\">Sa formulation laisse la peau s\u00e8che et non grasse, nourrit en profondeur, apaise et calme les rougeurs caus\u00e9es par l&#8217;action chaude de la cire et l&#8217;inflammation de la larme.<\/span><\/span><\/p>\n<p><span style=\"vertical-align: inherit\"><span style=\"vertical-align: inherit\">Disponible en deux versions :<\/span><\/span><\/p>\n<p><span style=\"vertical-align: inherit\"><span style=\"vertical-align: inherit\">125 ml : avec le vaporisateur pratique pour atteindre les zones les plus d\u00e9licates sans frotter ou pour les zones intimes.<\/span><\/span><\/p>\n<p><span style=\"vertical-align: inherit\"><span style=\"vertical-align: inherit\">500ml : pour recharger le 125ml ou pour distribuer plus de produit pour les grandes surfaces.<\/span><\/span><\/p>\n","protected":false},"excerpt":{"rendered":"<p><span style=\"vertical-align: inherit\"><span style=\"vertical-align: inherit\">Huile s\u00e8che nourrissante et apaisante \u00e0 utiliser juste apr\u00e8s l&#8217;\u00e9pilation.<\/span><\/span><\/p>\n","protected":false},"featured_media":54371,"template":"","meta":{"_acf_changed":false},"product_brand":[],"product_cat":[12987,1494,12982],"product_tag":[909,2184,7315,4150],"class_list":{"0":"post-48814","1":"product","2":"type-product","3":"status-publish","4":"has-post-thumbnail","6":"product_cat-corps","7":"product_cat-cosmetiques","8":"product_cat-microcosme","9":"product_tag-epilation-fr","10":"product_tag-huile-fr","11":"product_tag-poste","12":"product_tag-sec-fr","13":"pa_formato-125ml-fr","14":"pa_formato-500ml-fr","16":"first","17":"instock","18":"taxable","19":"shipping-taxable","20":"purchasable","21":"product-type-variable","22":"has-default-attributes"},"acf":[],"jetpack_sharing_enabled":true,"_links":{"self":[{"href":"https:\/\/cndestetik.ch\/fr\/wp-json\/wp\/v2\/product\/48814","targetHints":{"allow":["GET"]}}],"collection":[{"href":"https:\/\/cndestetik.ch\/fr\/wp-json\/wp\/v2\/product"}],"about":[{"href":"https:\/\/cndestetik.ch\/fr\/wp-json\/wp\/v2\/types\/product"}],"wp:featuredmedia":[{"embeddable":true,"href":"https:\/\/cndestetik.ch\/fr\/wp-json\/wp\/v2\/media\/54371"}],"wp:attachment":[{"href":"https:\/\/cndestetik.ch\/fr\/wp-json\/wp\/v2\/media?parent=48814"}],"wp:term":[{"taxonomy":"product_brand","embeddable":true,"href":"https:\/\/cndestetik.ch\/fr\/wp-json\/wp\/v2\/product_brand?post=48814"},{"taxonomy":"product_cat","embeddable":true,"href":"https:\/\/cndestetik.ch\/fr\/wp-json\/wp\/v2\/product_cat?post=48814"},{"taxonomy":"product_tag","embeddable":true,"href":"https:\/\/cndestetik.ch\/fr\/wp-json\/wp\/v2\/product_tag?post=48814"}],"curies":[{"name":"wp","href":"https:\/\/api.w.org\/{rel}","templated":true}]}}