{"id":48812,"date":"2022-06-21T15:33:12","date_gmt":"2022-06-21T13:33:12","guid":{"rendered":"https:\/\/cndestetik.ch\/prodotto\/stick-a-levres\/"},"modified":"2025-01-23T09:46:27","modified_gmt":"2025-01-23T08:46:27","slug":"rouge-a-levres","status":"publish","type":"product","link":"https:\/\/cndestetik.ch\/fr\/prodotto\/rouge-a-levres\/","title":{"rendered":"Stick \u00e0 l\u00e8vres"},"content":{"rendered":"<p><span data-sheets-value=\"{\"1\":2,\"2\":\"Mantiene per ore idratazione, morbidezza e una protezione sicura per le labbra. Ottimo anche per nei e cicatrici.\"}\" data-sheets-userformat=\"{\"2\":15297,\"3\":{\"1\":0},\"9\":0,\"10\":2,\"11\":0,\"12\":0,\"14\":{\"1\":2,\"2\":0},\"15\":\"Calibri\",\"16\":11}\">Il conserve l&#8217;hydratation, la douceur et la protection s\u00fbre des l\u00e8vres pendant des heures. \u00c9galement bon pour les grains de beaut\u00e9 et les cicatrices.<\/span><\/p>\n<p>Taille : 6ml<\/p>\n","protected":false},"excerpt":{"rendered":"<p>Stick \u00e0 l\u00e8vres hydratant qui apporte douceur et protection aux l\u00e8vres.<\/p>\n","protected":false},"featured_media":46941,"template":"","meta":{"_acf_changed":false},"product_brand":[],"product_cat":[1494,12982,12989],"product_tag":[4103,4099,4117,4098,745,4056,4087,4089,7312],"class_list":{"0":"post-48812","1":"product","2":"type-product","3":"status-publish","4":"has-post-thumbnail","6":"product_cat-cosmetiques","7":"product_cat-microcosme","8":"product_cat-visage","9":"product_tag-baton","10":"product_tag-douceur","11":"product_tag-ecran-solaire","12":"product_tag-hydratation","13":"product_tag-levres","14":"product_tag-protection","15":"product_tag-solaire","16":"product_tag-soleil","17":"product_tag-stick-a-levres","19":"first","20":"instock","21":"taxable","22":"shipping-taxable","23":"purchasable","24":"product-type-simple"},"acf":[],"jetpack_sharing_enabled":true,"_links":{"self":[{"href":"https:\/\/cndestetik.ch\/fr\/wp-json\/wp\/v2\/product\/48812","targetHints":{"allow":["GET"]}}],"collection":[{"href":"https:\/\/cndestetik.ch\/fr\/wp-json\/wp\/v2\/product"}],"about":[{"href":"https:\/\/cndestetik.ch\/fr\/wp-json\/wp\/v2\/types\/product"}],"wp:featuredmedia":[{"embeddable":true,"href":"https:\/\/cndestetik.ch\/fr\/wp-json\/wp\/v2\/media\/46941"}],"wp:attachment":[{"href":"https:\/\/cndestetik.ch\/fr\/wp-json\/wp\/v2\/media?parent=48812"}],"wp:term":[{"taxonomy":"product_brand","embeddable":true,"href":"https:\/\/cndestetik.ch\/fr\/wp-json\/wp\/v2\/product_brand?post=48812"},{"taxonomy":"product_cat","embeddable":true,"href":"https:\/\/cndestetik.ch\/fr\/wp-json\/wp\/v2\/product_cat?post=48812"},{"taxonomy":"product_tag","embeddable":true,"href":"https:\/\/cndestetik.ch\/fr\/wp-json\/wp\/v2\/product_tag?post=48812"}],"curies":[{"name":"wp","href":"https:\/\/api.w.org\/{rel}","templated":true}]}}