{"id":48811,"date":"2022-06-22T10:52:14","date_gmt":"2022-06-22T08:52:14","guid":{"rendered":"https:\/\/cndestetik.ch\/prodotto\/hydro-glycerine-dechinacee\/"},"modified":"2025-02-07T08:46:30","modified_gmt":"2025-02-07T07:46:30","slug":"hydro-glycerinate-echinacea","status":"publish","type":"product","link":"https:\/\/cndestetik.ch\/fr\/prodotto\/hydro-glycerinate-echinacea\/","title":{"rendered":"hydro-glyc\u00e9rine d&#8217;\u00e9chinac\u00e9e"},"content":{"rendered":"<p><span data-sheets-value=\"{\"1\":2,\"2\":\"Questi estratti si possono utilizzare direttamente sulla pelle del viso e del corpo o in aggiunta ad altre basi (crema, gel o oli)\\nHa propriet\u00e0 antirughe, coadiuvante nel trattamento, l'echinacea nella fitoterapia \u00e8 una delle piante pi\u00f9 indicate per rafforzare le difese immunitarie e nella cosmesi viene utilizzata per il trattamento contro l'invecchiamento cutaneo, le rughe e le smagliature. Essa stimola la protezione dei tessuti sostenendo il loro mantenimento.\"}\" data-sheets-userformat=\"{\"2\":15297,\"3\":{\"1\":0},\"9\":0,\"10\":2,\"11\":0,\"12\":0,\"14\":{\"1\":2,\"2\":0},\"15\":\"Calibri\",\"16\":11}\"><br \/>\nCes extraits peuvent \u00eatre utilis\u00e9s directement sur la peau du visage et du corps ou en compl\u00e9ment d&#8217;autres bases (cr\u00e8me, gels ou huiles). Elle poss\u00e8de des propri\u00e9t\u00e9s anti-rides, adjuvantes dans les traitements, l&#8217;\u00e9chinac\u00e9e en phytoth\u00e9rapie est l&#8217;une des plantes les plus adapt\u00e9es pour renforcer le syst\u00e8me immunitaire et en cosm\u00e9tique elle est utilis\u00e9e pour traiter le vieillissement cutan\u00e9, les rides et les vergetures. Il stimule la protection des tissus en favorisant leur maintien.<\/span><\/p>\n<p>&nbsp;<\/p>\n<p>Taille : 30ml<\/p>\n","protected":false},"excerpt":{"rendered":"<p><span data-sheets-value=\"{\"1\":2,\"2\":\"Questi estratti si possono utilizzare direttamente sulla pelle del viso e del corpo o in aggiunta ad altre basi (crema, gel o oli)nHa propriet\u00e0 tonificante, rivitalizzante, elasticizzante. I preparati a base di luppolo vengono utilizzati con molto successo nel trattamento di pelli atone, rugose, poco elastiche, sottili e rilassate. La sua caratteristica azione tonificante sui tessuti cutanei \u00e8 molta utilizzata anche nei trattamenti corpo rassodanti (seno, ventre, gambe)\"}\" data-sheets-userformat=\"{\"2\":15297,\"3\":{\"1\":0},\"9\":0,\"10\":2,\"11\":0,\"12\":0,\"14\":{\"1\":2,\"2\":0},\"15\":\"Calibri\",\"16\":11}\">Hydro-glyc\u00e9rinate d&#8217;\u00e9chinac\u00e9e, anti-rides, stimulant et fortifiant.<\/span><\/p>\n","protected":false},"featured_media":46937,"template":"","meta":{"_acf_changed":false},"product_brand":[],"product_cat":[12987,1494,12982,12989],"product_tag":[3711,7311,7242,7251,7258],"class_list":{"0":"post-48811","1":"product","2":"type-product","3":"status-publish","4":"has-post-thumbnail","6":"product_cat-corps","7":"product_cat-cosmetiques","8":"product_cat-microcosme","9":"product_cat-visage","10":"product_tag-anti-age-fr","11":"product_tag-echinacee","12":"product_tag-glycerinate-fr","13":"product_tag-hydro-fr","14":"product_tag-hydroglycerinate","16":"first","17":"instock","18":"taxable","19":"shipping-taxable","20":"purchasable","21":"product-type-simple"},"acf":[],"jetpack_sharing_enabled":true,"_links":{"self":[{"href":"https:\/\/cndestetik.ch\/fr\/wp-json\/wp\/v2\/product\/48811","targetHints":{"allow":["GET"]}}],"collection":[{"href":"https:\/\/cndestetik.ch\/fr\/wp-json\/wp\/v2\/product"}],"about":[{"href":"https:\/\/cndestetik.ch\/fr\/wp-json\/wp\/v2\/types\/product"}],"wp:featuredmedia":[{"embeddable":true,"href":"https:\/\/cndestetik.ch\/fr\/wp-json\/wp\/v2\/media\/46937"}],"wp:attachment":[{"href":"https:\/\/cndestetik.ch\/fr\/wp-json\/wp\/v2\/media?parent=48811"}],"wp:term":[{"taxonomy":"product_brand","embeddable":true,"href":"https:\/\/cndestetik.ch\/fr\/wp-json\/wp\/v2\/product_brand?post=48811"},{"taxonomy":"product_cat","embeddable":true,"href":"https:\/\/cndestetik.ch\/fr\/wp-json\/wp\/v2\/product_cat?post=48811"},{"taxonomy":"product_tag","embeddable":true,"href":"https:\/\/cndestetik.ch\/fr\/wp-json\/wp\/v2\/product_tag?post=48811"}],"curies":[{"name":"wp","href":"https:\/\/api.w.org\/{rel}","templated":true}]}}