{"id":48805,"date":"2022-06-22T10:45:10","date_gmt":"2022-06-22T08:45:10","guid":{"rendered":"https:\/\/cndestetik.ch\/prodotto\/hydro-glycerine-dhamamelis\/"},"modified":"2025-02-07T08:46:36","modified_gmt":"2025-02-07T07:46:36","slug":"hydro-glycerinate-dhamamelis","status":"publish","type":"product","link":"https:\/\/cndestetik.ch\/fr\/prodotto\/hydro-glycerinate-dhamamelis\/","title":{"rendered":"hydro-glyc\u00e9rine d&#8217;hamam\u00e9lis"},"content":{"rendered":"<p><span data-sheets-value=\"{\"1\":2,\"2\":\"Questi estratti si possono utilizzare direttamente sulla pelle del viso e del corpo o in aggiunta ad altre basi (crema, gel o oli)\\nHa propriet\u00e0 astringente, schiarente, rinfrescante, lenitivo; ideale nel trattamento delle pelli grasse, delicate e sensibile. E' un prodotto utile sulle macchie cutanee e sulla pelle dal colorito spento.\"}\" data-sheets-userformat=\"{\"2\":15297,\"3\":{\"1\":0},\"9\":0,\"10\":2,\"11\":0,\"12\":0,\"14\":{\"1\":2,\"2\":0},\"15\":\"Calibri\",\"16\":11}\">Ces extraits peuvent \u00eatre utilis\u00e9s directement sur la peau du visage et du corps ou en compl\u00e9ment d&#8217;autres bases (cr\u00e8me, gels ou huiles).<\/span><\/p>\n<p><span data-sheets-value=\"{\"1\":2,\"2\":\"Questi estratti si possono utilizzare direttamente sulla pelle del viso e del corpo o in aggiunta ad altre basi (crema, gel o oli)\\nHa propriet\u00e0 astringente, schiarente, rinfrescante, lenitivo; ideale nel trattamento delle pelli grasse, delicate e sensibile. E' un prodotto utile sulle macchie cutanee e sulla pelle dal colorito spento.\"}\" data-sheets-userformat=\"{\"2\":15297,\"3\":{\"1\":0},\"9\":0,\"10\":2,\"11\":0,\"12\":0,\"14\":{\"1\":2,\"2\":0},\"15\":\"Calibri\",\"16\":11}\"><br \/>\nIl poss\u00e8de des propri\u00e9t\u00e9s astringentes, \u00e9claircissantes, rafra\u00eechissantes et apaisantes ; id\u00e9al pour traiter les peaux grasses, d\u00e9licates et sensibles. C&#8217;est un produit utile sur les imperfections de la peau et le teint terne.<\/span><\/p>\n<p>Taille : 30ml<\/p>\n","protected":false},"excerpt":{"rendered":"<p><span data-sheets-value=\"{\"1\":2,\"2\":\"Questi estratti si possono utilizzare direttamente sulla pelle del viso e del corpo o in aggiunta ad altre basi (crema, gel o oli)nHa propriet\u00e0 tonificante, rivitalizzante, elasticizzante. I preparati a base di luppolo vengono utilizzati con molto successo nel trattamento di pelli atone, rugose, poco elastiche, sottili e rilassate. La sua caratteristica azione tonificante sui tessuti cutanei \u00e8 molta utilizzata anche nei trattamenti corpo rassodanti (seno, ventre, gambe)\"}\" data-sheets-userformat=\"{\"2\":15297,\"3\":{\"1\":0},\"9\":0,\"10\":2,\"11\":0,\"12\":0,\"14\":{\"1\":2,\"2\":0},\"15\":\"Calibri\",\"16\":11}\">Hydro-glyc\u00e9rinate d&#8217;hamam\u00e9lis, astringent, \u00e9claircissant, rafra\u00eechissant et apaisant.<\/span><\/p>\n","protected":false},"featured_media":54116,"template":"","meta":{"_acf_changed":false},"product_brand":[],"product_cat":[12987,1494,12982,12989],"product_tag":[8962,7211,7242,7304,7251,7258],"class_list":{"0":"post-48805","1":"product","2":"type-product","3":"status-publish","4":"has-post-thumbnail","6":"product_cat-corps","7":"product_cat-cosmetiques","8":"product_cat-microcosme","9":"product_cat-visage","10":"product_tag-agent-de-blanchiment","11":"product_tag-astringent-fr","12":"product_tag-glycerinate-fr","13":"product_tag-hamamelis-fr","14":"product_tag-hydro-fr","15":"product_tag-hydroglycerinate","17":"first","18":"instock","19":"taxable","20":"shipping-taxable","21":"purchasable","22":"product-type-simple"},"acf":[],"jetpack_sharing_enabled":true,"_links":{"self":[{"href":"https:\/\/cndestetik.ch\/fr\/wp-json\/wp\/v2\/product\/48805","targetHints":{"allow":["GET"]}}],"collection":[{"href":"https:\/\/cndestetik.ch\/fr\/wp-json\/wp\/v2\/product"}],"about":[{"href":"https:\/\/cndestetik.ch\/fr\/wp-json\/wp\/v2\/types\/product"}],"wp:featuredmedia":[{"embeddable":true,"href":"https:\/\/cndestetik.ch\/fr\/wp-json\/wp\/v2\/media\/54116"}],"wp:attachment":[{"href":"https:\/\/cndestetik.ch\/fr\/wp-json\/wp\/v2\/media?parent=48805"}],"wp:term":[{"taxonomy":"product_brand","embeddable":true,"href":"https:\/\/cndestetik.ch\/fr\/wp-json\/wp\/v2\/product_brand?post=48805"},{"taxonomy":"product_cat","embeddable":true,"href":"https:\/\/cndestetik.ch\/fr\/wp-json\/wp\/v2\/product_cat?post=48805"},{"taxonomy":"product_tag","embeddable":true,"href":"https:\/\/cndestetik.ch\/fr\/wp-json\/wp\/v2\/product_tag?post=48805"}],"curies":[{"name":"wp","href":"https:\/\/api.w.org\/{rel}","templated":true}]}}