{"id":48804,"date":"2022-06-20T16:41:59","date_gmt":"2022-06-20T14:41:59","guid":{"rendered":"https:\/\/cndestetik.ch\/prodotto\/pommade-antidouleur\/"},"modified":"2025-01-23T09:33:11","modified_gmt":"2025-01-23T08:33:11","slug":"pommade-anti-douleur","status":"publish","type":"product","link":"https:\/\/cndestetik.ch\/fr\/prodotto\/pommade-anti-douleur\/","title":{"rendered":"Pommade antidouleur"},"content":{"rendered":"<p><span data-sheets-value=\"{\"1\":2,\"2\":\"Oleoliti Spagirici di Iperico e Lavanda - Oli Essenziali di Chiodi di Garofano, Rosmarino e Canfora. L'oleolito di Iperico \u00e8 tradizionalmente usato come antinfiammatorio per muscoli e articolazioni. L'oleolito di lavanda ha ottime propriet\u00e0 rilassanti sulla muscolatura. Uniti a oli essenziali con propriet\u00e0 antinfiammatorie e riattivanti della circolazione rendono questo unguento particolarmente indicato come analgesico, per dolori reumatici, cervicali, lombari e contratture muscolari.\\n\\nL'unguento ha origini molto antiche, \u00e8 una preparazione per uso esterno in fase grassa. Gli unguenti Microcosmo contengono come base il burro di Karit\u00e8, la cera d'api e gli oli vegetali. La sostanza funzionale \u00e8 rappresentata dagli oleoliti spagirici e dagli oli essenziali. Gli oleoliti spagirici, estratti con olio di ricino secondo le tecniche della spagiria, hanno ottime propriet\u00e0 chimiche ed energetiche. Esse sono valorizzate ed amplificate dagli oli essenziali che caratterizzano anche il profumo degli unguenti.\"}\" data-sheets-userformat=\"{\"2\":15297,\"3\":{\"1\":0},\"9\":0,\"10\":2,\"11\":0,\"12\":0,\"14\":{\"1\":2,\"2\":0},\"15\":\"Calibri\",\"16\":11}\">Ol\u00e9olites spagyriques d&#8217;hyp\u00e9ricum et de lavande &#8211; Huiles essentielles de girofle, de romarin et de camphre.  <\/span><\/p>\n<p><span data-sheets-value=\"{\"1\":2,\"2\":\"Oleoliti Spagirici di Iperico e Lavanda - Oli Essenziali di Chiodi di Garofano, Rosmarino e Canfora. L'oleolito di Iperico \u00e8 tradizionalmente usato come antinfiammatorio per muscoli e articolazioni. L'oleolito di lavanda ha ottime propriet\u00e0 rilassanti sulla muscolatura. Uniti a oli essenziali con propriet\u00e0 antinfiammatorie e riattivanti della circolazione rendono questo unguento particolarmente indicato come analgesico, per dolori reumatici, cervicali, lombari e contratture muscolari.\\n\\nL'unguento ha origini molto antiche, \u00e8 una preparazione per uso esterno in fase grassa. Gli unguenti Microcosmo contengono come base il burro di Karit\u00e8, la cera d'api e gli oli vegetali. La sostanza funzionale \u00e8 rappresentata dagli oleoliti spagirici e dagli oli essenziali. Gli oleoliti spagirici, estratti con olio di ricino secondo le tecniche della spagiria, hanno ottime propriet\u00e0 chimiche ed energetiche. Esse sono valorizzate ed amplificate dagli oli essenziali che caratterizzano anche il profumo degli unguenti.\"}\" data-sheets-userformat=\"{\"2\":15297,\"3\":{\"1\":0},\"9\":0,\"10\":2,\"11\":0,\"12\":0,\"14\":{\"1\":2,\"2\":0},\"15\":\"Calibri\",\"16\":11}\">L&#8217;ol\u00e9olithe Hypericum est traditionnellement utilis\u00e9e comme anti-inflammatoire pour les muscles et les articulations. L&#8217;huile de lavande a d&#8217;excellentes propri\u00e9t\u00e9s relaxantes sur les muscles. Associ\u00e9e \u00e0 des huiles essentielles aux propri\u00e9t\u00e9s anti-inflammatoires et favorisant la circulation, cette pommade est particuli\u00e8rement adapt\u00e9e comme analg\u00e9sique pour les douleurs rhumatismales, cervicales, lombaires et les contractures musculaires.<\/span><\/p>\n<p>La pommade a des origines tr\u00e8s anciennes ; il s&#8217;agit d&#8217;une pr\u00e9paration \u00e0 usage externe en phase huileuse. Les pommades Microcosmo contiennent du beurre de karit\u00e9, de la cire d&#8217;abeille et des huiles v\u00e9g\u00e9tales comme base. La substance fonctionnelle est repr\u00e9sent\u00e9e par des ol\u00e9olites spagyriques et des huiles essentielles. Les ol\u00e9olites spagyriques, extraites de l&#8217;huile de ricin selon les techniques spagyriques, pr\u00e9sentent d&#8217;excellentes propri\u00e9t\u00e9s chimiques et \u00e9nerg\u00e9tiques. Ils sont mis en valeur et amplifi\u00e9s par les huiles essentielles qui caract\u00e9risent \u00e9galement le parfum des pommades.<\/p>\n<p>Taille : 50ml<\/p>\n","protected":false},"excerpt":{"rendered":"<p>Pommade applicable comme analg\u00e9sique, combat les douleurs musculaires.<\/p>\n","protected":false},"featured_media":49137,"template":"","meta":{"_acf_changed":false},"product_brand":[],"product_cat":[12987,1494,12982,11233],"product_tag":[7302,7305,7308,7313,8385,7173],"class_list":{"0":"post-48804","1":"product","2":"type-product","3":"status-publish","4":"has-post-thumbnail","6":"product_cat-corps","7":"product_cat-cosmetiques","8":"product_cat-microcosme","9":"product_cat-physiotherapie","10":"product_tag-analgesique","11":"product_tag-cervical-fr","12":"product_tag-douleur-musculaire","13":"product_tag-lombaire","14":"product_tag-millepertuis","15":"product_tag-pommade","17":"first","18":"instock","19":"taxable","20":"shipping-taxable","21":"purchasable","22":"product-type-simple"},"acf":[],"jetpack_sharing_enabled":true,"_links":{"self":[{"href":"https:\/\/cndestetik.ch\/fr\/wp-json\/wp\/v2\/product\/48804","targetHints":{"allow":["GET"]}}],"collection":[{"href":"https:\/\/cndestetik.ch\/fr\/wp-json\/wp\/v2\/product"}],"about":[{"href":"https:\/\/cndestetik.ch\/fr\/wp-json\/wp\/v2\/types\/product"}],"wp:featuredmedia":[{"embeddable":true,"href":"https:\/\/cndestetik.ch\/fr\/wp-json\/wp\/v2\/media\/49137"}],"wp:attachment":[{"href":"https:\/\/cndestetik.ch\/fr\/wp-json\/wp\/v2\/media?parent=48804"}],"wp:term":[{"taxonomy":"product_brand","embeddable":true,"href":"https:\/\/cndestetik.ch\/fr\/wp-json\/wp\/v2\/product_brand?post=48804"},{"taxonomy":"product_cat","embeddable":true,"href":"https:\/\/cndestetik.ch\/fr\/wp-json\/wp\/v2\/product_cat?post=48804"},{"taxonomy":"product_tag","embeddable":true,"href":"https:\/\/cndestetik.ch\/fr\/wp-json\/wp\/v2\/product_tag?post=48804"}],"curies":[{"name":"wp","href":"https:\/\/api.w.org\/{rel}","templated":true}]}}