{"id":48795,"date":"2022-06-22T10:39:06","date_gmt":"2022-06-22T08:39:06","guid":{"rendered":"https:\/\/cndestetik.ch\/prodotto\/hydro-glycerine-de-myrtille\/"},"modified":"2025-01-23T09:46:23","modified_gmt":"2025-01-23T08:46:23","slug":"hydro-glycerinate-of-mirtillo","status":"publish","type":"product","link":"https:\/\/cndestetik.ch\/fr\/prodotto\/hydro-glycerinate-of-mirtillo\/","title":{"rendered":"Hydro-glyc\u00e9rine de myrtille"},"content":{"rendered":"<p><span data-sheets-value=\"{\"1\":2,\"2\":\"Questi estratti si possono utilizzare direttamente sulla pelle del viso e del corpo o in aggiunta ad altre basi (crema, gel o oli)\\nHa propriet\u00e0 disarrossante, vasoprotettore, astringente. Il suo utilizzo \u00e8 diffuso nelle preparazioni destinate al trattamento di pelli sensibili, arrossate e fragili, nonch\u00e8 al trattamento della couperose. Il mirtillo agisce proteggendo le pareti dei capillari pi\u00f9 fragili; in questo modo migliora la microcircolazione sottocutanea alleviando i rossori.\"}\" data-sheets-userformat=\"{\"2\":15297,\"3\":{\"1\":0},\"9\":0,\"10\":2,\"11\":0,\"12\":0,\"14\":{\"1\":2,\"2\":0},\"15\":\"Calibri\",\"16\":11}\"><br \/>\nCes extraits peuvent \u00eatre utilis\u00e9s directement sur la peau du visage et du corps ou en compl\u00e9ment d&#8217;autres bases (cr\u00e8me, gels ou huiles). Il poss\u00e8de des propri\u00e9t\u00e9s d\u00e9sincrustantes, vasoprotectrices, astringentes. Son utilisation est tr\u00e8s r\u00e9pandue dans les pr\u00e9parations pour le traitement des peaux sensibles, rougies et fragiles, ainsi que pour le traitement de la rosac\u00e9e.  <\/span><\/p>\n<p><span data-sheets-value=\"{\"1\":2,\"2\":\"Questi estratti si possono utilizzare direttamente sulla pelle del viso e del corpo o in aggiunta ad altre basi (crema, gel o oli)\\nHa propriet\u00e0 disarrossante, vasoprotettore, astringente. Il suo utilizzo \u00e8 diffuso nelle preparazioni destinate al trattamento di pelli sensibili, arrossate e fragili, nonch\u00e8 al trattamento della couperose. Il mirtillo agisce proteggendo le pareti dei capillari pi\u00f9 fragili; in questo modo migliora la microcircolazione sottocutanea alleviando i rossori.\"}\" data-sheets-userformat=\"{\"2\":15297,\"3\":{\"1\":0},\"9\":0,\"10\":2,\"11\":0,\"12\":0,\"14\":{\"1\":2,\"2\":0},\"15\":\"Calibri\",\"16\":11}\">La myrtille agit en prot\u00e9geant les parois des capillaires les plus fragiles ; de cette fa\u00e7on, elle am\u00e9liore la microcirculation sous-cutan\u00e9e, att\u00e9nuant ainsi les rougeurs.<\/span><\/p>\n<p>Taille : 30ml<\/p>\n","protected":false},"excerpt":{"rendered":"<p>Hydro-glyc\u00e9rinate de myrtille, <span data-sheets-value=\"{\"1\":2,\"2\":\"Questi estratti si possono utilizzare direttamente sulla pelle del viso e del corpo o in aggiunta ad altre basi (crema, gel o oli)\\nHa propriet\u00e0 disarrossante, vasoprotettore, astringente. Il suo utilizzo \u00e8 diffuso nelle preparazioni destinate al trattamento di pelli sensibili, arrossate e fragili, nonch\u00e8 al trattamento della couperose. Il mirtillo agisce proteggendo le pareti dei capillari pi\u00f9 fragili; in questo modo migliora la microcircolazione sottocutanea alleviando i rossori.\"}\" data-sheets-userformat=\"{\"2\":15297,\"3\":{\"1\":0},\"9\":0,\"10\":2,\"11\":0,\"12\":0,\"14\":{\"1\":2,\"2\":0},\"15\":\"Calibri\",\"16\":11}\">d\u00e9-redressant, vasoprotecteur et astringent<\/span>.<\/p>\n","protected":false},"featured_media":46933,"template":"","meta":{"_acf_changed":false},"product_brand":[],"product_cat":[12987,1494,12982,12989],"product_tag":[9824,7211,3600,7242,7251,7258,441,7289],"class_list":{"0":"post-48795","1":"product","2":"type-product","3":"status-publish","4":"has-post-thumbnail","6":"product_cat-corps","7":"product_cat-cosmetiques","8":"product_cat-microcosme","9":"product_cat-visage","10":"product_tag-agent-rougissant","11":"product_tag-astringent-fr","12":"product_tag-cellulite-fr","13":"product_tag-glycerinate-fr","14":"product_tag-hydro-fr","15":"product_tag-hydroglycerinate","16":"product_tag-myrtille","17":"product_tag-soulager","19":"first","20":"instock","21":"taxable","22":"shipping-taxable","23":"purchasable","24":"product-type-simple"},"acf":[],"jetpack_sharing_enabled":true,"_links":{"self":[{"href":"https:\/\/cndestetik.ch\/fr\/wp-json\/wp\/v2\/product\/48795","targetHints":{"allow":["GET"]}}],"collection":[{"href":"https:\/\/cndestetik.ch\/fr\/wp-json\/wp\/v2\/product"}],"about":[{"href":"https:\/\/cndestetik.ch\/fr\/wp-json\/wp\/v2\/types\/product"}],"wp:featuredmedia":[{"embeddable":true,"href":"https:\/\/cndestetik.ch\/fr\/wp-json\/wp\/v2\/media\/46933"}],"wp:attachment":[{"href":"https:\/\/cndestetik.ch\/fr\/wp-json\/wp\/v2\/media?parent=48795"}],"wp:term":[{"taxonomy":"product_brand","embeddable":true,"href":"https:\/\/cndestetik.ch\/fr\/wp-json\/wp\/v2\/product_brand?post=48795"},{"taxonomy":"product_cat","embeddable":true,"href":"https:\/\/cndestetik.ch\/fr\/wp-json\/wp\/v2\/product_cat?post=48795"},{"taxonomy":"product_tag","embeddable":true,"href":"https:\/\/cndestetik.ch\/fr\/wp-json\/wp\/v2\/product_tag?post=48795"}],"curies":[{"name":"wp","href":"https:\/\/api.w.org\/{rel}","templated":true}]}}