{"id":48782,"date":"2022-06-22T10:48:47","date_gmt":"2022-06-22T08:48:47","guid":{"rendered":"https:\/\/cndestetik.ch\/prodotto\/hydro-glycerine-de-prele\/"},"modified":"2025-01-23T09:47:51","modified_gmt":"2025-01-23T08:47:51","slug":"hydro-glycerinato-di-equiseto","status":"publish","type":"product","link":"https:\/\/cndestetik.ch\/fr\/prodotto\/hydro-glycerinato-di-equiseto\/","title":{"rendered":"Hydro-glyc\u00e9rine de pr\u00eale"},"content":{"rendered":"<p><span data-sheets-value=\"{\"1\":2,\"2\":\"Questi estratti si possono utilizzare direttamente sulla pelle del viso e del corpo o in aggiunta ad altre basi (crema, gel o oli)\\nHa propriet\u00e0 rimineralizzante, per pelli rilassate, rugose, disidratate e atone. Una delle caratteristiche fondamentali dell'equiseto \u00e8 l'elevato contenuto di silice, sali di potassio, equisetonina e flavonoidi, che ne fanno una delle piante pi\u00f9 rimineralizzanti pi\u00f9 valide ed utilizzate nella fitocosmetica. Esso aiuta a fortificare i tessuti rendendo la pelle pi\u00f9 luminosa e brillante.\\n\\n\"}\" data-sheets-userformat=\"{\"2\":15297,\"3\":{\"1\":0},\"9\":0,\"10\":2,\"11\":0,\"12\":0,\"14\":{\"1\":2,\"2\":0},\"15\":\"Calibri\",\"16\":11}\"><br \/>\nCes extraits peuvent \u00eatre utilis\u00e9s directement sur la peau du visage et du corps ou en compl\u00e9ment d&#8217;autres bases (cr\u00e8me, gels ou huiles). Ils ont des propri\u00e9t\u00e9s remin\u00e9ralisantes, pour les peaux d\u00e9tendues, rid\u00e9es, d\u00e9shydrat\u00e9es et atones. <\/span><\/p>\n<p><span data-sheets-value=\"{\"1\":2,\"2\":\"Questi estratti si possono utilizzare direttamente sulla pelle del viso e del corpo o in aggiunta ad altre basi (crema, gel o oli)\\nHa propriet\u00e0 rimineralizzante, per pelli rilassate, rugose, disidratate e atone. Una delle caratteristiche fondamentali dell'equiseto \u00e8 l'elevato contenuto di silice, sali di potassio, equisetonina e flavonoidi, che ne fanno una delle piante pi\u00f9 rimineralizzanti pi\u00f9 valide ed utilizzate nella fitocosmetica. Esso aiuta a fortificare i tessuti rendendo la pelle pi\u00f9 luminosa e brillante.\\n\\n\"}\" data-sheets-userformat=\"{\"2\":15297,\"3\":{\"1\":0},\"9\":0,\"10\":2,\"11\":0,\"12\":0,\"14\":{\"1\":2,\"2\":0},\"15\":\"Calibri\",\"16\":11}\">Une caract\u00e9ristique essentielle de la pr\u00eale est sa teneur \u00e9lev\u00e9e en silice, en sels de potassium, en \u00e9quis\u00e9tonine et en flavono\u00efdes, ce qui en fait l&#8217;une des plantes remin\u00e9ralisantes les plus pr\u00e9cieuses utilis\u00e9es en phytocosm\u00e9tique. Il contribue \u00e0 fortifier les tissus, rendant la peau plus lumineuse et plus \u00e9clatante.<\/span><\/p>\n<p>&nbsp;<\/p>\n<p>Taille : 30ml<\/p>\n","protected":false},"excerpt":{"rendered":"<p><span data-sheets-value=\"{\"1\":2,\"2\":\"Questi estratti si possono utilizzare direttamente sulla pelle del viso e del corpo o in aggiunta ad altre basi (crema, gel o oli)nHa propriet\u00e0 tonificante, rivitalizzante, elasticizzante. I preparati a base di luppolo vengono utilizzati con molto successo nel trattamento di pelli atone, rugose, poco elastiche, sottili e rilassate. La sua caratteristica azione tonificante sui tessuti cutanei \u00e8 molta utilizzata anche nei trattamenti corpo rassodanti (seno, ventre, gambe)\"}\" data-sheets-userformat=\"{\"2\":15297,\"3\":{\"1\":0},\"9\":0,\"10\":2,\"11\":0,\"12\":0,\"14\":{\"1\":2,\"2\":0},\"15\":\"Calibri\",\"16\":11}\">Hydro-glyc\u00e9rine de pr\u00eale, remin\u00e9ralisante, pour les peaux d\u00e9tendues, rid\u00e9es, d\u00e9shydrat\u00e9es et atones.<\/span><\/p>\n","protected":false},"featured_media":54111,"template":"","meta":{"_acf_changed":false},"product_brand":[],"product_cat":[12987,1494,12982,9906,12989],"product_tag":[9819,7242,7251,7258,744,612],"class_list":{"0":"post-48782","1":"product","2":"type-product","3":"status-publish","4":"has-post-thumbnail","6":"product_cat-corps","7":"product_cat-cosmetiques","8":"product_cat-microcosme","9":"product_cat-oiseau-rose","10":"product_cat-visage","11":"product_tag-fortifiant","12":"product_tag-glycerinate-fr","13":"product_tag-hydro-fr","14":"product_tag-hydroglycerinate","15":"product_tag-illuminant","16":"product_tag-prele-des-champs","18":"first","19":"instock","20":"taxable","21":"shipping-taxable","22":"purchasable","23":"product-type-simple"},"acf":[],"jetpack_sharing_enabled":true,"_links":{"self":[{"href":"https:\/\/cndestetik.ch\/fr\/wp-json\/wp\/v2\/product\/48782","targetHints":{"allow":["GET"]}}],"collection":[{"href":"https:\/\/cndestetik.ch\/fr\/wp-json\/wp\/v2\/product"}],"about":[{"href":"https:\/\/cndestetik.ch\/fr\/wp-json\/wp\/v2\/types\/product"}],"wp:featuredmedia":[{"embeddable":true,"href":"https:\/\/cndestetik.ch\/fr\/wp-json\/wp\/v2\/media\/54111"}],"wp:attachment":[{"href":"https:\/\/cndestetik.ch\/fr\/wp-json\/wp\/v2\/media?parent=48782"}],"wp:term":[{"taxonomy":"product_brand","embeddable":true,"href":"https:\/\/cndestetik.ch\/fr\/wp-json\/wp\/v2\/product_brand?post=48782"},{"taxonomy":"product_cat","embeddable":true,"href":"https:\/\/cndestetik.ch\/fr\/wp-json\/wp\/v2\/product_cat?post=48782"},{"taxonomy":"product_tag","embeddable":true,"href":"https:\/\/cndestetik.ch\/fr\/wp-json\/wp\/v2\/product_tag?post=48782"}],"curies":[{"name":"wp","href":"https:\/\/api.w.org\/{rel}","templated":true}]}}