{"id":48777,"date":"2022-06-21T09:17:21","date_gmt":"2022-06-21T07:17:21","guid":{"rendered":"https:\/\/cndestetik.ch\/prodotto\/emulsion-fluide-pour-le-visage-des-hommes\/"},"modified":"2025-01-23T09:45:04","modified_gmt":"2025-01-23T08:45:04","slug":"emulsion-homme-fluide","status":"publish","type":"product","link":"https:\/\/cndestetik.ch\/fr\/prodotto\/emulsion-homme-fluide\/","title":{"rendered":"\u00c9mulsion fluide pour le visage des hommes"},"content":{"rendered":"<p>U<span data-sheets-value=\"{\"1\":2,\"2\":\"Ottima texture fluida per una crema fluida dopo barba, ad azione idratante e lenitiva grazie all'estratto di malva e ricca di mucillaggini dona alla cute distensione e morbidezza.\"}\" data-sheets-userformat=\"{\"2\":15297,\"3\":{\"1\":0},\"9\":0,\"10\":2,\"11\":0,\"12\":0,\"14\":{\"1\":2,\"2\":0},\"15\":\"Calibri\",\"16\":11}\">ne excellente texture fluide pour une cr\u00e8me apr\u00e8s-rasage, avec une action hydratante et apaisante gr\u00e2ce \u00e0 l&#8217;extrait de mauve et riche en mucilage, elle apaise et adoucit la peau.<\/span> 30ml<\/p>\n","protected":false},"excerpt":{"rendered":"<p>Cr\u00e8me apr\u00e8s-rasage hydratante et apaisante.<\/p>\n","protected":false},"featured_media":54035,"template":"","meta":{"_acf_changed":false},"product_brand":[],"product_cat":[1494,12982,12989],"product_tag":[4182,7252,7257,7261,7243,3834,593,551],"class_list":{"0":"post-48777","1":"product","2":"type-product","3":"status-publish","4":"has-post-thumbnail","6":"product_cat-cosmetiques","7":"product_cat-microcosme","8":"product_cat-visage","9":"product_tag-apaisant-fr-3","10":"product_tag-apres-fr","11":"product_tag-apres-rasage","12":"product_tag-apres-rasage-fr","13":"product_tag-barbe","14":"product_tag-creme","15":"product_tag-creme-hydratante","16":"product_tag-mauve","18":"first","19":"instock","20":"taxable","21":"shipping-taxable","22":"purchasable","23":"product-type-simple"},"acf":[],"jetpack_sharing_enabled":true,"_links":{"self":[{"href":"https:\/\/cndestetik.ch\/fr\/wp-json\/wp\/v2\/product\/48777","targetHints":{"allow":["GET"]}}],"collection":[{"href":"https:\/\/cndestetik.ch\/fr\/wp-json\/wp\/v2\/product"}],"about":[{"href":"https:\/\/cndestetik.ch\/fr\/wp-json\/wp\/v2\/types\/product"}],"wp:featuredmedia":[{"embeddable":true,"href":"https:\/\/cndestetik.ch\/fr\/wp-json\/wp\/v2\/media\/54035"}],"wp:attachment":[{"href":"https:\/\/cndestetik.ch\/fr\/wp-json\/wp\/v2\/media?parent=48777"}],"wp:term":[{"taxonomy":"product_brand","embeddable":true,"href":"https:\/\/cndestetik.ch\/fr\/wp-json\/wp\/v2\/product_brand?post=48777"},{"taxonomy":"product_cat","embeddable":true,"href":"https:\/\/cndestetik.ch\/fr\/wp-json\/wp\/v2\/product_cat?post=48777"},{"taxonomy":"product_tag","embeddable":true,"href":"https:\/\/cndestetik.ch\/fr\/wp-json\/wp\/v2\/product_tag?post=48777"}],"curies":[{"name":"wp","href":"https:\/\/api.w.org\/{rel}","templated":true}]}}