{"id":48770,"date":"2022-06-21T14:54:00","date_gmt":"2022-06-21T12:54:00","guid":{"rendered":"https:\/\/cndestetik.ch\/prodotto\/traitement-des-mycoses-en-2-phases\/"},"modified":"2025-01-23T09:35:00","modified_gmt":"2025-01-23T08:35:00","slug":"traitement-mycose-en-deux-etapes","status":"publish","type":"product","link":"https:\/\/cndestetik.ch\/fr\/prodotto\/traitement-mycose-en-deux-etapes\/","title":{"rendered":"Traitement des mycoses en 2 phases"},"content":{"rendered":"<p><span data-sheets-value=\"{\"1\":2,\"2\":\"Un prodotto composto da due soluzioni divise, Trattamento Micosi 1 e Trattamento Micosi 2, da applicare in successione. Le due soluzioni in sinergia tra loro ci garantiscono un\u2019altissima azione antimicotica.\\n\\nEsse sono state studiate selezionando le sostanze naturali tra le piu\u0300 efficaci su questo genere di problematiche cutanee, come ad esempio l\u2019Argento Colloidale, uno tra i piu\u0300 potenti antibiotici, antivirali e antimicotici naturali e alcuni specifici Oli Essenziali tra i quali anche il Tea tree.\\n\\nQuesto composto e\u0300 inoltre arricchito dai preziosi Oleoliti Spagirici Microcosmo particolarmente nutrienti ed emollienti con attivita\u0300 purificanti, antimicotice e antisettiche.\"}\" data-sheets-userformat=\"{\"2\":15297,\"3\":{\"1\":0},\"9\":0,\"10\":2,\"11\":0,\"12\":0,\"14\":{\"1\":2,\"2\":0},\"15\":\"Calibri\",\"16\":11}\">Produit compos\u00e9 de deux solutions distinctes, Mycosis Treatment 1 et Mycosis Treatment 2, \u00e0 appliquer successivement. Les deux solutions en synergie garantissent une action antifongique tr\u00e8s \u00e9lev\u00e9e.<\/span><\/p>\n<p>Ils ont \u00e9t\u00e9 \u00e9tudi\u00e9s en s\u00e9lectionnant les substances naturelles les plus efficaces sur ce type de probl\u00e8me de peau, comme l&#8217;argent collo\u00efdal, l&#8217;un des antibiotiques, antiviraux et antifongiques naturels les plus puissants, et certaines huiles essentielles sp\u00e9cifiques dont l&#8217;arbre \u00e0 th\u00e9.<\/p>\n<p>Ce compos\u00e9 est \u00e9galement enrichi des pr\u00e9cieuses ol\u00e9olites Microcosmo Spagyric qui sont particuli\u00e8rement nourrissantes et \u00e9mollientes avec des activit\u00e9s purifiantes, antifongiques et antiseptiques.<\/p>\n","protected":false},"excerpt":{"rendered":"<p>Quelques produits qui combattent les mycoses.<\/p>\n","protected":false},"featured_media":46953,"template":"","meta":{"_acf_changed":false},"product_brand":[],"product_cat":[12987,1494,12982],"product_tag":[7239,7267,7265,4877,7248,7255,1028],"class_list":{"0":"post-48770","1":"product","2":"type-product","3":"status-publish","4":"has-post-thumbnail","6":"product_cat-corps","7":"product_cat-cosmetiques","8":"product_cat-microcosme","9":"product_tag-antimycose","10":"product_tag-arbre","11":"product_tag-arbre-a-the","12":"product_tag-mycose","13":"product_tag-phases","14":"product_tag-the","15":"product_tag-traitement","17":"first","18":"instock","19":"taxable","20":"shipping-taxable","21":"purchasable","22":"product-type-simple"},"acf":[],"jetpack_sharing_enabled":true,"_links":{"self":[{"href":"https:\/\/cndestetik.ch\/fr\/wp-json\/wp\/v2\/product\/48770","targetHints":{"allow":["GET"]}}],"collection":[{"href":"https:\/\/cndestetik.ch\/fr\/wp-json\/wp\/v2\/product"}],"about":[{"href":"https:\/\/cndestetik.ch\/fr\/wp-json\/wp\/v2\/types\/product"}],"wp:featuredmedia":[{"embeddable":true,"href":"https:\/\/cndestetik.ch\/fr\/wp-json\/wp\/v2\/media\/46953"}],"wp:attachment":[{"href":"https:\/\/cndestetik.ch\/fr\/wp-json\/wp\/v2\/media?parent=48770"}],"wp:term":[{"taxonomy":"product_brand","embeddable":true,"href":"https:\/\/cndestetik.ch\/fr\/wp-json\/wp\/v2\/product_brand?post=48770"},{"taxonomy":"product_cat","embeddable":true,"href":"https:\/\/cndestetik.ch\/fr\/wp-json\/wp\/v2\/product_cat?post=48770"},{"taxonomy":"product_tag","embeddable":true,"href":"https:\/\/cndestetik.ch\/fr\/wp-json\/wp\/v2\/product_tag?post=48770"}],"curies":[{"name":"wp","href":"https:\/\/api.w.org\/{rel}","templated":true}]}}