{"id":48736,"date":"2022-06-15T16:42:51","date_gmt":"2022-06-15T14:42:51","guid":{"rendered":"https:\/\/cndestetik.ch\/prodotto\/masque-purifiant-a-largile-verte\/"},"modified":"2025-02-07T08:25:10","modified_gmt":"2025-02-07T07:25:10","slug":"masque-purifiant-gris-vert","status":"publish","type":"product","link":"https:\/\/cndestetik.ch\/fr\/prodotto\/masque-purifiant-gris-vert\/","title":{"rendered":"Masque purifiant \u00e0 l&#8217;argile verte"},"content":{"rendered":"<p><span data-sheets-value=\"{\"1\":2,\"2\":\"Contiene Argilla Verde e Lavanda. Una maschera\/fango che grazie all'azione sinergica di Argilla, Lavanda e oli specifici ha un effetto purificante e astringente per pelli impure, acneiche e grasse. Detossina, sfiamma e pulisce in profondit\u00e0 il derma.\\n\\nModalita d'uso:\\nDopo un'attenta detersione con latte detergente, gommage e\/o peeling stendere la maschera e lasciare in posa almeno 15 min. prima di sciacquare. Le maschere pi\u00f9 cremose possono essere applicate (quantit\u00e0 adeguata) anche la sera e lasciate in posa tutta la notte per essere sciacquate la mattina.\"}\" data-sheets-userformat=\"{\"2\":15297,\"3\":{\"1\":0},\"9\":0,\"10\":2,\"11\":0,\"12\":0,\"14\":{\"1\":2,\"2\":0},\"15\":\"Calibri\",\"16\":11}\">Contient de l&#8217;argile verte et de la lavande. Un masque\/boue qui, gr\u00e2ce \u00e0 l&#8217;action synergique de l&#8217;argile, de la lavande et d&#8217;huiles sp\u00e9cifiques, a un effet purifiant et astringent sur les peaux impures, acn\u00e9iques et grasses. Il d\u00e9toxifie, r\u00e9cure et nettoie le derme en profondeur.<\/span><\/p>\n<p>Mode d&#8217;emploi : Apr\u00e8s un nettoyage soigneux avec un lait d\u00e9maquillant, un gommage et\/ou un peeling, appliquez le masque et laissez-le agir pendant au moins 15 minutes avant de le rincer. Les masques plus cr\u00e9meux peuvent \u00e9galement \u00eatre appliqu\u00e9s (en quantit\u00e9 appropri\u00e9e) le soir et laiss\u00e9s en place toute la nuit pour \u00eatre rinc\u00e9s le matin.<\/p>\n<p>Taille : 100ml<\/p>\n","protected":false},"excerpt":{"rendered":"<p>Masque astringent pour les peaux impures<\/p>\n","protected":false},"featured_media":49033,"template":"","meta":{"_acf_changed":false},"product_brand":[],"product_cat":[1494,12982,12989],"product_tag":[4576,7209,7211,4726,4753,4755,765],"class_list":{"0":"post-48736","1":"product","2":"type-product","3":"status-publish","4":"has-post-thumbnail","6":"product_cat-cosmetiques","7":"product_cat-microcosme","8":"product_cat-visage","9":"product_tag-argile-fr","10":"product_tag-argile-verte","11":"product_tag-astringent-fr","12":"product_tag-masque-fr","13":"product_tag-purifiant","14":"product_tag-vert","15":"product_tag-visage","17":"first","18":"instock","19":"taxable","20":"shipping-taxable","21":"purchasable","22":"product-type-simple"},"acf":[],"jetpack_sharing_enabled":true,"_links":{"self":[{"href":"https:\/\/cndestetik.ch\/fr\/wp-json\/wp\/v2\/product\/48736","targetHints":{"allow":["GET"]}}],"collection":[{"href":"https:\/\/cndestetik.ch\/fr\/wp-json\/wp\/v2\/product"}],"about":[{"href":"https:\/\/cndestetik.ch\/fr\/wp-json\/wp\/v2\/types\/product"}],"wp:featuredmedia":[{"embeddable":true,"href":"https:\/\/cndestetik.ch\/fr\/wp-json\/wp\/v2\/media\/49033"}],"wp:attachment":[{"href":"https:\/\/cndestetik.ch\/fr\/wp-json\/wp\/v2\/media?parent=48736"}],"wp:term":[{"taxonomy":"product_brand","embeddable":true,"href":"https:\/\/cndestetik.ch\/fr\/wp-json\/wp\/v2\/product_brand?post=48736"},{"taxonomy":"product_cat","embeddable":true,"href":"https:\/\/cndestetik.ch\/fr\/wp-json\/wp\/v2\/product_cat?post=48736"},{"taxonomy":"product_tag","embeddable":true,"href":"https:\/\/cndestetik.ch\/fr\/wp-json\/wp\/v2\/product_tag?post=48736"}],"curies":[{"name":"wp","href":"https:\/\/api.w.org\/{rel}","templated":true}]}}